{"id":3917,"date":"2011-02-25T09:37:54","date_gmt":"2011-02-25T08:37:54","guid":{"rendered":"https:\/\/arrandeterra.es\/equip\/"},"modified":"2024-11-21T10:43:51","modified_gmt":"2024-11-21T09:43:51","slug":"team","status":"publish","type":"page","link":"https:\/\/arrandeterra.es\/en\/team\/","title":{"rendered":"Team"},"content":{"rendered":"<p>[et_pb_section fb_built=&#8221;1&#8243; admin_label=&#8221;About&#8221; _builder_version=&#8221;4.22.0&#8243; _module_preset=&#8221;default&#8221; locked=&#8221;off&#8221; collapsed=&#8221;on&#8221; global_colors_info=&#8221;{}&#8221;][et_pb_row _builder_version=&#8221;4.22.0&#8243; _module_preset=&#8221;default&#8221; global_colors_info=&#8221;{}&#8221;][et_pb_column type=&#8221;4_4&#8243; _builder_version=&#8221;4.22.0&#8243; _module_preset=&#8221;default&#8221; global_colors_info=&#8221;{}&#8221;][et_pb_text _builder_version=&#8221;4.24.0&#8243; _module_preset=&#8221;24907510-9e8b-4c08-8eb5-7f3e63204c98&#8243; header_font=&#8221;||||||||&#8221; custom_margin=&#8221;||10px||false|false&#8221; global_colors_info=&#8221;{}&#8221;]<\/p>\n<h1>About<\/h1>\n<p>[\/et_pb_text][\/et_pb_column][\/et_pb_row][et_pb_row column_structure=&#8221;3_5,2_5&#8243; _builder_version=&#8221;4.22.0&#8243; _module_preset=&#8221;default&#8221; global_colors_info=&#8221;{}&#8221;][et_pb_column type=&#8221;3_5&#8243; _builder_version=&#8221;4.22.0&#8243; _module_preset=&#8221;default&#8221; global_colors_info=&#8221;{}&#8221;][et_pb_image src=&#8221;https:\/\/arrandeterra.es\/wp-content\/uploads\/Maria-de-las-heras-1.jpg&#8221; title_text=&#8221;Maria de las heras (1)&#8221; show_bottom_space=&#8221;off&#8221; _builder_version=&#8221;4.24.0&#8243; _module_preset=&#8221;default&#8221; width=&#8221;80%&#8221; height=&#8221;578px&#8221; global_colors_info=&#8221;{}&#8221;][\/et_pb_image][et_pb_image src=&#8221;https:\/\/arrandeterra.es\/wp-content\/uploads\/5862061527_397a2ea921.jpg&#8221; title_text=&#8221;5862061527_397a2ea921&#8243; _builder_version=&#8221;4.24.0&#8243; _module_preset=&#8221;default&#8221; positioning=&#8221;absolute&#8221; position_origin_a=&#8221;bottom_right&#8221; width=&#8221;40%&#8221; global_colors_info=&#8221;{}&#8221;][\/et_pb_image][\/et_pb_column][et_pb_column type=&#8221;2_5&#8243; _builder_version=&#8221;4.22.0&#8243; _module_preset=&#8221;default&#8221; global_colors_info=&#8221;{}&#8221;][et_pb_text _builder_version=&#8221;4.24.0&#8243; _module_preset=&#8221;6f7aa0f6-8ae8-4019-8dad-add6d91bbb2a&#8221; custom_margin=&#8221;||10px||false|false&#8221; global_colors_info=&#8221;{}&#8221;]<\/p>\n<h2>Maria de las Heras<\/h2>\n<p>[\/et_pb_text][et_pb_text _builder_version=&#8221;4.27.3&#8243; _module_preset=&#8221;c637dbd0-7fa7-4e89-95a6-e59122f73ca5&#8243; global_colors_info=&#8221;{}&#8221;]<\/p>\n<p>I am a nurse, equine therapist and coach specializing in coaching with horses and interventions with animals. I have worked as a nurse and coach in France, and I am the founder of Arrandeterra.<\/p>\n<p>As a trainer in the field of health, personal growth and animal-assisted interventions, I have dedicated my career to improving emotional and physical well-being through connection with animals.<br \/>As a trainer in the field of health, personal growth and animal-assisted interventions, I have dedicated my career to improving emotional and physical well-being through connection with animals.<\/p>\n<p>[\/et_pb_text][\/et_pb_column][\/et_pb_row][\/et_pb_section][et_pb_section fb_built=&#8221;1&#8243; _builder_version=&#8221;4.24.0&#8243; _module_preset=&#8221;default&#8221; custom_padding=&#8221;||1px|||&#8221; global_colors_info=&#8221;{}&#8221;][et_pb_row _builder_version=&#8221;4.24.0&#8243; _module_preset=&#8221;default&#8221; custom_padding=&#8221;||80px|||&#8221; global_colors_info=&#8221;{}&#8221;][et_pb_column type=&#8221;4_4&#8243; _builder_version=&#8221;4.24.0&#8243; _module_preset=&#8221;default&#8221; global_colors_info=&#8221;{}&#8221;][et_pb_cta title=&#8221;Arrandeterra&#8221; button_url=&#8221;@ET-DC@eyJkeW5hbWljIjp0cnVlLCJjb250ZW50IjoicG9zdF9saW5rX3VybF9wYWdlIiwic2V0dGluZ3MiOnsicG9zdF9pZCI6IjM5ODUifX0=@&#8221; button_text=&#8221;Contact us&#8221; _builder_version=&#8221;4.27.3&#8243; _module_preset=&#8221;default&#8221; header_font_size=&#8221;30px&#8221; header_line_height=&#8221;1.5em&#8221; body_font_size=&#8221;16px&#8221; background_color=&#8221;#000000&#8243; background_image=&#8221;https:\/\/arrandeterra.es\/wp-content\/uploads\/baner-web.jpg&#8221; min_height=&#8221;245.8px&#8221; custom_margin=&#8221;-9px|||||&#8221; custom_padding=&#8221;89px||89px|||&#8221; hover_enabled=&#8221;0&#8243; global_colors_info=&#8221;{}&#8221; _dynamic_attributes=&#8221;button_url&#8221; sticky_enabled=&#8221;0&#8243;]<\/p>\n<p class=\"p1\">Training center and development of recreational and educational activities for companies and schools-institutes.<\/p>\n<p>[\/et_pb_cta][\/et_pb_column][\/et_pb_row][\/et_pb_section]<\/p>\n","protected":false},"excerpt":{"rendered":"<p>AboutMaria de las HerasI am a nurse, equine therapist and coach specializing in coaching with horses and interventions with animals. I have worked as a nurse and coach in France, and I am the founder of Arrandeterra. As a trainer in the field of health, personal growth and animal-assisted interventions, I have dedicated my career [&hellip;]<\/p>\n","protected":false},"author":2,"featured_media":0,"parent":0,"menu_order":0,"comment_status":"closed","ping_status":"closed","template":"","meta":{"_et_pb_use_builder":"on","_et_pb_old_content":"<table border=\"0\" width=\"940\" cellspacing=\"0\" cellpadding=\"0\"><tbody><tr><td valign=\"top\" width=\"600\"><h4>\u00a0<\/h4><h4>\u00a0\u00a0<strong>Maria de las Heras<\/strong><\/h4><p>[gallery columns=\"1\" ids=\"1230\"]<\/p><h4>-En convivencia con los caballos desde los 6 a\u00f1os de edad.<\/h4><p>-1998: Se crea la ganader\u00eda de caballos de P.R.E. \u201cDe las Heras de Ribot\u201d y form\u00f3 parte de la gesti\u00f3n y mantenimiento de \u00e9sta.<br \/>-2003: Diplomada en Enfermer\u00eda por la Universidad de Barcelona.<br \/>-2003-2004: Enfermera de Medicina Interna, Cirug\u00eda y Traumatolog\u00eda en el Hospital Dr. Josep Trueta de Girona.<br \/>-2004: Enfermera en la Unidad de Ictus y Enfermedades infecciosas del Hospital Dr. Josep Trueta de Girona.<br \/>-2006: Inicia la carrera Universitaria de Veterinaria en Valencia; posteriormente sigue en la Universidad Aut\u00f3noma de Barcelona.<br \/>-2009: Enfermera del Centro de Asistencia Primaria de Santa Coloma de Farners hasta hoy.<br \/>-Posgrado en Hipoterapia y Equitaci\u00f3n Terap\u00e9utica por la Universidad de Girona.<br \/>-Coach Personal certificada por la Escuela Tisoc. (The International School of Coaching).<\/p><h4>\u00a0<\/h4><p>-Horse assisted Coaching certificada por la Escuela Tisoc. (The International School of Coaching) y por el centro \u201cEquilibri\u201d que dio su metodolog\u00eda.<br \/>-M\u00e1ster en Intervenciones Asistidas con Animales de la Universidad de Barcelona.<\/p><h4>\u00a0<\/h4><p>-Certificada por EAGALA en Psicoterapia asistida con caballos.<\/p><h4>\u00a0<\/h4><p>-2010:\u00a0Inicio Arrandeterra.<\/p><h4>\u00a0<\/h4><p><em><strong>Equipo colaborador:<\/strong><\/em><\/p><h4>\u00a0<\/h4><p>\u00a0<\/p><h4>\u00a0<\/h4><h4><strong>EVA GARC\u00c9S SOLER<\/strong><\/h4><p>[gallery columns=\"1\" ids=\"99\"]<\/p><h4>-1990: Inicia su carrera profesional en recursos humanos en PRICE WATERHOUSE.<\/h4><p>-1993: Licenciada en Psicolog\u00eda de las Organizaciones por la Universidad de Barcelona.<br \/>-1994: Se incorpora como Researcher en BERNDSTON PAUL RAY.<br \/>-1995: Responsable del \u00e1rea de Selecci\u00f3n y Desarrollo de DANONE, SA .<br \/>-2000: Directora Regional de RRHH en la multinacional francesa LEROY MERLIN.<br \/>-2001: MBA por ESADE.<br \/>-Fundadora de Mendip Talento Development, dedicada a ayudar a las organizaciones a desarrollar el talento de sus equipos.<br \/>-2007- 2010: MC CONSULTOR\u00cdA, Grupo MC Asociados. Business Unit Manager.<br \/>-Profesora en la Escuela Universitaria de Turismo CETT, en IQS y ESADE y Coach en el Programa LEAD para Executive Masters de ESADE.<br \/>-Executive Coach, certificada por la ICF (International Coach Federation), nivel ACC.<br \/>-Horse Assisted Coaching certificada por Tisoc (The International School of Coaching).<\/p><h4>\u00a0<\/h4><h4><strong>JOSEP FOLGUERA YLLA<\/strong><\/h4><p>[gallery columns=\"1\" ids=\"411\"]<\/p><h4>-2003-2004: Cuidador de la residencia St.Tomas (Calldetenes-Vic). Centro de disminuidos f\u00edsicos y ps\u00edquicos de Osona.<\/h4><p>-2004: Diplomado en Fisioterapia por la Universidad de Vic.-2005: Fisioterapeuta en el centro Tarso de Palafrugell.<br \/>-2005-2008: Fisioterapeuta del Hospital-asilo de pobres y enfermos de Torroella de Montgr\u00ed.<br \/>-Posgrado en Hipoterapia y Equitaci\u00f3n Terap\u00e9utica por la Universidad de Girona.<\/p><h4>\u00a0<\/h4><p><strong>\u00a0 \u00a0NEUS SOUSA BASTIDA<\/strong><\/p><p>[gallery columns=\"1\" ids=\"1275\"]<\/p><p>-2008: Maestra de Educaci\u00f3n Especial por la Universidad de Barcelona.<\/p><p>-2008: Terapeuta en T\u00e9cnica Metam\u00f3rfica por la Asociaci\u00f3n Metam\u00f3rfica Espa\u00f1ola.<br \/>-2009: Postgrado en Hipoterapia y Equitaci\u00f3n Terap\u00e9utica por la Universidad de Girona.<br \/>-Coach Personal certificada por Tisoc (The International School of Coaching).<br \/>-Horse Assisted Coaching certificada por Tisoc (The International School of Coaching).<br \/>-2010: Fundadora de\u00a0<a title=\"Projecte Dhara\" href=\"http:\/\/www.equidhara.wordpress.com\/\" target=\"_blank\" rel=\"noopener noreferrer\">Dhara<\/a>.<\/p><h4><span style=\"color: #000000;\"><strong>\u00a0<\/strong><\/span><\/h4><\/td><td valign=\"top\" width=\"340\">\u00a0<\/td><\/tr><\/tbody><\/table>","_et_gb_content_width":"","footnotes":""},"class_list":["post-3917","page","type-page","status-publish","hentry"],"yoast_head":"<!-- This site is optimized with the Yoast SEO plugin v27.2 - https:\/\/yoast.com\/product\/yoast-seo-wordpress\/ -->\n<title>Team - Arrandeterra,coaching amb cavalls Girona.<\/title>\n<meta name=\"robots\" content=\"index, follow, max-snippet:-1, max-image-preview:large, max-video-preview:-1\" \/>\n<link rel=\"canonical\" href=\"https:\/\/arrandeterra.es\/en\/team\/\" \/>\n<meta property=\"og:locale\" content=\"en_US\" \/>\n<meta property=\"og:type\" content=\"article\" \/>\n<meta property=\"og:title\" content=\"Team - Arrandeterra,coaching amb cavalls Girona.\" \/>\n<meta property=\"og:description\" content=\"AboutMaria de las HerasI am a nurse, equine therapist and coach specializing in coaching with horses and interventions with animals. I have worked as a nurse and coach in France, and I am the founder of Arrandeterra. As a trainer in the field of health, personal growth and animal-assisted interventions, I have dedicated my career [&hellip;]\" \/>\n<meta property=\"og:url\" content=\"https:\/\/arrandeterra.es\/en\/team\/\" \/>\n<meta property=\"og:site_name\" content=\"Arrandeterra,coaching amb cavalls Girona.\" \/>\n<meta property=\"article:modified_time\" content=\"2024-11-21T09:43:51+00:00\" \/>\n<meta name=\"twitter:label1\" content=\"Est. reading time\" \/>\n\t<meta name=\"twitter:data1\" content=\"2 minutes\" \/>\n<script type=\"application\/ld+json\" class=\"yoast-schema-graph\">{\"@context\":\"https:\/\/schema.org\",\"@graph\":[{\"@type\":\"WebPage\",\"@id\":\"https:\/\/arrandeterra.es\/en\/team\/\",\"url\":\"https:\/\/arrandeterra.es\/en\/team\/\",\"name\":\"Team - Arrandeterra,coaching amb cavalls Girona.\",\"isPartOf\":{\"@id\":\"https:\/\/arrandeterra.es\/en\/#website\"},\"datePublished\":\"2011-02-25T08:37:54+00:00\",\"dateModified\":\"2024-11-21T09:43:51+00:00\",\"breadcrumb\":{\"@id\":\"https:\/\/arrandeterra.es\/en\/team\/#breadcrumb\"},\"inLanguage\":\"en-US\",\"potentialAction\":[{\"@type\":\"ReadAction\",\"target\":[\"https:\/\/arrandeterra.es\/en\/team\/\"]}]},{\"@type\":\"BreadcrumbList\",\"@id\":\"https:\/\/arrandeterra.es\/en\/team\/#breadcrumb\",\"itemListElement\":[{\"@type\":\"ListItem\",\"position\":1,\"name\":\"Inici\",\"item\":\"https:\/\/arrandeterra.es\/en\/\"},{\"@type\":\"ListItem\",\"position\":2,\"name\":\"Team\"}]},{\"@type\":\"WebSite\",\"@id\":\"https:\/\/arrandeterra.es\/en\/#website\",\"url\":\"https:\/\/arrandeterra.es\/en\/\",\"name\":\"Arrandeterra,coaching amb cavalls Girona.\",\"description\":\"Coaching amb cavalls a Girona. Formaci\u00f3 i equinoter\u00e0pia amb cavalls.\",\"potentialAction\":[{\"@type\":\"SearchAction\",\"target\":{\"@type\":\"EntryPoint\",\"urlTemplate\":\"https:\/\/arrandeterra.es\/en\/?s={search_term_string}\"},\"query-input\":{\"@type\":\"PropertyValueSpecification\",\"valueRequired\":true,\"valueName\":\"search_term_string\"}}],\"inLanguage\":\"en-US\"}]}<\/script>\n<!-- \/ Yoast SEO plugin. -->","yoast_head_json":{"title":"Team - Arrandeterra,coaching amb cavalls Girona.","robots":{"index":"index","follow":"follow","max-snippet":"max-snippet:-1","max-image-preview":"max-image-preview:large","max-video-preview":"max-video-preview:-1"},"canonical":"https:\/\/arrandeterra.es\/en\/team\/","og_locale":"en_US","og_type":"article","og_title":"Team - Arrandeterra,coaching amb cavalls Girona.","og_description":"AboutMaria de las HerasI am a nurse, equine therapist and coach specializing in coaching with horses and interventions with animals. I have worked as a nurse and coach in France, and I am the founder of Arrandeterra. As a trainer in the field of health, personal growth and animal-assisted interventions, I have dedicated my career [&hellip;]","og_url":"https:\/\/arrandeterra.es\/en\/team\/","og_site_name":"Arrandeterra,coaching amb cavalls Girona.","article_modified_time":"2024-11-21T09:43:51+00:00","twitter_misc":{"Est. reading time":"2 minutes"},"schema":{"@context":"https:\/\/schema.org","@graph":[{"@type":"WebPage","@id":"https:\/\/arrandeterra.es\/en\/team\/","url":"https:\/\/arrandeterra.es\/en\/team\/","name":"Team - Arrandeterra,coaching amb cavalls Girona.","isPartOf":{"@id":"https:\/\/arrandeterra.es\/en\/#website"},"datePublished":"2011-02-25T08:37:54+00:00","dateModified":"2024-11-21T09:43:51+00:00","breadcrumb":{"@id":"https:\/\/arrandeterra.es\/en\/team\/#breadcrumb"},"inLanguage":"en-US","potentialAction":[{"@type":"ReadAction","target":["https:\/\/arrandeterra.es\/en\/team\/"]}]},{"@type":"BreadcrumbList","@id":"https:\/\/arrandeterra.es\/en\/team\/#breadcrumb","itemListElement":[{"@type":"ListItem","position":1,"name":"Inici","item":"https:\/\/arrandeterra.es\/en\/"},{"@type":"ListItem","position":2,"name":"Team"}]},{"@type":"WebSite","@id":"https:\/\/arrandeterra.es\/en\/#website","url":"https:\/\/arrandeterra.es\/en\/","name":"Arrandeterra,coaching amb cavalls Girona.","description":"Coaching amb cavalls a Girona. Formaci\u00f3 i equinoter\u00e0pia amb cavalls.","potentialAction":[{"@type":"SearchAction","target":{"@type":"EntryPoint","urlTemplate":"https:\/\/arrandeterra.es\/en\/?s={search_term_string}"},"query-input":{"@type":"PropertyValueSpecification","valueRequired":true,"valueName":"search_term_string"}}],"inLanguage":"en-US"}]}},"_links":{"self":[{"href":"https:\/\/arrandeterra.es\/en\/wp-json\/wp\/v2\/pages\/3917","targetHints":{"allow":["GET"]}}],"collection":[{"href":"https:\/\/arrandeterra.es\/en\/wp-json\/wp\/v2\/pages"}],"about":[{"href":"https:\/\/arrandeterra.es\/en\/wp-json\/wp\/v2\/types\/page"}],"author":[{"embeddable":true,"href":"https:\/\/arrandeterra.es\/en\/wp-json\/wp\/v2\/users\/2"}],"replies":[{"embeddable":true,"href":"https:\/\/arrandeterra.es\/en\/wp-json\/wp\/v2\/comments?post=3917"}],"version-history":[{"count":5,"href":"https:\/\/arrandeterra.es\/en\/wp-json\/wp\/v2\/pages\/3917\/revisions"}],"predecessor-version":[{"id":4040,"href":"https:\/\/arrandeterra.es\/en\/wp-json\/wp\/v2\/pages\/3917\/revisions\/4040"}],"wp:attachment":[{"href":"https:\/\/arrandeterra.es\/en\/wp-json\/wp\/v2\/media?parent=3917"}],"curies":[{"name":"wp","href":"https:\/\/api.w.org\/{rel}","templated":true}]}}