{"id":3932,"date":"2024-05-06T07:06:52","date_gmt":"2024-05-06T06:06:52","guid":{"rendered":"https:\/\/arrandeterra.es\/coaching-amb-cavalls-per-empreses\/"},"modified":"2024-11-21T11:02:27","modified_gmt":"2024-11-21T10:02:27","slug":"coaching-con-caballos-por-empresas","status":"publish","type":"page","link":"https:\/\/arrandeterra.es\/es\/coaching-con-caballos-por-empresas\/","title":{"rendered":"Coaching con Caballos por Empresas"},"content":{"rendered":"<p>[et_pb_section fb_built=\u00bb1&#8243; admin_label=\u00bbAbout\u00bb _builder_version=\u00bb4.22.0&#8243; _module_preset=\u00bbdefault\u00bb custom_padding=\u00bb||4px|0px||\u00bb locked=\u00bboff\u00bb collapsed=\u00bbon\u00bb global_colors_info=\u00bb{}\u00bb][et_pb_row _builder_version=\u00bb4.22.0&#8243; _module_preset=\u00bbdefault\u00bb global_colors_info=\u00bb{}\u00bb][et_pb_column type=\u00bb4_4&#8243; _builder_version=\u00bb4.22.0&#8243; _module_preset=\u00bbdefault\u00bb global_colors_info=\u00bb{}\u00bb][et_pb_text _builder_version=\u00bb4.24.0&#8243; _module_preset=\u00bb24907510-9e8b-4c08-8eb5-7f3e63204c98&#8243; header_font=\u00bb||||||||\u00bb custom_margin=\u00bb||10px||false|false\u00bb global_colors_info=\u00bb{}\u00bb]<\/p>\n<h1>Coaching con animales para empresas<\/h1>\n<p>[\/et_pb_text][\/et_pb_column][\/et_pb_row][et_pb_row column_structure=\u00bb3_5,2_5&#8243; _builder_version=\u00bb4.22.0&#8243; _module_preset=\u00bbdefault\u00bb global_colors_info=\u00bb{}\u00bb][et_pb_column type=\u00bb3_5&#8243; _builder_version=\u00bb4.22.0&#8243; _module_preset=\u00bbdefault\u00bb global_colors_info=\u00bb{}\u00bb][et_pb_image src=\u00bbhttps:\/\/arrandeterra.es\/wp-content\/uploads\/coaching-cavalls-empreses.jpg\u00bb title_text=\u00bbcoaching-cavalls-empreses\u00bb show_bottom_space=\u00bboff\u00bb _builder_version=\u00bb4.24.0&#8243; _module_preset=\u00bbdefault\u00bb width=\u00bb80%\u00bb global_colors_info=\u00bb{}\u00bb][\/et_pb_image][et_pb_image src=\u00bbhttps:\/\/arrandeterra.es\/wp-content\/uploads\/WhatsApp-Image-2024-04-25-at-14.06.39.jpeg\u00bb title_text=\u00bbWhatsApp Image 2024-04-25 at 14.06.39&#8243; _builder_version=\u00bb4.24.0&#8243; _module_preset=\u00bbdefault\u00bb positioning=\u00bbabsolute\u00bb position_origin_a=\u00bbbottom_right\u00bb width=\u00bb40%\u00bb global_colors_info=\u00bb{}\u00bb][\/et_pb_image][\/et_pb_column][et_pb_column type=\u00bb2_5&#8243; _builder_version=\u00bb4.22.0&#8243; _module_preset=\u00bbdefault\u00bb global_colors_info=\u00bb{}\u00bb][et_pb_text _builder_version=\u00bb4.24.0&#8243; _module_preset=\u00bb6f7aa0f6-8ae8-4019-8dad-add6d91bbb2a\u00bb custom_margin=\u00bb||10px||false|false\u00bb global_colors_info=\u00bb{}\u00bb]<\/p>\n<h2>Servicios por empresas<\/h2>\n<p>[\/et_pb_text][et_pb_text _builder_version=\u00bb4.27.3&#8243; _module_preset=\u00bbc637dbd0-7fa7-4e89-95a6-e59122f73ca5&#8243; global_colors_info=\u00bb{}\u00bb]<\/p>\n<p class=\"p1\">El coaching por empresas asistido con animales es una metodolog\u00eda innovadora que combina los principios del coaching empresarial con la presencia y la interacci\u00f3n con animales como facilitadores. A trav\u00e9s de actividades dirigidas, los participantes tienen la oportunidad de trabajar en el desarrollo de habilidades como la comunicaci\u00f3n efectiva, la gesti\u00f3n del estr\u00e9s, el liderazgo y el trabajo en equipo.<\/p>\n<p class=\"p1\">Los animales act\u00faan como espejos emocionales, proporcionando feedback inmediato y aut\u00e9ntico sobre el comportamiento y din\u00e1micas de los participantes. Esta experiencia \u00fanica ayuda a las empresas a mejorar su cultura organizativa, potenciar las relaciones de equipo y aumentar el rendimiento y satisfacci\u00f3n laboral de los empleados.<\/p>\n<p>[\/et_pb_text][\/et_pb_column][\/et_pb_row][\/et_pb_section][et_pb_section fb_built=\u00bb1&#8243; _builder_version=\u00bb4.24.0&#8243; _module_preset=\u00bbdefault\u00bb custom_padding=\u00bb||1px|||\u00bb global_colors_info=\u00bb{}\u00bb][et_pb_row _builder_version=\u00bb4.24.0&#8243; _module_preset=\u00bbdefault\u00bb custom_margin=\u00bb-45px|auto||auto||\u00bb custom_padding=\u00bb||3px|||\u00bb global_colors_info=\u00bb{}\u00bb][et_pb_column type=\u00bb4_4&#8243; _builder_version=\u00bb4.24.0&#8243; _module_preset=\u00bbdefault\u00bb global_colors_info=\u00bb{}\u00bb][et_pb_cta title=\u00bbArrandeterra\u00bb button_url=\u00bb@ET-DC@eyJkeW5hbWljIjp0cnVlLCJjb250ZW50IjoicG9zdF9saW5rX3VybF9wYWdlIiwic2V0dGluZ3MiOnsicG9zdF9pZCI6IjM5ODcifX0=@\u00bb button_text=\u00bbSolicita tu presupuesto personalizado\u00bb _builder_version=\u00bb4.27.3&#8243; _module_preset=\u00bbdefault\u00bb header_font_size=\u00bb30px\u00bb header_line_height=\u00bb1.5em\u00bb body_font_size=\u00bb16px\u00bb background_color=\u00bb#000000&#8243; background_image=\u00bbhttps:\/\/arrandeterra.es\/wp-content\/uploads\/baner-web-2.jpg\u00bb min_height=\u00bb245.8px\u00bb custom_margin=\u00bb-9px|||||\u00bb custom_padding=\u00bb89px||89px|||\u00bb hover_enabled=\u00bb0&#8243; global_colors_info=\u00bb{}\u00bb _dynamic_attributes=\u00bbbutton_url\u00bb sticky_enabled=\u00bb0&#8243;]<\/p>\n<p class=\"p1\">Centro de formaci\u00f3n y desarrollo de actividades l\u00fadico educativas para empresas y escuelas-institutos.<\/p>\n<p>[\/et_pb_cta][\/et_pb_column][\/et_pb_row][\/et_pb_section][et_pb_section fb_built=\u00bb1&#8243; _builder_version=\u00bb4.24.0&#8243; _module_preset=\u00bbdefault\u00bb global_colors_info=\u00bb{}\u00bb][et_pb_row _builder_version=\u00bb4.24.0&#8243; _module_preset=\u00bbdefault\u00bb global_colors_info=\u00bb{}\u00bb][et_pb_column type=\u00bb4_4&#8243; _builder_version=\u00bb4.24.0&#8243; _module_preset=\u00bbdefault\u00bb global_colors_info=\u00bb{}\u00bb][et_pb_text _builder_version=\u00bb4.24.0&#8243; _module_preset=\u00bb6f7aa0f6-8ae8-4019-8dad-add6d91bbb2a\u00bb custom_margin=\u00bb||10px||false|false\u00bb global_colors_info=\u00bb{}\u00bb]<\/p>\n<h2>Team Building<\/h2>\n<h3>Coaching con caballos<\/h3>\n<p>[\/et_pb_text][et_pb_text _builder_version=\u00bb4.27.3&#8243; _module_preset=\u00bbdefault\u00bb text_font_size=\u00bb16px\u00bb global_colors_info=\u00bb{}\u00bb]<\/p>\n<p>Una de nuestras especialidades es realizar actividades de team building para empresas:<\/p>\n<p>El objetivo de estas actividades es ofrecer a los asistentes un espacio agradable, al aire libre y en contacto con la naturaleza. una experiencia libre, divertida y en contacto con la naturaleza.<\/p>\n<p>[\/et_pb_text][et_pb_text _builder_version=\u00bb4.27.3&#8243; _module_preset=\u00bb6f7aa0f6-8ae8-4019-8dad-add6d91bbb2a\u00bb custom_margin=\u00bb||10px||false|false\u00bb global_colors_info=\u00bb{}\u00bb]<\/p>\n<h3>Beneficios del Coaching con caballos por empresas<\/h3>\n<p>[\/et_pb_text][et_pb_text _builder_version=\u00bb4.27.3&#8243; _module_preset=\u00bbdefault\u00bb text_font_size=\u00bb16px\u00bb global_colors_info=\u00bb{}\u00bb]<\/p>\n<ul>\n<li>Los equipos que hacen una sesi\u00f3n de coaching con caballos, inmediatamente es impactado, fortaleciendo sus relaciones y adquiriendo una energ\u00eda que le lleva a asumir los proyectos con entusiasmo.<\/li>\n<li>Combina el poder de un evento l\u00fadico, que permite obtener una perspectiva global fuera del d\u00eda a d\u00eda, junto con el poder del aprendizaje inmediato en temas de liderazgo y comunicaci\u00f3n.<\/li>\n<li>Re\u00fane las ventajas de un outdoor, porque se desarrolla en un entorno natural que implica salir de su zona de confort y de un workshop por su car\u00e1cter vivencial.<\/li>\n<li>Estudios demuestran que 5 sesiones de Coaching con caballos equivalen a 25 de coaching cl\u00e1sico.<\/li>\n<li>Un medio para transmitir a un directivo un feedback a veces dif\u00edcil de verbalizar y as\u00ed corregir errores en el liderazgo.<\/li>\n<\/ul>\n<p>[\/et_pb_text][et_pb_text _builder_version=\u00bb4.27.3&#8243; _module_preset=\u00bb6f7aa0f6-8ae8-4019-8dad-add6d91bbb2a\u00bb custom_margin=\u00bb||10px||false|false\u00bb global_colors_info=\u00bb{}\u00bb]<\/p>\n<h3>Objetivos: cohesi\u00f3n de equipos<\/h3>\n<p>[\/et_pb_text][et_pb_text _builder_version=\u00bb4.24.0&#8243; _module_preset=\u00bbdefault\u00bb text_font_size=\u00bb16px\u00bb global_colors_info=\u00bb{}\u00bb]<\/p>\n<ul>\n<li>Enfortir les relacions interpersonals de l&#8217;equip.<\/li>\n<li>Incrementar l&#8217;autoconeixement i el coneixement dels altres membres de l&#8217;equip.\u00a0<\/li>\n<li>Tenir una millor prespectiva, sortint de la pressi\u00f3 del dia a dia i experimentant una jornada vivencial.<\/li>\n<\/ul>\n<p>[\/et_pb_text][et_pb_text _builder_version=\u00bb4.24.0&#8243; _module_preset=\u00bb6f7aa0f6-8ae8-4019-8dad-add6d91bbb2a\u00bb custom_margin=\u00bb||10px||false|false\u00bb global_colors_info=\u00bb{}\u00bb]<\/p>\n<h3><strong>Metodologia de treball<\/strong><\/h3>\n<p>[\/et_pb_text][et_pb_text _builder_version=\u00bb4.27.3&#8243; _module_preset=\u00bbdefault\u00bb text_font_size=\u00bb16px\u00bb global_colors_info=\u00bb{}\u00bb]<\/p>\n<p><strong>PRE-WORK:<\/strong><\/p>\n<ul>\n<li>Presentaci\u00f3n y exposici\u00f3n de la jornada<\/li>\n<li>Explicaci\u00f3n de los objetivos<\/li>\n<\/ul>\n<p><strong>WORKSHOP:<\/strong><\/p>\n<ul>\n<li>Ejercicios con caballos<\/li>\n<li>Actividades vivenciales que generan met\u00e1foras de gran impacta<\/li>\n<li>Feedback y conclusiones<\/li>\n<li>Consolidaci\u00f3n de aprendizaje<\/li>\n<\/ul>\n<p>[\/et_pb_text][et_pb_text _builder_version=\u00bb4.27.3&#8243; _module_preset=\u00bb6f7aa0f6-8ae8-4019-8dad-add6d91bbb2a\u00bb custom_margin=\u00bb||10px||false|false\u00bb global_colors_info=\u00bb{}\u00bb]<\/p>\n<h3>Ejemplo de Jornada<\/h3>\n<p>[\/et_pb_text][et_pb_image src=\u00bbhttps:\/\/arrandeterra.es\/wp-content\/uploads\/jornada-coaching-cavalls.png\u00bb title_text=\u00bbjornada coaching cavalls\u00bb _builder_version=\u00bb4.24.0&#8243; _module_preset=\u00bbdefault\u00bb global_colors_info=\u00bb{}\u00bb][\/et_pb_image][et_pb_cta title=\u00bbArrandeterra\u00bb button_url=\u00bb@ET-DC@eyJkeW5hbWljIjp0cnVlLCJjb250ZW50IjoicG9zdF9saW5rX3VybF9wYWdlIiwic2V0dGluZ3MiOnsicG9zdF9pZCI6IjM5ODcifX0=@\u00bb button_text=\u00bbSolicita tu Presupuesto Personalizado\u00bb _builder_version=\u00bb4.27.3&#8243; _module_preset=\u00bbdefault\u00bb header_font_size=\u00bb30px\u00bb header_line_height=\u00bb1.5em\u00bb body_font_size=\u00bb16px\u00bb background_color=\u00bb#000000&#8243; background_image=\u00bbhttps:\/\/arrandeterra.es\/wp-content\/uploads\/baner-web-2.jpg\u00bb min_height=\u00bb245.8px\u00bb custom_margin=\u00bb-9px|||||\u00bb custom_padding=\u00bb89px||89px|||\u00bb hover_enabled=\u00bb0&#8243; global_colors_info=\u00bb{}\u00bb _dynamic_attributes=\u00bbbutton_url\u00bb sticky_enabled=\u00bb0&#8243;]<\/p>\n<p class=\"p1\">Centro de formaci\u00f3n y desarrollo de actividades l\u00fadico educativas para empresas y escuelas-institutos.<\/p>\n<p>[\/et_pb_cta][\/et_pb_column][\/et_pb_row][\/et_pb_section]<\/p>\n","protected":false},"excerpt":{"rendered":"<p>Coaching con animales para empresasServicios por empresasEl coaching por empresas asistido con animales es una metodolog\u00eda innovadora que combina los principios del coaching empresarial con la presencia y la interacci\u00f3n con animales como facilitadores. A trav\u00e9s de actividades dirigidas, los participantes tienen la oportunidad de trabajar en el desarrollo de habilidades como la comunicaci\u00f3n efectiva, [&hellip;]<\/p>\n","protected":false},"author":3,"featured_media":0,"parent":0,"menu_order":20,"comment_status":"closed","ping_status":"closed","template":"","meta":{"_et_pb_use_builder":"on","_et_pb_old_content":"","_et_gb_content_width":"","footnotes":""},"class_list":["post-3932","page","type-page","status-publish","hentry"],"yoast_head":"<!-- This site is optimized with the Yoast SEO plugin v27.2 - https:\/\/yoast.com\/product\/yoast-seo-wordpress\/ -->\n<title>Coaching con Caballos por Empresas - Arrandeterra,coaching amb cavalls Girona.<\/title>\n<meta name=\"robots\" content=\"index, follow, max-snippet:-1, max-image-preview:large, max-video-preview:-1\" \/>\n<link rel=\"canonical\" href=\"https:\/\/arrandeterra.es\/es\/coaching-con-caballos-por-empresas\/\" \/>\n<meta property=\"og:locale\" content=\"es_ES\" \/>\n<meta property=\"og:type\" content=\"article\" \/>\n<meta property=\"og:title\" content=\"Coaching con Caballos por Empresas - Arrandeterra,coaching amb cavalls Girona.\" \/>\n<meta property=\"og:description\" content=\"Coaching con animales para empresasServicios por empresasEl coaching por empresas asistido con animales es una metodolog\u00eda innovadora que combina los principios del coaching empresarial con la presencia y la interacci\u00f3n con animales como facilitadores. A trav\u00e9s de actividades dirigidas, los participantes tienen la oportunidad de trabajar en el desarrollo de habilidades como la comunicaci\u00f3n efectiva, [&hellip;]\" \/>\n<meta property=\"og:url\" content=\"https:\/\/arrandeterra.es\/es\/coaching-con-caballos-por-empresas\/\" \/>\n<meta property=\"og:site_name\" content=\"Arrandeterra,coaching amb cavalls Girona.\" \/>\n<meta property=\"article:modified_time\" content=\"2024-11-21T10:02:27+00:00\" \/>\n<meta name=\"twitter:label1\" content=\"Tiempo de lectura\" \/>\n\t<meta name=\"twitter:data1\" content=\"3 minutos\" \/>\n<script type=\"application\/ld+json\" class=\"yoast-schema-graph\">{\"@context\":\"https:\/\/schema.org\",\"@graph\":[{\"@type\":\"WebPage\",\"@id\":\"https:\/\/arrandeterra.es\/es\/coaching-con-caballos-por-empresas\/\",\"url\":\"https:\/\/arrandeterra.es\/es\/coaching-con-caballos-por-empresas\/\",\"name\":\"Coaching con Caballos por Empresas - Arrandeterra,coaching amb cavalls Girona.\",\"isPartOf\":{\"@id\":\"https:\/\/arrandeterra.es\/es\/#website\"},\"datePublished\":\"2024-05-06T06:06:52+00:00\",\"dateModified\":\"2024-11-21T10:02:27+00:00\",\"breadcrumb\":{\"@id\":\"https:\/\/arrandeterra.es\/es\/coaching-con-caballos-por-empresas\/#breadcrumb\"},\"inLanguage\":\"es\",\"potentialAction\":[{\"@type\":\"ReadAction\",\"target\":[\"https:\/\/arrandeterra.es\/es\/coaching-con-caballos-por-empresas\/\"]}]},{\"@type\":\"BreadcrumbList\",\"@id\":\"https:\/\/arrandeterra.es\/es\/coaching-con-caballos-por-empresas\/#breadcrumb\",\"itemListElement\":[{\"@type\":\"ListItem\",\"position\":1,\"name\":\"Inici\",\"item\":\"https:\/\/arrandeterra.es\/es\/\"},{\"@type\":\"ListItem\",\"position\":2,\"name\":\"Coaching con Caballos por Empresas\"}]},{\"@type\":\"WebSite\",\"@id\":\"https:\/\/arrandeterra.es\/es\/#website\",\"url\":\"https:\/\/arrandeterra.es\/es\/\",\"name\":\"Arrandeterra,coaching amb cavalls Girona.\",\"description\":\"Coaching amb cavalls a Girona. Formaci\u00f3 i equinoter\u00e0pia amb cavalls.\",\"potentialAction\":[{\"@type\":\"SearchAction\",\"target\":{\"@type\":\"EntryPoint\",\"urlTemplate\":\"https:\/\/arrandeterra.es\/es\/?s={search_term_string}\"},\"query-input\":{\"@type\":\"PropertyValueSpecification\",\"valueRequired\":true,\"valueName\":\"search_term_string\"}}],\"inLanguage\":\"es\"}]}<\/script>\n<!-- \/ Yoast SEO plugin. -->","yoast_head_json":{"title":"Coaching con Caballos por Empresas - Arrandeterra,coaching amb cavalls Girona.","robots":{"index":"index","follow":"follow","max-snippet":"max-snippet:-1","max-image-preview":"max-image-preview:large","max-video-preview":"max-video-preview:-1"},"canonical":"https:\/\/arrandeterra.es\/es\/coaching-con-caballos-por-empresas\/","og_locale":"es_ES","og_type":"article","og_title":"Coaching con Caballos por Empresas - Arrandeterra,coaching amb cavalls Girona.","og_description":"Coaching con animales para empresasServicios por empresasEl coaching por empresas asistido con animales es una metodolog\u00eda innovadora que combina los principios del coaching empresarial con la presencia y la interacci\u00f3n con animales como facilitadores. A trav\u00e9s de actividades dirigidas, los participantes tienen la oportunidad de trabajar en el desarrollo de habilidades como la comunicaci\u00f3n efectiva, [&hellip;]","og_url":"https:\/\/arrandeterra.es\/es\/coaching-con-caballos-por-empresas\/","og_site_name":"Arrandeterra,coaching amb cavalls Girona.","article_modified_time":"2024-11-21T10:02:27+00:00","twitter_misc":{"Tiempo de lectura":"3 minutos"},"schema":{"@context":"https:\/\/schema.org","@graph":[{"@type":"WebPage","@id":"https:\/\/arrandeterra.es\/es\/coaching-con-caballos-por-empresas\/","url":"https:\/\/arrandeterra.es\/es\/coaching-con-caballos-por-empresas\/","name":"Coaching con Caballos por Empresas - Arrandeterra,coaching amb cavalls Girona.","isPartOf":{"@id":"https:\/\/arrandeterra.es\/es\/#website"},"datePublished":"2024-05-06T06:06:52+00:00","dateModified":"2024-11-21T10:02:27+00:00","breadcrumb":{"@id":"https:\/\/arrandeterra.es\/es\/coaching-con-caballos-por-empresas\/#breadcrumb"},"inLanguage":"es","potentialAction":[{"@type":"ReadAction","target":["https:\/\/arrandeterra.es\/es\/coaching-con-caballos-por-empresas\/"]}]},{"@type":"BreadcrumbList","@id":"https:\/\/arrandeterra.es\/es\/coaching-con-caballos-por-empresas\/#breadcrumb","itemListElement":[{"@type":"ListItem","position":1,"name":"Inici","item":"https:\/\/arrandeterra.es\/es\/"},{"@type":"ListItem","position":2,"name":"Coaching con Caballos por Empresas"}]},{"@type":"WebSite","@id":"https:\/\/arrandeterra.es\/es\/#website","url":"https:\/\/arrandeterra.es\/es\/","name":"Arrandeterra,coaching amb cavalls Girona.","description":"Coaching amb cavalls a Girona. Formaci\u00f3 i equinoter\u00e0pia amb cavalls.","potentialAction":[{"@type":"SearchAction","target":{"@type":"EntryPoint","urlTemplate":"https:\/\/arrandeterra.es\/es\/?s={search_term_string}"},"query-input":{"@type":"PropertyValueSpecification","valueRequired":true,"valueName":"search_term_string"}}],"inLanguage":"es"}]}},"_links":{"self":[{"href":"https:\/\/arrandeterra.es\/es\/wp-json\/wp\/v2\/pages\/3932","targetHints":{"allow":["GET"]}}],"collection":[{"href":"https:\/\/arrandeterra.es\/es\/wp-json\/wp\/v2\/pages"}],"about":[{"href":"https:\/\/arrandeterra.es\/es\/wp-json\/wp\/v2\/types\/page"}],"author":[{"embeddable":true,"href":"https:\/\/arrandeterra.es\/es\/wp-json\/wp\/v2\/users\/3"}],"replies":[{"embeddable":true,"href":"https:\/\/arrandeterra.es\/es\/wp-json\/wp\/v2\/comments?post=3932"}],"version-history":[{"count":5,"href":"https:\/\/arrandeterra.es\/es\/wp-json\/wp\/v2\/pages\/3932\/revisions"}],"predecessor-version":[{"id":4054,"href":"https:\/\/arrandeterra.es\/es\/wp-json\/wp\/v2\/pages\/3932\/revisions\/4054"}],"wp:attachment":[{"href":"https:\/\/arrandeterra.es\/es\/wp-json\/wp\/v2\/media?parent=3932"}],"curies":[{"name":"wp","href":"https:\/\/api.w.org\/{rel}","templated":true}]}}