{"id":3958,"date":"2024-05-06T08:00:17","date_gmt":"2024-05-06T07:00:17","guid":{"rendered":"https:\/\/arrandeterra.es\/formacio\/"},"modified":"2024-11-21T11:21:42","modified_gmt":"2024-11-21T10:21:42","slug":"formacion","status":"publish","type":"page","link":"https:\/\/arrandeterra.es\/es\/formacion\/","title":{"rendered":"Formaci\u00f3n"},"content":{"rendered":"<p>[et_pb_section fb_built=\u00bb1&#8243; admin_label=\u00bbHeader\u00bb _builder_version=\u00bb4.21.0&#8243; _module_preset=\u00bbdefault\u00bb background_enable_color=\u00bboff\u00bb custom_padding=\u00bb||0px||false|false\u00bb locked=\u00bboff\u00bb collapsed=\u00bbon\u00bb global_colors_info=\u00bb{}\u00bb][et_pb_row _builder_version=\u00bb4.21.0&#8243; _module_preset=\u00bbdefault\u00bb max_width=\u00bb800px\u00bb global_colors_info=\u00bb{}\u00bb][et_pb_column type=\u00bb4_4&#8243; _builder_version=\u00bb4.21.0&#8243; _module_preset=\u00bbdefault\u00bb global_colors_info=\u00bb{}\u00bb][et_pb_text _builder_version=\u00bb4.24.0&#8243; _module_preset=\u00bba0dcac7d-24b7-4095-8081-856b7678f119&#8243; header_font=\u00bb|500||on|||||\u00bb text_orientation=\u00bbcenter\u00bb locked=\u00bboff\u00bb global_colors_info=\u00bb{}\u00bb]<\/p>\n<h1>FORMACI\u00d3N de intervenci\u00f3n asistida con animales<\/h1>\n<p>[\/et_pb_text][\/et_pb_column][\/et_pb_row][et_pb_row _builder_version=\u00bb4.21.0&#8243; _module_preset=\u00bbdefault\u00bb global_colors_info=\u00bb{}\u00bb][et_pb_column type=\u00bb4_4&#8243; _builder_version=\u00bb4.21.0&#8243; _module_preset=\u00bbdefault\u00bb global_colors_info=\u00bb{}\u00bb][et_pb_image src=\u00bbhttps:\/\/arrandeterra.es\/wp-content\/uploads\/16.jpg\u00bb title_text=\u00bb16&#8243; _builder_version=\u00bb4.24.0&#8243; _module_preset=\u00bbdefault\u00bb global_colors_info=\u00bb{}\u00bb][\/et_pb_image][\/et_pb_column][\/et_pb_row][\/et_pb_section][et_pb_section fb_built=\u00bb1&#8243; admin_label=\u00bbCourse Overview\u00bb _builder_version=\u00bb4.21.0&#8243; _module_preset=\u00bbdefault\u00bb background_enable_color=\u00bboff\u00bb custom_padding=\u00bb|0px||||\u00bb locked=\u00bboff\u00bb collapsed=\u00bbon\u00bb global_colors_info=\u00bb{}\u00bb][et_pb_row column_structure=\u00bb2_3,1_3&#8243; _builder_version=\u00bb4.21.0&#8243; _module_preset=\u00bbdefault\u00bb global_colors_info=\u00bb{}\u00bb][et_pb_column type=\u00bb2_3&#8243; _builder_version=\u00bb4.21.0&#8243; _module_preset=\u00bbdefault\u00bb global_colors_info=\u00bb{}\u00bb][et_pb_text _builder_version=\u00bb4.24.0&#8243; _module_preset=\u00bb5dd7700f-7809-455e-9a53-3d2c23c9723d\u00bb text_text_color=\u00bbgcid-4a53c4f2-10a4-4df5-aae5-66892dee9e02&#8243; header_text_color=\u00bbgcid-4a53c4f2-10a4-4df5-aae5-66892dee9e02&#8243; header_2_text_color=\u00bbgcid-4a53c4f2-10a4-4df5-aae5-66892dee9e02&#8243; header_3_font=\u00bb|500|||||||\u00bb custom_margin=\u00bb||10px||false|false\u00bb custom_padding=\u00bb0px|||||\u00bb locked=\u00bboff\u00bb global_colors_info=\u00bb{%22gcid-4a53c4f2-10a4-4df5-aae5-66892dee9e02%22:%91%22text_text_color%22,%22header_text_color%22,%22header_2_text_color%22,%22header_3_text_color%22%93}\u00bb]<\/p>\n<h3>Descripci\u00f3n General<\/h3>\n<p>[\/et_pb_text][et_pb_text _builder_version=\u00bb4.27.3&#8243; _module_preset=\u00bbded05e16-30fe-4fb7-9416-a1aba8a09f12&#8243; locked=\u00bboff\u00bb global_colors_info=\u00bb{}\u00bb]<\/p>\n<p>Arrandeterra realiza formaci\u00f3n de Intervenci\u00f3n asistida con caballos y otros animales en la diversidad funcional.<\/p>\n<p>A continuaci\u00f3n describimos los m\u00f3dulos de la formaci\u00f3n:<\/p>\n<p>[\/et_pb_text][et_pb_text _builder_version=\u00bb4.27.3&#8243; _module_preset=\u00bbded05e16-30fe-4fb7-9416-a1aba8a09f12&#8243; custom_margin=\u00bb||0px||false|false\u00bb locked=\u00bboff\u00bb global_colors_info=\u00bb{}\u00bb]<\/p>\n<ul>\n<li>Equinoterapia y sus modalidades.<\/li>\n<li>Beneficios, para quien es aconsejable.<\/li>\n<li>Habilidades de equinoterapeuta, caballo y metodolog\u00eda.<\/li>\n<li>Dise\u00f1o de sesiones de equinoterapia, en la diversidad funcional.<\/li>\n<li>Asistencia en casos reales. Pr\u00e1cticas.<\/li>\n<li>\u00bfQu\u00e9 es el coaching asistido con caballos?, \u00bfc\u00f3mo aplicarlo en la diversidad funcional?<\/li>\n<li>\u00bfPara qu\u00e9 sirve el coaching asistido con caballos?<\/li>\n<li>Habilidades del coaching y metodolog\u00eda (las 7 etapas de un proceso de Coaching)<\/li>\n<li>Rol-play (Pr\u00e1cticas)<\/li>\n<\/ul>\n<p>[\/et_pb_text][\/et_pb_column][et_pb_column type=\u00bb1_3&#8243; _builder_version=\u00bb4.21.0&#8243; _module_preset=\u00bbdefault\u00bb global_colors_info=\u00bb{}\u00bb][et_pb_image src=\u00bbhttps:\/\/arrandeterra.es\/wp-content\/uploads\/arrandeterra-cavall.jpeg\u00bb title_text=\u00bbarrandeterra cavall\u00bb _builder_version=\u00bb4.24.0&#8243; _module_preset=\u00bbdefault\u00bb global_colors_info=\u00bb{}\u00bb][\/et_pb_image][\/et_pb_column][\/et_pb_row][et_pb_row _builder_version=\u00bb4.24.0&#8243; _module_preset=\u00bbdefault\u00bb custom_padding=\u00bb||80px|||\u00bb global_colors_info=\u00bb{}\u00bb][et_pb_column type=\u00bb4_4&#8243; _builder_version=\u00bb4.24.0&#8243; _module_preset=\u00bbdefault\u00bb global_colors_info=\u00bb{}\u00bb][et_pb_cta title=\u00bbArrandeterra\u00bb button_url=\u00bb@ET-DC@eyJkeW5hbWljIjp0cnVlLCJjb250ZW50IjoicG9zdF9saW5rX3VybF9wYWdlIiwic2V0dGluZ3MiOnsicG9zdF9pZCI6IjM5ODcifX0=@\u00bb button_text=\u00bbContacto\u00bb _builder_version=\u00bb4.27.3&#8243; _module_preset=\u00bbdefault\u00bb header_font_size=\u00bb30px\u00bb header_line_height=\u00bb1.5em\u00bb body_font_size=\u00bb16px\u00bb background_color=\u00bb#000000&#8243; background_image=\u00bbhttps:\/\/arrandeterra.es\/wp-content\/uploads\/baner-web-3.jpg\u00bb min_height=\u00bb245.8px\u00bb custom_margin=\u00bb-9px|||||\u00bb custom_padding=\u00bb89px||89px|||\u00bb hover_enabled=\u00bb0&#8243; global_colors_info=\u00bb{}\u00bb _dynamic_attributes=\u00bbbutton_url\u00bb sticky_enabled=\u00bb0&#8243;]<\/p>\n<p class=\"p1\">Centro de formaci\u00f3n y desarrollo de actividades l\u00fadico educativas.<\/p>\n<p>[\/et_pb_cta][\/et_pb_column][\/et_pb_row][\/et_pb_section]<\/p>\n","protected":false},"excerpt":{"rendered":"<p>FORMACI\u00d3N de intervenci\u00f3n asistida con animalesDescripci\u00f3n GeneralArrandeterra realiza formaci\u00f3n de Intervenci\u00f3n asistida con caballos y otros animales en la diversidad funcional. A continuaci\u00f3n describimos los m\u00f3dulos de la formaci\u00f3n: Equinoterapia y sus modalidades. Beneficios, para quien es aconsejable. Habilidades de equinoterapeuta, caballo y metodolog\u00eda. Dise\u00f1o de sesiones de equinoterapia, en la diversidad funcional. Asistencia en [&hellip;]<\/p>\n","protected":false},"author":3,"featured_media":0,"parent":0,"menu_order":50,"comment_status":"closed","ping_status":"closed","template":"","meta":{"_et_pb_use_builder":"on","_et_pb_old_content":"","_et_gb_content_width":"","footnotes":""},"class_list":["post-3958","page","type-page","status-publish","hentry"],"yoast_head":"<!-- This site is optimized with the Yoast SEO plugin v27.2 - https:\/\/yoast.com\/product\/yoast-seo-wordpress\/ -->\n<title>Formaci\u00f3n - Arrandeterra,coaching amb cavalls Girona.<\/title>\n<meta name=\"robots\" content=\"index, follow, max-snippet:-1, max-image-preview:large, max-video-preview:-1\" \/>\n<link rel=\"canonical\" href=\"https:\/\/arrandeterra.es\/es\/formacion\/\" \/>\n<meta property=\"og:locale\" content=\"es_ES\" \/>\n<meta property=\"og:type\" content=\"article\" \/>\n<meta property=\"og:title\" content=\"Formaci\u00f3n - Arrandeterra,coaching amb cavalls Girona.\" \/>\n<meta property=\"og:description\" content=\"FORMACI\u00d3N de intervenci\u00f3n asistida con animalesDescripci\u00f3n GeneralArrandeterra realiza formaci\u00f3n de Intervenci\u00f3n asistida con caballos y otros animales en la diversidad funcional. A continuaci\u00f3n describimos los m\u00f3dulos de la formaci\u00f3n: Equinoterapia y sus modalidades. Beneficios, para quien es aconsejable. Habilidades de equinoterapeuta, caballo y metodolog\u00eda. Dise\u00f1o de sesiones de equinoterapia, en la diversidad funcional. Asistencia en [&hellip;]\" \/>\n<meta property=\"og:url\" content=\"https:\/\/arrandeterra.es\/es\/formacion\/\" \/>\n<meta property=\"og:site_name\" content=\"Arrandeterra,coaching amb cavalls Girona.\" \/>\n<meta property=\"article:modified_time\" content=\"2024-11-21T10:21:42+00:00\" \/>\n<meta name=\"twitter:label1\" content=\"Tiempo de lectura\" \/>\n\t<meta name=\"twitter:data1\" content=\"1 minuto\" \/>\n<script type=\"application\/ld+json\" class=\"yoast-schema-graph\">{\"@context\":\"https:\/\/schema.org\",\"@graph\":[{\"@type\":\"WebPage\",\"@id\":\"https:\/\/arrandeterra.es\/es\/formacion\/\",\"url\":\"https:\/\/arrandeterra.es\/es\/formacion\/\",\"name\":\"Formaci\u00f3n - Arrandeterra,coaching amb cavalls Girona.\",\"isPartOf\":{\"@id\":\"https:\/\/arrandeterra.es\/es\/#website\"},\"datePublished\":\"2024-05-06T07:00:17+00:00\",\"dateModified\":\"2024-11-21T10:21:42+00:00\",\"breadcrumb\":{\"@id\":\"https:\/\/arrandeterra.es\/es\/formacion\/#breadcrumb\"},\"inLanguage\":\"es\",\"potentialAction\":[{\"@type\":\"ReadAction\",\"target\":[\"https:\/\/arrandeterra.es\/es\/formacion\/\"]}]},{\"@type\":\"BreadcrumbList\",\"@id\":\"https:\/\/arrandeterra.es\/es\/formacion\/#breadcrumb\",\"itemListElement\":[{\"@type\":\"ListItem\",\"position\":1,\"name\":\"Inici\",\"item\":\"https:\/\/arrandeterra.es\/es\/\"},{\"@type\":\"ListItem\",\"position\":2,\"name\":\"Formaci\u00f3n\"}]},{\"@type\":\"WebSite\",\"@id\":\"https:\/\/arrandeterra.es\/es\/#website\",\"url\":\"https:\/\/arrandeterra.es\/es\/\",\"name\":\"Arrandeterra,coaching amb cavalls Girona.\",\"description\":\"Coaching amb cavalls a Girona. Formaci\u00f3 i equinoter\u00e0pia amb cavalls.\",\"potentialAction\":[{\"@type\":\"SearchAction\",\"target\":{\"@type\":\"EntryPoint\",\"urlTemplate\":\"https:\/\/arrandeterra.es\/es\/?s={search_term_string}\"},\"query-input\":{\"@type\":\"PropertyValueSpecification\",\"valueRequired\":true,\"valueName\":\"search_term_string\"}}],\"inLanguage\":\"es\"}]}<\/script>\n<!-- \/ Yoast SEO plugin. -->","yoast_head_json":{"title":"Formaci\u00f3n - Arrandeterra,coaching amb cavalls Girona.","robots":{"index":"index","follow":"follow","max-snippet":"max-snippet:-1","max-image-preview":"max-image-preview:large","max-video-preview":"max-video-preview:-1"},"canonical":"https:\/\/arrandeterra.es\/es\/formacion\/","og_locale":"es_ES","og_type":"article","og_title":"Formaci\u00f3n - Arrandeterra,coaching amb cavalls Girona.","og_description":"FORMACI\u00d3N de intervenci\u00f3n asistida con animalesDescripci\u00f3n GeneralArrandeterra realiza formaci\u00f3n de Intervenci\u00f3n asistida con caballos y otros animales en la diversidad funcional. A continuaci\u00f3n describimos los m\u00f3dulos de la formaci\u00f3n: Equinoterapia y sus modalidades. Beneficios, para quien es aconsejable. Habilidades de equinoterapeuta, caballo y metodolog\u00eda. Dise\u00f1o de sesiones de equinoterapia, en la diversidad funcional. Asistencia en [&hellip;]","og_url":"https:\/\/arrandeterra.es\/es\/formacion\/","og_site_name":"Arrandeterra,coaching amb cavalls Girona.","article_modified_time":"2024-11-21T10:21:42+00:00","twitter_misc":{"Tiempo de lectura":"1 minuto"},"schema":{"@context":"https:\/\/schema.org","@graph":[{"@type":"WebPage","@id":"https:\/\/arrandeterra.es\/es\/formacion\/","url":"https:\/\/arrandeterra.es\/es\/formacion\/","name":"Formaci\u00f3n - Arrandeterra,coaching amb cavalls Girona.","isPartOf":{"@id":"https:\/\/arrandeterra.es\/es\/#website"},"datePublished":"2024-05-06T07:00:17+00:00","dateModified":"2024-11-21T10:21:42+00:00","breadcrumb":{"@id":"https:\/\/arrandeterra.es\/es\/formacion\/#breadcrumb"},"inLanguage":"es","potentialAction":[{"@type":"ReadAction","target":["https:\/\/arrandeterra.es\/es\/formacion\/"]}]},{"@type":"BreadcrumbList","@id":"https:\/\/arrandeterra.es\/es\/formacion\/#breadcrumb","itemListElement":[{"@type":"ListItem","position":1,"name":"Inici","item":"https:\/\/arrandeterra.es\/es\/"},{"@type":"ListItem","position":2,"name":"Formaci\u00f3n"}]},{"@type":"WebSite","@id":"https:\/\/arrandeterra.es\/es\/#website","url":"https:\/\/arrandeterra.es\/es\/","name":"Arrandeterra,coaching amb cavalls Girona.","description":"Coaching amb cavalls a Girona. Formaci\u00f3 i equinoter\u00e0pia amb cavalls.","potentialAction":[{"@type":"SearchAction","target":{"@type":"EntryPoint","urlTemplate":"https:\/\/arrandeterra.es\/es\/?s={search_term_string}"},"query-input":{"@type":"PropertyValueSpecification","valueRequired":true,"valueName":"search_term_string"}}],"inLanguage":"es"}]}},"_links":{"self":[{"href":"https:\/\/arrandeterra.es\/es\/wp-json\/wp\/v2\/pages\/3958","targetHints":{"allow":["GET"]}}],"collection":[{"href":"https:\/\/arrandeterra.es\/es\/wp-json\/wp\/v2\/pages"}],"about":[{"href":"https:\/\/arrandeterra.es\/es\/wp-json\/wp\/v2\/types\/page"}],"author":[{"embeddable":true,"href":"https:\/\/arrandeterra.es\/es\/wp-json\/wp\/v2\/users\/3"}],"replies":[{"embeddable":true,"href":"https:\/\/arrandeterra.es\/es\/wp-json\/wp\/v2\/comments?post=3958"}],"version-history":[{"count":5,"href":"https:\/\/arrandeterra.es\/es\/wp-json\/wp\/v2\/pages\/3958\/revisions"}],"predecessor-version":[{"id":4079,"href":"https:\/\/arrandeterra.es\/es\/wp-json\/wp\/v2\/pages\/3958\/revisions\/4079"}],"wp:attachment":[{"href":"https:\/\/arrandeterra.es\/es\/wp-json\/wp\/v2\/media?parent=3958"}],"curies":[{"name":"wp","href":"https:\/\/api.w.org\/{rel}","templated":true}]}}