{"id":3974,"date":"2024-05-06T07:16:21","date_gmt":"2024-05-06T06:16:21","guid":{"rendered":"https:\/\/arrandeterra.es\/activitats-en-cavall-per-escoles\/"},"modified":"2024-11-21T11:07:49","modified_gmt":"2024-11-21T10:07:49","slug":"actividades-en-caballo-por-escuelas","status":"publish","type":"page","link":"https:\/\/arrandeterra.es\/es\/actividades-en-caballo-por-escuelas\/","title":{"rendered":"Actividades en caballo por Escuelas"},"content":{"rendered":"<p>[et_pb_section fb_built=\u00bb1&#8243; admin_label=\u00bbAbout\u00bb _builder_version=\u00bb4.22.0&#8243; _module_preset=\u00bbdefault\u00bb custom_padding=\u00bb||2px|||\u00bb locked=\u00bboff\u00bb collapsed=\u00bbon\u00bb global_colors_info=\u00bb{}\u00bb][et_pb_row _builder_version=\u00bb4.22.0&#8243; _module_preset=\u00bbdefault\u00bb global_colors_info=\u00bb{}\u00bb][et_pb_column type=\u00bb4_4&#8243; _builder_version=\u00bb4.22.0&#8243; _module_preset=\u00bbdefault\u00bb global_colors_info=\u00bb{}\u00bb][et_pb_text _builder_version=\u00bb4.24.0&#8243; _module_preset=\u00bb24907510-9e8b-4c08-8eb5-7f3e63204c98&#8243; header_font=\u00bb||||||||\u00bb custom_margin=\u00bb||10px||false|false\u00bb global_colors_info=\u00bb{}\u00bb]<\/p>\n<h1>Actividades con animales por escuelas<\/h1>\n<p>[\/et_pb_text][\/et_pb_column][\/et_pb_row][et_pb_row column_structure=\u00bb3_5,2_5&#8243; _builder_version=\u00bb4.22.0&#8243; _module_preset=\u00bbdefault\u00bb global_colors_info=\u00bb{}\u00bb][et_pb_column type=\u00bb3_5&#8243; _builder_version=\u00bb4.22.0&#8243; _module_preset=\u00bbdefault\u00bb global_colors_info=\u00bb{}\u00bb][et_pb_image src=\u00bbhttps:\/\/arrandeterra.es\/wp-content\/uploads\/activitats-cavalls-escoles-institus-universitats.jpg\u00bb title_text=\u00bbactivitats-cavalls-escoles-institus-universitats\u00bb show_bottom_space=\u00bboff\u00bb _builder_version=\u00bb4.24.0&#8243; _module_preset=\u00bbdefault\u00bb width=\u00bb80%\u00bb global_colors_info=\u00bb{}\u00bb][\/et_pb_image][et_pb_image src=\u00bbhttps:\/\/arrandeterra.es\/wp-content\/uploads\/activitats-per-escoles.jpg\u00bb title_text=\u00bbactivitats per escoles\u00bb _builder_version=\u00bb4.24.0&#8243; _module_preset=\u00bbdefault\u00bb positioning=\u00bbabsolute\u00bb position_origin_a=\u00bbbottom_right\u00bb width=\u00bb40%\u00bb global_colors_info=\u00bb{}\u00bb][\/et_pb_image][\/et_pb_column][et_pb_column type=\u00bb2_5&#8243; _builder_version=\u00bb4.22.0&#8243; _module_preset=\u00bbdefault\u00bb global_colors_info=\u00bb{}\u00bb][et_pb_text _builder_version=\u00bb4.27.3&#8243; _module_preset=\u00bb6f7aa0f6-8ae8-4019-8dad-add6d91bbb2a\u00bb text_font_size=\u00bb12px\u00bb custom_margin=\u00bb||10px||false|false\u00bb global_colors_info=\u00bb{}\u00bb]<\/p>\n<h2>Servicios para escuelas, institutos y universidades<\/h2>\n<p>[\/et_pb_text][et_pb_text _builder_version=\u00bb4.27.3&#8243; _module_preset=\u00bbc637dbd0-7fa7-4e89-95a6-e59122f73ca5&#8243; global_colors_info=\u00bb{}\u00bb]<\/p>\n<p>En nuestra empresa organizamos excursiones de uno o varios d\u00edas para escuelas e institutos, ofreciendo paquetes con todo incluido. Nuestra propuesta combina diversi\u00f3n y educaci\u00f3n, con actividades dise\u00f1adas para el aprendizaje, crecimiento personal y trabajo en equipo utilizando la metodolog\u00eda del coaching asistido con animales.<\/p>\n<p>Adem\u00e1s, ofrecemos actividades m\u00e1s enfocadas para institutos o grupos universitarios, donde se puede complementar su formaci\u00f3n profesional con el aprendizaje o la incorporaci\u00f3n de la metodolog\u00eda de las Intervenciones Asistidas con Animales para que incorporen otras herramientas para poder ayudar a las personas a conseguir los sus objetivos personales, tanto a nivel f\u00edsico, psicol\u00f3gico como emocional.<\/p>\n<p>[\/et_pb_text][\/et_pb_column][\/et_pb_row][\/et_pb_section][et_pb_section fb_built=\u00bb1&#8243; _builder_version=\u00bb4.24.0&#8243; _module_preset=\u00bbdefault\u00bb custom_padding=\u00bb||1px|||\u00bb global_colors_info=\u00bb{}\u00bb][et_pb_row _builder_version=\u00bb4.24.0&#8243; _module_preset=\u00bbdefault\u00bb custom_margin=\u00bb-48px|auto||auto||\u00bb custom_padding=\u00bb||0px|||\u00bb global_colors_info=\u00bb{}\u00bb][et_pb_column type=\u00bb4_4&#8243; _builder_version=\u00bb4.24.0&#8243; _module_preset=\u00bbdefault\u00bb global_colors_info=\u00bb{}\u00bb][et_pb_cta title=\u00bbArrandeterra\u00bb button_url=\u00bb@ET-DC@eyJkeW5hbWljIjp0cnVlLCJjb250ZW50IjoicG9zdF9saW5rX3VybF9wYWdlIiwic2V0dGluZ3MiOnsicG9zdF9pZCI6IjM5ODcifX0=@\u00bb button_text=\u00bbSolicita tu presupuesto personalizado\u00bb _builder_version=\u00bb4.27.3&#8243; _module_preset=\u00bbdefault\u00bb header_font_size=\u00bb30px\u00bb header_line_height=\u00bb1.5em\u00bb body_font_size=\u00bb16px\u00bb background_color=\u00bb#000000&#8243; background_image=\u00bbhttps:\/\/arrandeterra.es\/wp-content\/uploads\/baner-web.jpg\u00bb min_height=\u00bb245.8px\u00bb custom_margin=\u00bb-9px|||||\u00bb custom_padding=\u00bb89px||89px|||\u00bb hover_enabled=\u00bb0&#8243; global_colors_info=\u00bb{}\u00bb _dynamic_attributes=\u00bbbutton_url\u00bb sticky_enabled=\u00bb0&#8243;]<\/p>\n<p class=\"p1\">Centro de formaci\u00f3n y desarrollo de actividades l\u00fadico educativas para empresas y escuelas-institutos.<\/p>\n<p>[\/et_pb_cta][\/et_pb_column][\/et_pb_row][\/et_pb_section][et_pb_section fb_built=\u00bb1&#8243; _builder_version=\u00bb4.24.0&#8243; _module_preset=\u00bbdefault\u00bb global_colors_info=\u00bb{}\u00bb][et_pb_row _builder_version=\u00bb4.24.0&#8243; _module_preset=\u00bbdefault\u00bb global_colors_info=\u00bb{}\u00bb][et_pb_column type=\u00bb4_4&#8243; _builder_version=\u00bb4.24.0&#8243; _module_preset=\u00bbdefault\u00bb global_colors_info=\u00bb{}\u00bb][et_pb_text _builder_version=\u00bb4.24.0&#8243; _module_preset=\u00bb6f7aa0f6-8ae8-4019-8dad-add6d91bbb2a\u00bb custom_margin=\u00bb-22px||10px||false|false\u00bb global_colors_info=\u00bb{}\u00bb]<\/p>\n<h2>Actividades L\u00fadicas por Escuelas<\/h2>\n<p>[\/et_pb_text][et_pb_text _builder_version=\u00bb4.24.0&#8243; _module_preset=\u00bb6f7aa0f6-8ae8-4019-8dad-add6d91bbb2a\u00bb min_height=\u00bb42px\u00bb custom_margin=\u00bb16px||10px||false|false\u00bb global_colors_info=\u00bb{}\u00bb]<\/p>\n<h3>Ejemplo de propuesta &#8211; 2 noches y 3 d\u00edas<\/h3>\n<p>[\/et_pb_text][et_pb_text _builder_version=\u00bb4.27.3&#8243; _module_preset=\u00bbdefault\u00bb text_font_size=\u00bb16px\u00bb global_colors_info=\u00bb{}\u00bb]<\/p>\n<p><strong>D\u00cdA 1:<\/strong><\/p>\n<ul>\n<li>Visita guiada y taller en la Fundaci\u00f3n Mona (Riudellots de la Selva)<\/li>\n<li>Traslado, almuerzo e instalaci\u00f3n en el hotel<\/li>\n<li>Tarde de coaching con los animales de Arrandeterra<\/li>\n<li>Cena y descanso en el hotel<\/li>\n<\/ul>\n<p><strong>D\u00cdA 2:<\/strong><\/p>\n<ul>\n<li>Desayuno en el hotel<\/li>\n<li>Actividades grupales de trabajo en equipo con Arrandeterra, habilidades colectivas y liderazgo, <span>fortalezas<\/span><span> individuales<\/span> y colectivas.<\/li>\n<li>Almuerzo en el hotel<\/li>\n<li>Tarde en el centro l\u00fadico-termal Magma<\/li>\n<li>Cena y descanso en el hotel<\/li>\n<\/ul>\n<p><strong>D\u00cdA 3:<\/strong><\/p>\n<ul>\n<li>Desayuno en el hotel<\/li>\n<li>Juegos de equipo con los animales de Arrandeterra y actividades de cierre: feedback, agradecimientos y compromiso.<\/li>\n<li>Almuerzo en el hotel<\/li>\n<\/ul>\n<p><strong>Incluye:<\/strong><\/p>\n<ul>\n<li>Todos los <span>traslados<\/span>\u200b en autob\u00fas<\/li>\n<li>Actividades l\u00fadicas<\/li>\n<li>Sesiones de coaching grupal con animales<\/li>\n<li>Hotel en pensi\u00f3n completa<\/li>\n<\/ul>\n<p>[\/et_pb_text][et_pb_cta title=\u00bbArrandeterra\u00bb button_url=\u00bb@ET-DC@eyJkeW5hbWljIjp0cnVlLCJjb250ZW50IjoicG9zdF9saW5rX3VybF9wYWdlIiwic2V0dGluZ3MiOnsicG9zdF9pZCI6IjM5ODcifX0=@\u00bb button_text=\u00bbSolicita tu presupuesto personalizado\u00bb _builder_version=\u00bb4.27.3&#8243; _module_preset=\u00bbdefault\u00bb header_font_size=\u00bb30px\u00bb header_line_height=\u00bb1.5em\u00bb body_font_size=\u00bb16px\u00bb background_color=\u00bb#000000&#8243; background_image=\u00bbhttps:\/\/arrandeterra.es\/wp-content\/uploads\/baner-web.jpg\u00bb min_height=\u00bb245.8px\u00bb custom_margin=\u00bb-9px|||||\u00bb custom_padding=\u00bb89px||89px|||\u00bb hover_enabled=\u00bb0&#8243; global_colors_info=\u00bb{}\u00bb _dynamic_attributes=\u00bbbutton_url\u00bb sticky_enabled=\u00bb0&#8243;]<\/p>\n<p class=\"p1\">Centro de formaci\u00f3n y desarrollo de actividades l\u00fadico educativas para empresas y escuelas-institutos.<\/p>\n<p>[\/et_pb_cta][\/et_pb_column][\/et_pb_row][\/et_pb_section]<\/p>\n","protected":false},"excerpt":{"rendered":"<p>Actividades con animales por escuelasServicios para escuelas, institutos y universidadesEn nuestra empresa organizamos excursiones de uno o varios d\u00edas para escuelas e institutos, ofreciendo paquetes con todo incluido. Nuestra propuesta combina diversi\u00f3n y educaci\u00f3n, con actividades dise\u00f1adas para el aprendizaje, crecimiento personal y trabajo en equipo utilizando la metodolog\u00eda del coaching asistido con animales. Adem\u00e1s, [&hellip;]<\/p>\n","protected":false},"author":3,"featured_media":0,"parent":0,"menu_order":30,"comment_status":"closed","ping_status":"closed","template":"","meta":{"_et_pb_use_builder":"on","_et_pb_old_content":"","_et_gb_content_width":"","footnotes":""},"class_list":["post-3974","page","type-page","status-publish","hentry"],"yoast_head":"<!-- This site is optimized with the Yoast SEO plugin v27.2 - https:\/\/yoast.com\/product\/yoast-seo-wordpress\/ -->\n<title>Actividades en caballo por Escuelas - Arrandeterra,coaching amb cavalls Girona.<\/title>\n<meta name=\"robots\" content=\"index, follow, max-snippet:-1, max-image-preview:large, max-video-preview:-1\" \/>\n<link rel=\"canonical\" href=\"https:\/\/arrandeterra.es\/es\/actividades-en-caballo-por-escuelas\/\" \/>\n<meta property=\"og:locale\" content=\"es_ES\" \/>\n<meta property=\"og:type\" content=\"article\" \/>\n<meta property=\"og:title\" content=\"Actividades en caballo por Escuelas - Arrandeterra,coaching amb cavalls Girona.\" \/>\n<meta property=\"og:description\" content=\"Actividades con animales por escuelasServicios para escuelas, institutos y universidadesEn nuestra empresa organizamos excursiones de uno o varios d\u00edas para escuelas e institutos, ofreciendo paquetes con todo incluido. Nuestra propuesta combina diversi\u00f3n y educaci\u00f3n, con actividades dise\u00f1adas para el aprendizaje, crecimiento personal y trabajo en equipo utilizando la metodolog\u00eda del coaching asistido con animales. Adem\u00e1s, [&hellip;]\" \/>\n<meta property=\"og:url\" content=\"https:\/\/arrandeterra.es\/es\/actividades-en-caballo-por-escuelas\/\" \/>\n<meta property=\"og:site_name\" content=\"Arrandeterra,coaching amb cavalls Girona.\" \/>\n<meta property=\"article:modified_time\" content=\"2024-11-21T10:07:49+00:00\" \/>\n<meta name=\"twitter:label1\" content=\"Tiempo de lectura\" \/>\n\t<meta name=\"twitter:data1\" content=\"2 minutos\" \/>\n<script type=\"application\/ld+json\" class=\"yoast-schema-graph\">{\"@context\":\"https:\/\/schema.org\",\"@graph\":[{\"@type\":\"WebPage\",\"@id\":\"https:\/\/arrandeterra.es\/es\/actividades-en-caballo-por-escuelas\/\",\"url\":\"https:\/\/arrandeterra.es\/es\/actividades-en-caballo-por-escuelas\/\",\"name\":\"Actividades en caballo por Escuelas - Arrandeterra,coaching amb cavalls Girona.\",\"isPartOf\":{\"@id\":\"https:\/\/arrandeterra.es\/es\/#website\"},\"datePublished\":\"2024-05-06T06:16:21+00:00\",\"dateModified\":\"2024-11-21T10:07:49+00:00\",\"breadcrumb\":{\"@id\":\"https:\/\/arrandeterra.es\/es\/actividades-en-caballo-por-escuelas\/#breadcrumb\"},\"inLanguage\":\"es\",\"potentialAction\":[{\"@type\":\"ReadAction\",\"target\":[\"https:\/\/arrandeterra.es\/es\/actividades-en-caballo-por-escuelas\/\"]}]},{\"@type\":\"BreadcrumbList\",\"@id\":\"https:\/\/arrandeterra.es\/es\/actividades-en-caballo-por-escuelas\/#breadcrumb\",\"itemListElement\":[{\"@type\":\"ListItem\",\"position\":1,\"name\":\"Inici\",\"item\":\"https:\/\/arrandeterra.es\/es\/\"},{\"@type\":\"ListItem\",\"position\":2,\"name\":\"Actividades en caballo por Escuelas\"}]},{\"@type\":\"WebSite\",\"@id\":\"https:\/\/arrandeterra.es\/es\/#website\",\"url\":\"https:\/\/arrandeterra.es\/es\/\",\"name\":\"Arrandeterra,coaching amb cavalls Girona.\",\"description\":\"Coaching amb cavalls a Girona. Formaci\u00f3 i equinoter\u00e0pia amb cavalls.\",\"potentialAction\":[{\"@type\":\"SearchAction\",\"target\":{\"@type\":\"EntryPoint\",\"urlTemplate\":\"https:\/\/arrandeterra.es\/es\/?s={search_term_string}\"},\"query-input\":{\"@type\":\"PropertyValueSpecification\",\"valueRequired\":true,\"valueName\":\"search_term_string\"}}],\"inLanguage\":\"es\"}]}<\/script>\n<!-- \/ Yoast SEO plugin. -->","yoast_head_json":{"title":"Actividades en caballo por Escuelas - Arrandeterra,coaching amb cavalls Girona.","robots":{"index":"index","follow":"follow","max-snippet":"max-snippet:-1","max-image-preview":"max-image-preview:large","max-video-preview":"max-video-preview:-1"},"canonical":"https:\/\/arrandeterra.es\/es\/actividades-en-caballo-por-escuelas\/","og_locale":"es_ES","og_type":"article","og_title":"Actividades en caballo por Escuelas - Arrandeterra,coaching amb cavalls Girona.","og_description":"Actividades con animales por escuelasServicios para escuelas, institutos y universidadesEn nuestra empresa organizamos excursiones de uno o varios d\u00edas para escuelas e institutos, ofreciendo paquetes con todo incluido. Nuestra propuesta combina diversi\u00f3n y educaci\u00f3n, con actividades dise\u00f1adas para el aprendizaje, crecimiento personal y trabajo en equipo utilizando la metodolog\u00eda del coaching asistido con animales. Adem\u00e1s, [&hellip;]","og_url":"https:\/\/arrandeterra.es\/es\/actividades-en-caballo-por-escuelas\/","og_site_name":"Arrandeterra,coaching amb cavalls Girona.","article_modified_time":"2024-11-21T10:07:49+00:00","twitter_misc":{"Tiempo de lectura":"2 minutos"},"schema":{"@context":"https:\/\/schema.org","@graph":[{"@type":"WebPage","@id":"https:\/\/arrandeterra.es\/es\/actividades-en-caballo-por-escuelas\/","url":"https:\/\/arrandeterra.es\/es\/actividades-en-caballo-por-escuelas\/","name":"Actividades en caballo por Escuelas - Arrandeterra,coaching amb cavalls Girona.","isPartOf":{"@id":"https:\/\/arrandeterra.es\/es\/#website"},"datePublished":"2024-05-06T06:16:21+00:00","dateModified":"2024-11-21T10:07:49+00:00","breadcrumb":{"@id":"https:\/\/arrandeterra.es\/es\/actividades-en-caballo-por-escuelas\/#breadcrumb"},"inLanguage":"es","potentialAction":[{"@type":"ReadAction","target":["https:\/\/arrandeterra.es\/es\/actividades-en-caballo-por-escuelas\/"]}]},{"@type":"BreadcrumbList","@id":"https:\/\/arrandeterra.es\/es\/actividades-en-caballo-por-escuelas\/#breadcrumb","itemListElement":[{"@type":"ListItem","position":1,"name":"Inici","item":"https:\/\/arrandeterra.es\/es\/"},{"@type":"ListItem","position":2,"name":"Actividades en caballo por Escuelas"}]},{"@type":"WebSite","@id":"https:\/\/arrandeterra.es\/es\/#website","url":"https:\/\/arrandeterra.es\/es\/","name":"Arrandeterra,coaching amb cavalls Girona.","description":"Coaching amb cavalls a Girona. Formaci\u00f3 i equinoter\u00e0pia amb cavalls.","potentialAction":[{"@type":"SearchAction","target":{"@type":"EntryPoint","urlTemplate":"https:\/\/arrandeterra.es\/es\/?s={search_term_string}"},"query-input":{"@type":"PropertyValueSpecification","valueRequired":true,"valueName":"search_term_string"}}],"inLanguage":"es"}]}},"_links":{"self":[{"href":"https:\/\/arrandeterra.es\/es\/wp-json\/wp\/v2\/pages\/3974","targetHints":{"allow":["GET"]}}],"collection":[{"href":"https:\/\/arrandeterra.es\/es\/wp-json\/wp\/v2\/pages"}],"about":[{"href":"https:\/\/arrandeterra.es\/es\/wp-json\/wp\/v2\/types\/page"}],"author":[{"embeddable":true,"href":"https:\/\/arrandeterra.es\/es\/wp-json\/wp\/v2\/users\/3"}],"replies":[{"embeddable":true,"href":"https:\/\/arrandeterra.es\/es\/wp-json\/wp\/v2\/comments?post=3974"}],"version-history":[{"count":5,"href":"https:\/\/arrandeterra.es\/es\/wp-json\/wp\/v2\/pages\/3974\/revisions"}],"predecessor-version":[{"id":4062,"href":"https:\/\/arrandeterra.es\/es\/wp-json\/wp\/v2\/pages\/3974\/revisions\/4062"}],"wp:attachment":[{"href":"https:\/\/arrandeterra.es\/es\/wp-json\/wp\/v2\/media?parent=3974"}],"curies":[{"name":"wp","href":"https:\/\/api.w.org\/{rel}","templated":true}]}}