{"id":4092,"date":"2020-09-17T11:03:59","date_gmt":"2020-09-17T10:03:59","guid":{"rendered":"https:\/\/arrandeterra.es\/politica-de-cookies\/"},"modified":"2020-09-17T11:03:59","modified_gmt":"2020-09-17T10:03:59","slug":"politica-de-cookies","status":"publish","type":"page","link":"https:\/\/arrandeterra.es\/es\/politica-de-cookies\/","title":{"rendered":"Pol\u00edtica de Cookies"},"content":{"rendered":"<h1 class=\"p1\">POL\u00cdTICA DE COOKIES<\/h1>\n<h2 class=\"p1\">INFORMACI\u00d3 SOBRE LES COOKIES<\/h2>\n<p class=\"p1\">A causa de l&#8217;entrada en vigor de la referida modificaci\u00f3 de la \u00abLlei de Serveis de la Societat de la Informaci\u00f3\u00bb (LSSICE) establerta pel Reial Decret 13\/2012, \u00e9s d&#8217;obligaci\u00f3 obtenir el consentiment expr\u00e9s de l&#8217;usuari de totes les p\u00e0gines web que utilitzen cookies prescindibles, abans que aquest navegui per elles.<\/p>\n<h2 class=\"p1\">QU\u00c8 S\u00d3N LES COOKIES?<\/h2>\n<p class=\"p1\">Les cookies i altres tecnologies similars com ara objectes locals compartits, cookies flash o p\u00edxels, s\u00f3n eines emprades pels servidors web per emmagatzemar i recuperar informaci\u00f3 sobre els seus visitants, aix\u00ed com per oferir un correcte funcionament del lloc. Mitjan\u00e7ant l&#8217;\u00fas d&#8217;aquests dispositius es permet al servidor web recordar alguns dades relatives a l&#8217;usuari, com ara les seves prefer\u00e8ncies per a la visualitzaci\u00f3 de les p\u00e0gines d&#8217;aquest servidor, nom i contrasenya, productes que m\u00e9s li interessen, etc.<\/p>\n<h2 class=\"p1\">COOKIES AFECTADES PER LA NORMATIVA I COOKIES EXCEPTESES<\/h2>\n<p class=\"p1\">Segons la directiva de la UE, les cookies que requereixen el consentiment informat per part de l&#8217;usuari s\u00f3n les cookies d&#8217;an\u00e0lisi i les de publicitat i afiliaci\u00f3, quedant excloses les de car\u00e0cter t\u00e8cnic i les necess\u00e0ries per al funcionament del lloc web o la prestaci\u00f3 de serveis expressament sol\u00b7licitats per l&#8217;usuari.<\/p>\n<h2 class=\"p1\">TIPUS DE COOKIES<\/h2>\n<h3 class=\"p1\">SEGONS LA FINALITAT<\/h3>\n<p class=\"p1\">Cookies t\u00e8cniques i funcionals: s\u00f3n aquelles que permeten a l&#8217;usuari la navegaci\u00f3 a trav\u00e9s d&#8217;una p\u00e0gina web, plataforma o aplicaci\u00f3 i la utilitzaci\u00f3 de les diferents opcions o serveis que en ella existeixin.<\/p>\n<p class=\"p1\">Cookies anal\u00edtiques: s\u00f3n aquelles que permeten al responsable d&#8217;aquestes el seguiment i an\u00e0lisi del comportament dels usuaris dels llocs web als quals estan vinculades. La informaci\u00f3 recollida mitjan\u00e7ant aquest tipus de cookies s&#8217;utilitza en la mesurament de l&#8217;activitat dels llocs web, aplicaci\u00f3 o plataforma i per a l&#8217;elaboraci\u00f3 de perfils de navegaci\u00f3 dels usuaris d&#8217;aquests llocs, aplicacions i plataformes, amb la finalitat d&#8217;introduir millores en funci\u00f3 de l&#8217;an\u00e0lisi de les dades d&#8217;\u00fas que fan els usuaris del servei.<\/p>\n<p class=\"p1\">Cookies de publicitat: s\u00f3n aquelles que permeten la gesti\u00f3, de la manera m\u00e9s efica\u00e7 possible, dels espais publicitaris que, en el seu cas, l&#8217;editor hagi incl\u00f2s en una p\u00e0gina web, aplicaci\u00f3 o plataforma des de la qual presta el servei sol\u00b7licitat en base a criteris com el contingut editat o la freq\u00fc\u00e8ncia amb la qual es mostren els anuncis.<\/p>\n<p class=\"p1\">Cookies de publicitat comportamental: recullen informaci\u00f3 sobre les prefer\u00e8ncies i eleccions personals de l&#8217;usuari (retargeting) per permetre la gesti\u00f3, de la manera m\u00e9s efica\u00e7 possible, dels espais publicitaris que, en el seu cas, l&#8217;editor hagi incl\u00f2s en una p\u00e0gina web, aplicaci\u00f3 o plataforma des de la qual presta el servei sol\u00b7licitat.<\/p>\n<p class=\"p1\">Cookies socials: s\u00f3n establertes per les plataformes de xarxes socials en els serveis per permetre-li compartir contingut amb els seus amics i xarxes. Les plataformes de mitjans socials tenen la capacitat de fer un seguiment de la seva activitat en l\u00ednia fora dels Serveis. Aix\u00f2 pot afectar el contingut i els missatges que veu en altres serveis que visita.<\/p>\n<p class=\"p1\">Cookies d&#8217;afiliats: permeten fer un seguiment de les visites procedents d&#8217;altres webs, amb les quals el lloc web estableix un contracte d&#8217;afiliaci\u00f3 (empreses d&#8217;afiliaci\u00f3).<\/p>\n<p class=\"p1\">Cookies de seguretat: emmagatzemen informaci\u00f3 xifrada per evitar que les dades guardades en elles siguin vulnerables a atacs maliciosos de tercers.<\/p>\n<h3 class=\"p1\">Segons la propietat<\/h3>\n<p class=\"p1\">Cookies pr\u00f2pies: s\u00f3n aquelles que s&#8217;envien a l&#8217;equip terminal de l&#8217;usuari des d&#8217;un equip o domini gestionat pel mateix editor i des del qual es presta el servei sol\u00b7licitat per l&#8217;usuari.<\/p>\n<p class=\"p1\">Cookies de tercers: s\u00f3n aquelles que s&#8217;envien a l&#8217;equip terminal de l&#8217;usuari des d&#8217;un equip o domini que no \u00e9s gestionat per l&#8217;editor, sin\u00f3 per una altra entitat que tracta les dades obtingudes a trav\u00e9s de les cookies.<\/p>\n<h3 class=\"p1\">Segons el termini de conservaci\u00f3<\/h3>\n<p class=\"p1\">Cookies de sessi\u00f3: s\u00f3n un tipus de cookies dissenyades per recopilar i emmagatzemar dades mentre l&#8217;usuari accedeix a una p\u00e0gina web.<\/p>\n<p class=\"p1\">Cookies persistents: s\u00f3n un tipus de cookies en qu\u00e8 les dades segueixen emmagatzemades al terminal i poden ser accedides i tractades durant un per\u00edode definit pel responsable de la cookie, que pot anar des d&#8217;uns minuts fins a diversos anys.<\/p>\n<h2 class=\"p1\">Tractament de dades personals<\/h2>\n<p class=\"p1\">ARRANDETERRA \u00e9s el Responsable del tractament de les dades personals de l&#8217;Interessat i li informa que aquestes dades seran tractades d&#8217;acord amb el que disposa el Reglament (UE) 2016\/679, de 27 d&#8217;abril de 2016 (GDPR), per la qual cosa se li facilita la seg\u00fcent informaci\u00f3 del tractament:<\/p>\n<p class=\"p1\">Finalitats del tractament: segons s&#8217;especifica a la secci\u00f3 de cookies que s&#8217;utilitzen en aquest lloc web.<\/p>\n<p class=\"p1\">Legitimaci\u00f3 del tractament: per consentiment de l&#8217;interessat (art. 6.1 GDPR).<\/p>\n<p class=\"p1\">Criteris de conservaci\u00f3 de les dades: segons s&#8217;especifica a la secci\u00f3 de cookies utilitzades en el web.<\/p>\n<p class=\"p1\">Comunicaci\u00f3 de les dades: no es comunicaran les dades a tercers, excepte en cookies propietat de tercers o per obligaci\u00f3 legal.<\/p>\n<p class=\"p1\">Drets que assisteixen a l&#8217;Interessat:<\/p>\n<p class=\"p1\">Dret a retirar el consentiment en qualsevol moment.<\/p>\n<p class=\"p1\">Dret d&#8217;acc\u00e9s, rectificaci\u00f3, portabilitat i supressi\u00f3 de les seves dades, i de limitaci\u00f3 o oposici\u00f3 al seu tractament.<\/p>\n<p class=\"p1\">Dret a presentar una reclamaci\u00f3 davant l&#8217;Autoritat de control (www.aepd.es) si considera que el tractament no s&#8217;ajusta a la normativa vigent.<\/p>\n<p class=\"p1\">Dades de contacte per exercir els seus drets:<\/p>\n<p class=\"p1\"><b>Masia Cal Cucut, Km 15, s.n<\/b>. Brunyola-Vilob\u00ed D\u2019Onyar.\u00a0 E-Mail: equiparrandeterra@gmail.com<\/p>\n<h2 class=\"p1\">GALETES UTILITZADES EN AQUEST LLOC WEB<\/h2>\n<p class=\"p1\">Anal\u00edtiques<\/p>\n<p class=\"p1\">NOM TIPUS PROPIETAT FINALITAT TERMINI<\/p>\n<p class=\"p1\">_ga Anal\u00edtica Google Analytics Habilita la funci\u00f3 de control de visites \u00faniques. La primera vegada que un usuari entri al lloc web a trav\u00e9s d&#8217;un navegador, s&#8217;instal\u00b7lar\u00e0 aquesta galeta. Quan aquest usuari torni a entrar al web amb el mateix navegador, la galeta considerar\u00e0 que \u00e9s el mateix usuari. Nom\u00e9s en el cas que l&#8217;usuari canvi\u00ef de navegador, es considerar\u00e0 un altre usuari 2 anys<\/p>\n<p class=\"p1\">_gat Anal\u00edtica Google Analytics S&#8217;utilitza per limitar la velocitat de petici\u00f3 &#8211; la limitaci\u00f3 de la recollida de dades en els llocs de tr\u00e0nsit elevat 10 minuts<\/p>\n<p class=\"p1\">_gid Anal\u00edtica Google Analytics S&#8217;utilitza per distingir els usuaris 24 hores<\/p>\n<p class=\"p1\">Des d&#8217;aquest panell podr\u00e0 configurar les galetes que el lloc web pot instal\u00b7lar al seu navegador, excepte les galetes t\u00e8cniques o funcionals que s\u00f3n necess\u00e0ries per a la navegaci\u00f3 i la utilitzaci\u00f3 de les diferents opcions o serveis que s&#8217;ofereixen.<\/p>\n<p class=\"p1\">Panell de galetes<\/p>\n<h2 class=\"p1\">COM GESTIONAR LES GALETES DES DEL NAVEGADOR<\/h2>\n<p class=\"p1\">Eliminar les galetes del dispositiu Les galetes que ja estan en un dispositiu es poden eliminar borrant l&#8217;historial del navegador, amb la qual cosa se suprimeixen les galetes de tots els llocs web visitats. Tanmateix, tamb\u00e9 es pot perdre part de la informaci\u00f3 guardada (per exemple, les dades d&#8217;inici de sessi\u00f3 o les prefer\u00e8ncies del lloc web).<\/p>\n<p class=\"p1\">Gestionar les galetes espec\u00edfiques del lloc Per tenir un control m\u00e9s prec\u00eds de les galetes espec\u00edfiques de cada lloc, els usuaris poden ajustar la seva configuraci\u00f3 de privadesa i galetes en el navegador.<\/p>\n<p class=\"p1\">Bloquejar les galetes Tot i que la majoria dels navegadors moderns es poden configurar per evitar que s&#8217;instal\u00b7lin galetes en els dispositius, aix\u00f2 pot obligar a l&#8217;ajust manual de determinades prefer\u00e8ncies cada vegada que es visiti un lloc o p\u00e0gina. A m\u00e9s, alguns serveis i caracter\u00edstiques poden no funcionar correctament (per exemple, els inicis de sessi\u00f3 amb perfil).<\/p>\n<p class=\"p1\">Chrome http:\/\/support.google.com\/chrome\/answer\/95647?hl=es<\/p>\n<p class=\"p1\">Edge https:\/\/support.microsoft.com\/es-es\/microsoft-edge\/eliminar-las-cookies-en-microsoft-edge- 63947406-40ac-c3b8-57b9-2a946a29ae09<\/p>\n<p class=\"p1\">Explorer https:\/\/support.microsoft.com\/es-es\/help\/278835\/how-to-delete-cookie-files-in-internet- explorer<\/p>\n<p class=\"p1\">Firefox https:\/\/www.mozilla.org\/es-ES\/privacy\/websites\/#cookies<\/p>\n<p class=\"p1\">Safari https:\/\/support.apple.com\/es-es\/guide\/safari\/sfri11471\/mac<\/p>\n<p class=\"p1\">Opera https:\/\/help.opera.com\/en\/latest\/security-and-privacy\/#clearBrowsingData<\/p>\n","protected":false},"excerpt":{"rendered":"<p>POL\u00cdTICA DE COOKIES INFORMACI\u00d3 SOBRE LES COOKIES A causa de l&#8217;entrada en vigor de la referida modificaci\u00f3 de la \u00abLlei de Serveis de la Societat de la Informaci\u00f3\u00bb (LSSICE) establerta pel Reial Decret 13\/2012, \u00e9s d&#8217;obligaci\u00f3 obtenir el consentiment expr\u00e9s de l&#8217;usuari de totes les p\u00e0gines web que utilitzen cookies prescindibles, abans que aquest navegui [&hellip;]<\/p>\n","protected":false},"author":2,"featured_media":0,"parent":0,"menu_order":300,"comment_status":"closed","ping_status":"closed","template":"","meta":{"_et_pb_use_builder":"","_et_pb_old_content":"","_et_gb_content_width":"","footnotes":""},"class_list":["post-4092","page","type-page","status-publish","hentry"],"yoast_head":"<!-- This site is optimized with the Yoast SEO plugin v27.2 - https:\/\/yoast.com\/product\/yoast-seo-wordpress\/ -->\n<title>Pol\u00edtica de Cookies - Arrandeterra,coaching amb cavalls Girona.<\/title>\n<meta name=\"robots\" content=\"index, follow, max-snippet:-1, max-image-preview:large, max-video-preview:-1\" \/>\n<link rel=\"canonical\" href=\"https:\/\/arrandeterra.es\/es\/politica-de-cookies\/\" \/>\n<meta property=\"og:locale\" content=\"es_ES\" \/>\n<meta property=\"og:type\" content=\"article\" \/>\n<meta property=\"og:title\" content=\"Pol\u00edtica de Cookies - Arrandeterra,coaching amb cavalls Girona.\" \/>\n<meta property=\"og:description\" content=\"POL\u00cdTICA DE COOKIES INFORMACI\u00d3 SOBRE LES COOKIES A causa de l&#8217;entrada en vigor de la referida modificaci\u00f3 de la \u00abLlei de Serveis de la Societat de la Informaci\u00f3\u00bb (LSSICE) establerta pel Reial Decret 13\/2012, \u00e9s d&#8217;obligaci\u00f3 obtenir el consentiment expr\u00e9s de l&#8217;usuari de totes les p\u00e0gines web que utilitzen cookies prescindibles, abans que aquest navegui [&hellip;]\" \/>\n<meta property=\"og:url\" content=\"https:\/\/arrandeterra.es\/es\/politica-de-cookies\/\" \/>\n<meta property=\"og:site_name\" content=\"Arrandeterra,coaching amb cavalls Girona.\" \/>\n<meta name=\"twitter:label1\" content=\"Tiempo de lectura\" \/>\n\t<meta name=\"twitter:data1\" content=\"6 minutos\" \/>\n<script type=\"application\/ld+json\" class=\"yoast-schema-graph\">{\"@context\":\"https:\/\/schema.org\",\"@graph\":[{\"@type\":\"WebPage\",\"@id\":\"https:\/\/arrandeterra.es\/es\/politica-de-cookies\/\",\"url\":\"https:\/\/arrandeterra.es\/es\/politica-de-cookies\/\",\"name\":\"Pol\u00edtica de Cookies - Arrandeterra,coaching amb cavalls Girona.\",\"isPartOf\":{\"@id\":\"https:\/\/arrandeterra.es\/es\/#website\"},\"datePublished\":\"2020-09-17T10:03:59+00:00\",\"breadcrumb\":{\"@id\":\"https:\/\/arrandeterra.es\/es\/politica-de-cookies\/#breadcrumb\"},\"inLanguage\":\"es\",\"potentialAction\":[{\"@type\":\"ReadAction\",\"target\":[\"https:\/\/arrandeterra.es\/es\/politica-de-cookies\/\"]}]},{\"@type\":\"BreadcrumbList\",\"@id\":\"https:\/\/arrandeterra.es\/es\/politica-de-cookies\/#breadcrumb\",\"itemListElement\":[{\"@type\":\"ListItem\",\"position\":1,\"name\":\"Inici\",\"item\":\"https:\/\/arrandeterra.es\/es\/\"},{\"@type\":\"ListItem\",\"position\":2,\"name\":\"Pol\u00edtica de Cookies\"}]},{\"@type\":\"WebSite\",\"@id\":\"https:\/\/arrandeterra.es\/es\/#website\",\"url\":\"https:\/\/arrandeterra.es\/es\/\",\"name\":\"Arrandeterra,coaching amb cavalls Girona.\",\"description\":\"Coaching amb cavalls a Girona. Formaci\u00f3 i equinoter\u00e0pia amb cavalls.\",\"potentialAction\":[{\"@type\":\"SearchAction\",\"target\":{\"@type\":\"EntryPoint\",\"urlTemplate\":\"https:\/\/arrandeterra.es\/es\/?s={search_term_string}\"},\"query-input\":{\"@type\":\"PropertyValueSpecification\",\"valueRequired\":true,\"valueName\":\"search_term_string\"}}],\"inLanguage\":\"es\"}]}<\/script>\n<!-- \/ Yoast SEO plugin. -->","yoast_head_json":{"title":"Pol\u00edtica de Cookies - Arrandeterra,coaching amb cavalls Girona.","robots":{"index":"index","follow":"follow","max-snippet":"max-snippet:-1","max-image-preview":"max-image-preview:large","max-video-preview":"max-video-preview:-1"},"canonical":"https:\/\/arrandeterra.es\/es\/politica-de-cookies\/","og_locale":"es_ES","og_type":"article","og_title":"Pol\u00edtica de Cookies - Arrandeterra,coaching amb cavalls Girona.","og_description":"POL\u00cdTICA DE COOKIES INFORMACI\u00d3 SOBRE LES COOKIES A causa de l&#8217;entrada en vigor de la referida modificaci\u00f3 de la \u00abLlei de Serveis de la Societat de la Informaci\u00f3\u00bb (LSSICE) establerta pel Reial Decret 13\/2012, \u00e9s d&#8217;obligaci\u00f3 obtenir el consentiment expr\u00e9s de l&#8217;usuari de totes les p\u00e0gines web que utilitzen cookies prescindibles, abans que aquest navegui [&hellip;]","og_url":"https:\/\/arrandeterra.es\/es\/politica-de-cookies\/","og_site_name":"Arrandeterra,coaching amb cavalls Girona.","twitter_misc":{"Tiempo de lectura":"6 minutos"},"schema":{"@context":"https:\/\/schema.org","@graph":[{"@type":"WebPage","@id":"https:\/\/arrandeterra.es\/es\/politica-de-cookies\/","url":"https:\/\/arrandeterra.es\/es\/politica-de-cookies\/","name":"Pol\u00edtica de Cookies - Arrandeterra,coaching amb cavalls Girona.","isPartOf":{"@id":"https:\/\/arrandeterra.es\/es\/#website"},"datePublished":"2020-09-17T10:03:59+00:00","breadcrumb":{"@id":"https:\/\/arrandeterra.es\/es\/politica-de-cookies\/#breadcrumb"},"inLanguage":"es","potentialAction":[{"@type":"ReadAction","target":["https:\/\/arrandeterra.es\/es\/politica-de-cookies\/"]}]},{"@type":"BreadcrumbList","@id":"https:\/\/arrandeterra.es\/es\/politica-de-cookies\/#breadcrumb","itemListElement":[{"@type":"ListItem","position":1,"name":"Inici","item":"https:\/\/arrandeterra.es\/es\/"},{"@type":"ListItem","position":2,"name":"Pol\u00edtica de Cookies"}]},{"@type":"WebSite","@id":"https:\/\/arrandeterra.es\/es\/#website","url":"https:\/\/arrandeterra.es\/es\/","name":"Arrandeterra,coaching amb cavalls Girona.","description":"Coaching amb cavalls a Girona. Formaci\u00f3 i equinoter\u00e0pia amb cavalls.","potentialAction":[{"@type":"SearchAction","target":{"@type":"EntryPoint","urlTemplate":"https:\/\/arrandeterra.es\/es\/?s={search_term_string}"},"query-input":{"@type":"PropertyValueSpecification","valueRequired":true,"valueName":"search_term_string"}}],"inLanguage":"es"}]}},"_links":{"self":[{"href":"https:\/\/arrandeterra.es\/es\/wp-json\/wp\/v2\/pages\/4092","targetHints":{"allow":["GET"]}}],"collection":[{"href":"https:\/\/arrandeterra.es\/es\/wp-json\/wp\/v2\/pages"}],"about":[{"href":"https:\/\/arrandeterra.es\/es\/wp-json\/wp\/v2\/types\/page"}],"author":[{"embeddable":true,"href":"https:\/\/arrandeterra.es\/es\/wp-json\/wp\/v2\/users\/2"}],"replies":[{"embeddable":true,"href":"https:\/\/arrandeterra.es\/es\/wp-json\/wp\/v2\/comments?post=4092"}],"version-history":[{"count":0,"href":"https:\/\/arrandeterra.es\/es\/wp-json\/wp\/v2\/pages\/4092\/revisions"}],"wp:attachment":[{"href":"https:\/\/arrandeterra.es\/es\/wp-json\/wp\/v2\/media?parent=4092"}],"curies":[{"name":"wp","href":"https:\/\/api.w.org\/{rel}","templated":true}]}}