{"id":3918,"date":"2011-02-25T09:37:54","date_gmt":"2011-02-25T08:37:54","guid":{"rendered":"https:\/\/arrandeterra.es\/equip\/"},"modified":"2024-11-21T10:45:20","modified_gmt":"2024-11-21T09:45:20","slug":"equipe","status":"publish","type":"page","link":"https:\/\/arrandeterra.es\/fr\/equipe\/","title":{"rendered":"\u00c9quipe"},"content":{"rendered":"<p>[et_pb_section fb_built=\u00a0\u00bb1&Prime; admin_label=\u00a0\u00bbAbout\u00a0\u00bb _builder_version=\u00a0\u00bb4.22.0&Prime; _module_preset=\u00a0\u00bbdefault\u00a0\u00bb locked=\u00a0\u00bboff\u00a0\u00bb collapsed=\u00a0\u00bbon\u00a0\u00bb global_colors_info=\u00a0\u00bb{}\u00a0\u00bb][et_pb_row _builder_version=\u00a0\u00bb4.22.0&Prime; _module_preset=\u00a0\u00bbdefault\u00a0\u00bb global_colors_info=\u00a0\u00bb{}\u00a0\u00bb][et_pb_column type=\u00a0\u00bb4_4&Prime; _builder_version=\u00a0\u00bb4.22.0&Prime; _module_preset=\u00a0\u00bbdefault\u00a0\u00bb global_colors_info=\u00a0\u00bb{}\u00a0\u00bb][et_pb_text _builder_version=\u00a0\u00bb4.24.0&Prime; _module_preset=\u00a0\u00bb24907510-9e8b-4c08-8eb5-7f3e63204c98&Prime; header_font=\u00a0\u00bb||||||||\u00a0\u00bb custom_margin=\u00a0\u00bb||10px||false|false\u00a0\u00bb global_colors_info=\u00a0\u00bb{}\u00a0\u00bb]<\/p>\n<h1>Qui nous sommes<\/h1>\n<p>[\/et_pb_text][\/et_pb_column][\/et_pb_row][et_pb_row column_structure=\u00a0\u00bb3_5,2_5&Prime; _builder_version=\u00a0\u00bb4.22.0&Prime; _module_preset=\u00a0\u00bbdefault\u00a0\u00bb global_colors_info=\u00a0\u00bb{}\u00a0\u00bb][et_pb_column type=\u00a0\u00bb3_5&Prime; _builder_version=\u00a0\u00bb4.22.0&Prime; _module_preset=\u00a0\u00bbdefault\u00a0\u00bb global_colors_info=\u00a0\u00bb{}\u00a0\u00bb][et_pb_image src=\u00a0\u00bbhttps:\/\/arrandeterra.es\/wp-content\/uploads\/Maria-de-las-heras-1.jpg\u00a0\u00bb title_text=\u00a0\u00bbMaria de las heras (1)\u00a0\u00bb show_bottom_space=\u00a0\u00bboff\u00a0\u00bb _builder_version=\u00a0\u00bb4.24.0&Prime; _module_preset=\u00a0\u00bbdefault\u00a0\u00bb width=\u00a0\u00bb80%\u00a0\u00bb height=\u00a0\u00bb578px\u00a0\u00bb global_colors_info=\u00a0\u00bb{}\u00a0\u00bb][\/et_pb_image][et_pb_image src=\u00a0\u00bbhttps:\/\/arrandeterra.es\/wp-content\/uploads\/5862061527_397a2ea921.jpg\u00a0\u00bb title_text=\u00a0\u00bb5862061527_397a2ea921&Prime; _builder_version=\u00a0\u00bb4.24.0&Prime; _module_preset=\u00a0\u00bbdefault\u00a0\u00bb positioning=\u00a0\u00bbabsolute\u00a0\u00bb position_origin_a=\u00a0\u00bbbottom_right\u00a0\u00bb width=\u00a0\u00bb40%\u00a0\u00bb global_colors_info=\u00a0\u00bb{}\u00a0\u00bb][\/et_pb_image][\/et_pb_column][et_pb_column type=\u00a0\u00bb2_5&Prime; _builder_version=\u00a0\u00bb4.22.0&Prime; _module_preset=\u00a0\u00bbdefault\u00a0\u00bb global_colors_info=\u00a0\u00bb{}\u00a0\u00bb][et_pb_text _builder_version=\u00a0\u00bb4.24.0&Prime; _module_preset=\u00a0\u00bb6f7aa0f6-8ae8-4019-8dad-add6d91bbb2a\u00a0\u00bb custom_margin=\u00a0\u00bb||10px||false|false\u00a0\u00bb global_colors_info=\u00a0\u00bb{}\u00a0\u00bb]<\/p>\n<h2>Maria de las Heras<\/h2>\n<p>[\/et_pb_text][et_pb_text _builder_version=\u00a0\u00bb4.27.3&Prime; _module_preset=\u00a0\u00bbc637dbd0-7fa7-4e89-95a6-e59122f73ca5&Prime; global_colors_info=\u00a0\u00bb{}\u00a0\u00bb]<\/p>\n<p>Je suis infirmi\u00e8re, \u00e9quid\u00e9th\u00e9rapeute et coach sp\u00e9cialis\u00e9e dans le coaching avec les chevaux et les interventions aupr\u00e8s des animaux. J&rsquo;ai travaill\u00e9 comme infirmi\u00e8re et coach en France et je suis la fondatrice d&rsquo;Arrandeterra.<\/p>\n<p>En tant que formatrice dans le domaine de la sant\u00e9, du d\u00e9veloppement personnel et des interventions assist\u00e9es par les animaux, j&rsquo;ai consacr\u00e9 ma carri\u00e8re \u00e0 am\u00e9liorer le bien-\u00eatre \u00e9motionnel et physique gr\u00e2ce \u00e0 la connexion avec les animaux.<\/p>\n<p>[\/et_pb_text][\/et_pb_column][\/et_pb_row][\/et_pb_section][et_pb_section fb_built=\u00a0\u00bb1&Prime; _builder_version=\u00a0\u00bb4.24.0&Prime; _module_preset=\u00a0\u00bbdefault\u00a0\u00bb custom_padding=\u00a0\u00bb||1px|||\u00a0\u00bb global_colors_info=\u00a0\u00bb{}\u00a0\u00bb][et_pb_row _builder_version=\u00a0\u00bb4.24.0&Prime; _module_preset=\u00a0\u00bbdefault\u00a0\u00bb custom_padding=\u00a0\u00bb||80px|||\u00a0\u00bb global_colors_info=\u00a0\u00bb{}\u00a0\u00bb][et_pb_column type=\u00a0\u00bb4_4&Prime; _builder_version=\u00a0\u00bb4.24.0&Prime; _module_preset=\u00a0\u00bbdefault\u00a0\u00bb global_colors_info=\u00a0\u00bb{}\u00a0\u00bb][et_pb_cta title=\u00a0\u00bbArrandeterra\u00a0\u00bb button_url=\u00a0\u00bb@ET-DC@eyJkeW5hbWljIjp0cnVlLCJjb250ZW50IjoicG9zdF9saW5rX3VybF9wYWdlIiwic2V0dGluZ3MiOnsicG9zdF9pZCI6IjM5ODYifX0=@\u00a0\u00bb button_text=\u00a0\u00bbContact\u00a0\u00bb _builder_version=\u00a0\u00bb4.27.3&Prime; _module_preset=\u00a0\u00bbdefault\u00a0\u00bb header_font_size=\u00a0\u00bb30px\u00a0\u00bb header_line_height=\u00a0\u00bb1.5em\u00a0\u00bb body_font_size=\u00a0\u00bb16px\u00a0\u00bb background_color=\u00a0\u00bb#000000&Prime; background_image=\u00a0\u00bbhttps:\/\/arrandeterra.es\/wp-content\/uploads\/baner-web.jpg\u00a0\u00bb min_height=\u00a0\u00bb245.8px\u00a0\u00bb custom_margin=\u00a0\u00bb-9px|||||\u00a0\u00bb custom_padding=\u00a0\u00bb89px||89px|||\u00a0\u00bb hover_enabled=\u00a0\u00bb0&Prime; global_colors_info=\u00a0\u00bb{}\u00a0\u00bb _dynamic_attributes=\u00a0\u00bbbutton_url\u00a0\u00bb sticky_enabled=\u00a0\u00bb0&Prime;]<\/p>\n<p class=\"p1\">Centre de formation et d\u00e9veloppement d&rsquo;activit\u00e9s r\u00e9cr\u00e9atives et p\u00e9dagogiques pour entreprises et \u00e9coles-instituts.<\/p>\n<p>[\/et_pb_cta][\/et_pb_column][\/et_pb_row][\/et_pb_section]<\/p>\n","protected":false},"excerpt":{"rendered":"<p>Qui nous sommesMaria de las HerasJe suis infirmi\u00e8re, \u00e9quid\u00e9th\u00e9rapeute et coach sp\u00e9cialis\u00e9e dans le coaching avec les chevaux et les interventions aupr\u00e8s des animaux. J&rsquo;ai travaill\u00e9 comme infirmi\u00e8re et coach en France et je suis la fondatrice d&rsquo;Arrandeterra. En tant que formatrice dans le domaine de la sant\u00e9, du d\u00e9veloppement personnel et des interventions assist\u00e9es [&hellip;]<\/p>\n","protected":false},"author":2,"featured_media":0,"parent":0,"menu_order":0,"comment_status":"closed","ping_status":"closed","template":"","meta":{"_et_pb_use_builder":"on","_et_pb_old_content":"<table border=\"0\" width=\"940\" cellspacing=\"0\" cellpadding=\"0\"><tbody><tr><td valign=\"top\" width=\"600\"><h4>\u00a0<\/h4><h4>\u00a0\u00a0<strong>Maria de las Heras<\/strong><\/h4><p>[gallery columns=\"1\" ids=\"1230\"]<\/p><h4>-En convivencia con los caballos desde los 6 a\u00f1os de edad.<\/h4><p>-1998: Se crea la ganader\u00eda de caballos de P.R.E. \u201cDe las Heras de Ribot\u201d y form\u00f3 parte de la gesti\u00f3n y mantenimiento de \u00e9sta.<br \/>-2003: Diplomada en Enfermer\u00eda por la Universidad de Barcelona.<br \/>-2003-2004: Enfermera de Medicina Interna, Cirug\u00eda y Traumatolog\u00eda en el Hospital Dr. Josep Trueta de Girona.<br \/>-2004: Enfermera en la Unidad de Ictus y Enfermedades infecciosas del Hospital Dr. Josep Trueta de Girona.<br \/>-2006: Inicia la carrera Universitaria de Veterinaria en Valencia; posteriormente sigue en la Universidad Aut\u00f3noma de Barcelona.<br \/>-2009: Enfermera del Centro de Asistencia Primaria de Santa Coloma de Farners hasta hoy.<br \/>-Posgrado en Hipoterapia y Equitaci\u00f3n Terap\u00e9utica por la Universidad de Girona.<br \/>-Coach Personal certificada por la Escuela Tisoc. (The International School of Coaching).<\/p><h4>\u00a0<\/h4><p>-Horse assisted Coaching certificada por la Escuela Tisoc. (The International School of Coaching) y por el centro \u201cEquilibri\u201d que dio su metodolog\u00eda.<br \/>-M\u00e1ster en Intervenciones Asistidas con Animales de la Universidad de Barcelona.<\/p><h4>\u00a0<\/h4><p>-Certificada por EAGALA en Psicoterapia asistida con caballos.<\/p><h4>\u00a0<\/h4><p>-2010:\u00a0Inicio Arrandeterra.<\/p><h4>\u00a0<\/h4><p><em><strong>Equipo colaborador:<\/strong><\/em><\/p><h4>\u00a0<\/h4><p>\u00a0<\/p><h4>\u00a0<\/h4><h4><strong>EVA GARC\u00c9S SOLER<\/strong><\/h4><p>[gallery columns=\"1\" ids=\"99\"]<\/p><h4>-1990: Inicia su carrera profesional en recursos humanos en PRICE WATERHOUSE.<\/h4><p>-1993: Licenciada en Psicolog\u00eda de las Organizaciones por la Universidad de Barcelona.<br \/>-1994: Se incorpora como Researcher en BERNDSTON PAUL RAY.<br \/>-1995: Responsable del \u00e1rea de Selecci\u00f3n y Desarrollo de DANONE, SA .<br \/>-2000: Directora Regional de RRHH en la multinacional francesa LEROY MERLIN.<br \/>-2001: MBA por ESADE.<br \/>-Fundadora de Mendip Talento Development, dedicada a ayudar a las organizaciones a desarrollar el talento de sus equipos.<br \/>-2007- 2010: MC CONSULTOR\u00cdA, Grupo MC Asociados. Business Unit Manager.<br \/>-Profesora en la Escuela Universitaria de Turismo CETT, en IQS y ESADE y Coach en el Programa LEAD para Executive Masters de ESADE.<br \/>-Executive Coach, certificada por la ICF (International Coach Federation), nivel ACC.<br \/>-Horse Assisted Coaching certificada por Tisoc (The International School of Coaching).<\/p><h4>\u00a0<\/h4><h4><strong>JOSEP FOLGUERA YLLA<\/strong><\/h4><p>[gallery columns=\"1\" ids=\"411\"]<\/p><h4>-2003-2004: Cuidador de la residencia St.Tomas (Calldetenes-Vic). Centro de disminuidos f\u00edsicos y ps\u00edquicos de Osona.<\/h4><p>-2004: Diplomado en Fisioterapia por la Universidad de Vic.-2005: Fisioterapeuta en el centro Tarso de Palafrugell.<br \/>-2005-2008: Fisioterapeuta del Hospital-asilo de pobres y enfermos de Torroella de Montgr\u00ed.<br \/>-Posgrado en Hipoterapia y Equitaci\u00f3n Terap\u00e9utica por la Universidad de Girona.<\/p><h4>\u00a0<\/h4><p><strong>\u00a0 \u00a0NEUS SOUSA BASTIDA<\/strong><\/p><p>[gallery columns=\"1\" ids=\"1275\"]<\/p><p>-2008: Maestra de Educaci\u00f3n Especial por la Universidad de Barcelona.<\/p><p>-2008: Terapeuta en T\u00e9cnica Metam\u00f3rfica por la Asociaci\u00f3n Metam\u00f3rfica Espa\u00f1ola.<br \/>-2009: Postgrado en Hipoterapia y Equitaci\u00f3n Terap\u00e9utica por la Universidad de Girona.<br \/>-Coach Personal certificada por Tisoc (The International School of Coaching).<br \/>-Horse Assisted Coaching certificada por Tisoc (The International School of Coaching).<br \/>-2010: Fundadora de\u00a0<a title=\"Projecte Dhara\" href=\"http:\/\/www.equidhara.wordpress.com\/\" target=\"_blank\" rel=\"noopener noreferrer\">Dhara<\/a>.<\/p><h4><span style=\"color: #000000;\"><strong>\u00a0<\/strong><\/span><\/h4><\/td><td valign=\"top\" width=\"340\">\u00a0<\/td><\/tr><\/tbody><\/table>","_et_gb_content_width":"","footnotes":""},"class_list":["post-3918","page","type-page","status-publish","hentry"],"yoast_head":"<!-- This site is optimized with the Yoast SEO plugin v27.2 - https:\/\/yoast.com\/product\/yoast-seo-wordpress\/ -->\n<title>\u00c9quipe - Arrandeterra,coaching amb cavalls Girona.<\/title>\n<meta name=\"robots\" content=\"index, follow, max-snippet:-1, max-image-preview:large, max-video-preview:-1\" \/>\n<link rel=\"canonical\" href=\"https:\/\/arrandeterra.es\/fr\/equipe\/\" \/>\n<meta property=\"og:locale\" content=\"fr_FR\" \/>\n<meta property=\"og:type\" content=\"article\" \/>\n<meta property=\"og:title\" content=\"\u00c9quipe - Arrandeterra,coaching amb cavalls Girona.\" \/>\n<meta property=\"og:description\" content=\"Qui nous sommesMaria de las HerasJe suis infirmi\u00e8re, \u00e9quid\u00e9th\u00e9rapeute et coach sp\u00e9cialis\u00e9e dans le coaching avec les chevaux et les interventions aupr\u00e8s des animaux. J&#039;ai travaill\u00e9 comme infirmi\u00e8re et coach en France et je suis la fondatrice d&#039;Arrandeterra. En tant que formatrice dans le domaine de la sant\u00e9, du d\u00e9veloppement personnel et des interventions assist\u00e9es [&hellip;]\" \/>\n<meta property=\"og:url\" content=\"https:\/\/arrandeterra.es\/fr\/equipe\/\" \/>\n<meta property=\"og:site_name\" content=\"Arrandeterra,coaching amb cavalls Girona.\" \/>\n<meta property=\"article:modified_time\" content=\"2024-11-21T09:45:20+00:00\" \/>\n<meta name=\"twitter:label1\" content=\"Dur\u00e9e de lecture estim\u00e9e\" \/>\n\t<meta name=\"twitter:data1\" content=\"1 minute\" \/>\n<script type=\"application\/ld+json\" class=\"yoast-schema-graph\">{\"@context\":\"https:\/\/schema.org\",\"@graph\":[{\"@type\":\"WebPage\",\"@id\":\"https:\/\/arrandeterra.es\/fr\/equipe\/\",\"url\":\"https:\/\/arrandeterra.es\/fr\/equipe\/\",\"name\":\"\u00c9quipe - Arrandeterra,coaching amb cavalls Girona.\",\"isPartOf\":{\"@id\":\"https:\/\/arrandeterra.es\/fr\/#website\"},\"datePublished\":\"2011-02-25T08:37:54+00:00\",\"dateModified\":\"2024-11-21T09:45:20+00:00\",\"breadcrumb\":{\"@id\":\"https:\/\/arrandeterra.es\/fr\/equipe\/#breadcrumb\"},\"inLanguage\":\"fr-FR\",\"potentialAction\":[{\"@type\":\"ReadAction\",\"target\":[\"https:\/\/arrandeterra.es\/fr\/equipe\/\"]}]},{\"@type\":\"BreadcrumbList\",\"@id\":\"https:\/\/arrandeterra.es\/fr\/equipe\/#breadcrumb\",\"itemListElement\":[{\"@type\":\"ListItem\",\"position\":1,\"name\":\"Inici\",\"item\":\"https:\/\/arrandeterra.es\/fr\/\"},{\"@type\":\"ListItem\",\"position\":2,\"name\":\"\u00c9quipe\"}]},{\"@type\":\"WebSite\",\"@id\":\"https:\/\/arrandeterra.es\/fr\/#website\",\"url\":\"https:\/\/arrandeterra.es\/fr\/\",\"name\":\"Arrandeterra,coaching amb cavalls Girona.\",\"description\":\"Coaching amb cavalls a Girona. Formaci\u00f3 i equinoter\u00e0pia amb cavalls.\",\"potentialAction\":[{\"@type\":\"SearchAction\",\"target\":{\"@type\":\"EntryPoint\",\"urlTemplate\":\"https:\/\/arrandeterra.es\/fr\/?s={search_term_string}\"},\"query-input\":{\"@type\":\"PropertyValueSpecification\",\"valueRequired\":true,\"valueName\":\"search_term_string\"}}],\"inLanguage\":\"fr-FR\"}]}<\/script>\n<!-- \/ Yoast SEO plugin. -->","yoast_head_json":{"title":"\u00c9quipe - Arrandeterra,coaching amb cavalls Girona.","robots":{"index":"index","follow":"follow","max-snippet":"max-snippet:-1","max-image-preview":"max-image-preview:large","max-video-preview":"max-video-preview:-1"},"canonical":"https:\/\/arrandeterra.es\/fr\/equipe\/","og_locale":"fr_FR","og_type":"article","og_title":"\u00c9quipe - Arrandeterra,coaching amb cavalls Girona.","og_description":"Qui nous sommesMaria de las HerasJe suis infirmi\u00e8re, \u00e9quid\u00e9th\u00e9rapeute et coach sp\u00e9cialis\u00e9e dans le coaching avec les chevaux et les interventions aupr\u00e8s des animaux. J'ai travaill\u00e9 comme infirmi\u00e8re et coach en France et je suis la fondatrice d'Arrandeterra. En tant que formatrice dans le domaine de la sant\u00e9, du d\u00e9veloppement personnel et des interventions assist\u00e9es [&hellip;]","og_url":"https:\/\/arrandeterra.es\/fr\/equipe\/","og_site_name":"Arrandeterra,coaching amb cavalls Girona.","article_modified_time":"2024-11-21T09:45:20+00:00","twitter_misc":{"Dur\u00e9e de lecture estim\u00e9e":"1 minute"},"schema":{"@context":"https:\/\/schema.org","@graph":[{"@type":"WebPage","@id":"https:\/\/arrandeterra.es\/fr\/equipe\/","url":"https:\/\/arrandeterra.es\/fr\/equipe\/","name":"\u00c9quipe - Arrandeterra,coaching amb cavalls Girona.","isPartOf":{"@id":"https:\/\/arrandeterra.es\/fr\/#website"},"datePublished":"2011-02-25T08:37:54+00:00","dateModified":"2024-11-21T09:45:20+00:00","breadcrumb":{"@id":"https:\/\/arrandeterra.es\/fr\/equipe\/#breadcrumb"},"inLanguage":"fr-FR","potentialAction":[{"@type":"ReadAction","target":["https:\/\/arrandeterra.es\/fr\/equipe\/"]}]},{"@type":"BreadcrumbList","@id":"https:\/\/arrandeterra.es\/fr\/equipe\/#breadcrumb","itemListElement":[{"@type":"ListItem","position":1,"name":"Inici","item":"https:\/\/arrandeterra.es\/fr\/"},{"@type":"ListItem","position":2,"name":"\u00c9quipe"}]},{"@type":"WebSite","@id":"https:\/\/arrandeterra.es\/fr\/#website","url":"https:\/\/arrandeterra.es\/fr\/","name":"Arrandeterra,coaching amb cavalls Girona.","description":"Coaching amb cavalls a Girona. Formaci\u00f3 i equinoter\u00e0pia amb cavalls.","potentialAction":[{"@type":"SearchAction","target":{"@type":"EntryPoint","urlTemplate":"https:\/\/arrandeterra.es\/fr\/?s={search_term_string}"},"query-input":{"@type":"PropertyValueSpecification","valueRequired":true,"valueName":"search_term_string"}}],"inLanguage":"fr-FR"}]}},"_links":{"self":[{"href":"https:\/\/arrandeterra.es\/fr\/wp-json\/wp\/v2\/pages\/3918","targetHints":{"allow":["GET"]}}],"collection":[{"href":"https:\/\/arrandeterra.es\/fr\/wp-json\/wp\/v2\/pages"}],"about":[{"href":"https:\/\/arrandeterra.es\/fr\/wp-json\/wp\/v2\/types\/page"}],"author":[{"embeddable":true,"href":"https:\/\/arrandeterra.es\/fr\/wp-json\/wp\/v2\/users\/2"}],"replies":[{"embeddable":true,"href":"https:\/\/arrandeterra.es\/fr\/wp-json\/wp\/v2\/comments?post=3918"}],"version-history":[{"count":5,"href":"https:\/\/arrandeterra.es\/fr\/wp-json\/wp\/v2\/pages\/3918\/revisions"}],"predecessor-version":[{"id":4043,"href":"https:\/\/arrandeterra.es\/fr\/wp-json\/wp\/v2\/pages\/3918\/revisions\/4043"}],"wp:attachment":[{"href":"https:\/\/arrandeterra.es\/fr\/wp-json\/wp\/v2\/media?parent=3918"}],"curies":[{"name":"wp","href":"https:\/\/api.w.org\/{rel}","templated":true}]}}