{"id":3931,"date":"2024-05-06T07:06:52","date_gmt":"2024-05-06T06:06:52","guid":{"rendered":"https:\/\/arrandeterra.es\/coaching-amb-cavalls-per-empreses\/"},"modified":"2024-11-21T11:00:48","modified_gmt":"2024-11-21T10:00:48","slug":"coaching-avec-des-chevaux-pour-entreprises","status":"publish","type":"page","link":"https:\/\/arrandeterra.es\/fr\/coaching-avec-des-chevaux-pour-entreprises\/","title":{"rendered":"Coaching avec des chevaux pour entreprises"},"content":{"rendered":"<p>[et_pb_section fb_built=\u00a0\u00bb1&Prime; admin_label=\u00a0\u00bbAbout\u00a0\u00bb _builder_version=\u00a0\u00bb4.22.0&Prime; _module_preset=\u00a0\u00bbdefault\u00a0\u00bb custom_padding=\u00a0\u00bb||4px|0px||\u00a0\u00bb locked=\u00a0\u00bboff\u00a0\u00bb collapsed=\u00a0\u00bbon\u00a0\u00bb global_colors_info=\u00a0\u00bb{}\u00a0\u00bb][et_pb_row _builder_version=\u00a0\u00bb4.22.0&Prime; _module_preset=\u00a0\u00bbdefault\u00a0\u00bb global_colors_info=\u00a0\u00bb{}\u00a0\u00bb][et_pb_column type=\u00a0\u00bb4_4&Prime; _builder_version=\u00a0\u00bb4.22.0&Prime; _module_preset=\u00a0\u00bbdefault\u00a0\u00bb global_colors_info=\u00a0\u00bb{}\u00a0\u00bb][et_pb_text _builder_version=\u00a0\u00bb4.24.0&Prime; _module_preset=\u00a0\u00bb24907510-9e8b-4c08-8eb5-7f3e63204c98&Prime; header_font=\u00a0\u00bb||||||||\u00a0\u00bb custom_margin=\u00a0\u00bb||10px||false|false\u00a0\u00bb global_colors_info=\u00a0\u00bb{}\u00a0\u00bb]<\/p>\n<h1>Coaching avec des chevaux pour entreprises<\/h1>\n<p>[\/et_pb_text][\/et_pb_column][\/et_pb_row][et_pb_row column_structure=\u00a0\u00bb3_5,2_5&Prime; _builder_version=\u00a0\u00bb4.22.0&Prime; _module_preset=\u00a0\u00bbdefault\u00a0\u00bb global_colors_info=\u00a0\u00bb{}\u00a0\u00bb][et_pb_column type=\u00a0\u00bb3_5&Prime; _builder_version=\u00a0\u00bb4.22.0&Prime; _module_preset=\u00a0\u00bbdefault\u00a0\u00bb global_colors_info=\u00a0\u00bb{}\u00a0\u00bb][et_pb_image src=\u00a0\u00bbhttps:\/\/arrandeterra.es\/wp-content\/uploads\/coaching-cavalls-empreses.jpg\u00a0\u00bb title_text=\u00a0\u00bbcoaching-cavalls-empreses\u00a0\u00bb show_bottom_space=\u00a0\u00bboff\u00a0\u00bb _builder_version=\u00a0\u00bb4.24.0&Prime; _module_preset=\u00a0\u00bbdefault\u00a0\u00bb width=\u00a0\u00bb80%\u00a0\u00bb global_colors_info=\u00a0\u00bb{}\u00a0\u00bb][\/et_pb_image][et_pb_image src=\u00a0\u00bbhttps:\/\/arrandeterra.es\/wp-content\/uploads\/WhatsApp-Image-2024-04-25-at-14.06.39.jpeg\u00a0\u00bb title_text=\u00a0\u00bbWhatsApp Image 2024-04-25 at 14.06.39&Prime; _builder_version=\u00a0\u00bb4.24.0&Prime; _module_preset=\u00a0\u00bbdefault\u00a0\u00bb positioning=\u00a0\u00bbabsolute\u00a0\u00bb position_origin_a=\u00a0\u00bbbottom_right\u00a0\u00bb width=\u00a0\u00bb40%\u00a0\u00bb global_colors_info=\u00a0\u00bb{}\u00a0\u00bb][\/et_pb_image][\/et_pb_column][et_pb_column type=\u00a0\u00bb2_5&Prime; _builder_version=\u00a0\u00bb4.22.0&Prime; _module_preset=\u00a0\u00bbdefault\u00a0\u00bb global_colors_info=\u00a0\u00bb{}\u00a0\u00bb][et_pb_text _builder_version=\u00a0\u00bb4.24.0&Prime; _module_preset=\u00a0\u00bb6f7aa0f6-8ae8-4019-8dad-add6d91bbb2a\u00a0\u00bb custom_margin=\u00a0\u00bb||10px||false|false\u00a0\u00bb global_colors_info=\u00a0\u00bb{}\u00a0\u00bb]<\/p>\n<h2>Services pour les entreprises<\/h2>\n<p>[\/et_pb_text][et_pb_text _builder_version=\u00a0\u00bb4.27.3&Prime; _module_preset=\u00a0\u00bbc637dbd0-7fa7-4e89-95a6-e59122f73ca5&Prime; global_colors_info=\u00a0\u00bb{}\u00a0\u00bb]<\/p>\n<p>Le <strong>coaching d&rsquo;entreprise<\/strong> assist\u00e9 par les animaux est une m\u00e9thodologie innovante qui combine les principes du coaching d&rsquo;entreprise avec la pr\u00e9sence et l&rsquo;interaction d&rsquo;animaux en tant que facilitateurs. Gr\u00e2ce \u00e0 des activit\u00e9s guid\u00e9es, les participants ont la possibilit\u00e9 de d\u00e9velopper des comp\u00e9tences telles que la communication efficace, la gestion du stress, le leadership et le travail d&rsquo;\u00e9quipe.<\/p>\n<p>Les animaux agissent comme des miroirs \u00e9motionnels, fournissant un retour imm\u00e9diat et authentique sur le comportement et la dynamique des participants. Cette exp\u00e9rience unique aide les entreprises \u00e0 am\u00e9liorer leur culture organisationnelle, \u00e0 renforcer les relations d&rsquo;\u00e9quipe et \u00e0 accro\u00eetre les performances et la satisfaction des employ\u00e9s.<\/p>\n<p>[\/et_pb_text][\/et_pb_column][\/et_pb_row][\/et_pb_section][et_pb_section fb_built=\u00a0\u00bb1&Prime; _builder_version=\u00a0\u00bb4.24.0&Prime; _module_preset=\u00a0\u00bbdefault\u00a0\u00bb custom_padding=\u00a0\u00bb||1px|||\u00a0\u00bb global_colors_info=\u00a0\u00bb{}\u00a0\u00bb][et_pb_row _builder_version=\u00a0\u00bb4.24.0&Prime; _module_preset=\u00a0\u00bbdefault\u00a0\u00bb custom_margin=\u00a0\u00bb-45px|auto||auto||\u00a0\u00bb custom_padding=\u00a0\u00bb||3px|||\u00a0\u00bb global_colors_info=\u00a0\u00bb{}\u00a0\u00bb][et_pb_column type=\u00a0\u00bb4_4&Prime; _builder_version=\u00a0\u00bb4.24.0&Prime; _module_preset=\u00a0\u00bbdefault\u00a0\u00bb global_colors_info=\u00a0\u00bb{}\u00a0\u00bb][et_pb_cta title=\u00a0\u00bbArrandeterra\u00a0\u00bb button_url=\u00a0\u00bb@ET-DC@eyJkeW5hbWljIjp0cnVlLCJjb250ZW50IjoicG9zdF9saW5rX3VybF9wYWdlIiwic2V0dGluZ3MiOnsicG9zdF9pZCI6IjM5ODYifX0=@\u00a0\u00bb button_text=\u00a0\u00bbDemandez votre budget personnalis\u00e9\u00a0\u00bb _builder_version=\u00a0\u00bb4.27.3&Prime; _module_preset=\u00a0\u00bbdefault\u00a0\u00bb header_font_size=\u00a0\u00bb30px\u00a0\u00bb header_line_height=\u00a0\u00bb1.5em\u00a0\u00bb body_font_size=\u00a0\u00bb16px\u00a0\u00bb background_color=\u00a0\u00bb#000000&Prime; background_image=\u00a0\u00bbhttps:\/\/arrandeterra.es\/wp-content\/uploads\/baner-web-2.jpg\u00a0\u00bb min_height=\u00a0\u00bb245.8px\u00a0\u00bb custom_margin=\u00a0\u00bb-9px|||||\u00a0\u00bb custom_padding=\u00a0\u00bb89px||89px|||\u00a0\u00bb hover_enabled=\u00a0\u00bb0&Prime; global_colors_info=\u00a0\u00bb{}\u00a0\u00bb _dynamic_attributes=\u00a0\u00bbbutton_url\u00a0\u00bb sticky_enabled=\u00a0\u00bb0&Prime;]<\/p>\n<p class=\"p1\">Centre de formation et d\u00e9veloppement d&rsquo;activit\u00e9s r\u00e9cr\u00e9atives et p\u00e9dagogiques pour entreprises et \u00e9coles-instituts.<\/p>\n<p>[\/et_pb_cta][\/et_pb_column][\/et_pb_row][\/et_pb_section][et_pb_section fb_built=\u00a0\u00bb1&Prime; _builder_version=\u00a0\u00bb4.24.0&Prime; _module_preset=\u00a0\u00bbdefault\u00a0\u00bb global_colors_info=\u00a0\u00bb{}\u00a0\u00bb][et_pb_row _builder_version=\u00a0\u00bb4.24.0&Prime; _module_preset=\u00a0\u00bbdefault\u00a0\u00bb global_colors_info=\u00a0\u00bb{}\u00a0\u00bb][et_pb_column type=\u00a0\u00bb4_4&Prime; _builder_version=\u00a0\u00bb4.24.0&Prime; _module_preset=\u00a0\u00bbdefault\u00a0\u00bb global_colors_info=\u00a0\u00bb{}\u00a0\u00bb][et_pb_text _builder_version=\u00a0\u00bb4.24.0&Prime; _module_preset=\u00a0\u00bb6f7aa0f6-8ae8-4019-8dad-add6d91bbb2a\u00a0\u00bb custom_margin=\u00a0\u00bb||10px||false|false\u00a0\u00bb global_colors_info=\u00a0\u00bb{}\u00a0\u00bb]<\/p>\n<h2>Team Building<\/h2>\n<h3>Coaching avec des chevaux<\/h3>\n<p>[\/et_pb_text][et_pb_text _builder_version=\u00a0\u00bb4.27.3&Prime; _module_preset=\u00a0\u00bbdefault\u00a0\u00bb text_font_size=\u00a0\u00bb16px\u00a0\u00bb global_colors_info=\u00a0\u00bb{}\u00a0\u00bb]<\/p>\n<p>Une de nos sp\u00e9cialit\u00e9s est les activit\u00e9s de team building pour les entreprises :<\/p>\n<p>Le but de ces activit\u00e9s est d&rsquo;offrir aux participants un espace agr\u00e9able, en plein air et en contact avec la nature. une exp\u00e9rience gratuite et ludique au contact de la nature.<\/p>\n<p>[\/et_pb_text][et_pb_text _builder_version=\u00a0\u00bb4.27.3&Prime; _module_preset=\u00a0\u00bb6f7aa0f6-8ae8-4019-8dad-add6d91bbb2a\u00a0\u00bb custom_margin=\u00a0\u00bb||10px||false|false\u00a0\u00bb global_colors_info=\u00a0\u00bb{}\u00a0\u00bb]<\/p>\n<h3>Avantages du Coaching avec des chevaux pour les entreprises<\/h3>\n<p>[\/et_pb_text][et_pb_text _builder_version=\u00a0\u00bb4.27.3&Prime; _module_preset=\u00a0\u00bbdefault\u00a0\u00bb text_font_size=\u00a0\u00bb16px\u00a0\u00bb global_colors_info=\u00a0\u00bb{}\u00a0\u00bb]<\/p>\n<ul>\n<li>Les \u00e9quipes qui font une s\u00e9ance de coaching avec des chevaux, sont imm\u00e9diatement impact\u00e9es, renforcent leurs relations et acqui\u00e8rent une \u00e9nergie qui les am\u00e8ne \u00e0 entreprendre des projets avec enthousiasme.<\/li>\n<li>Il combine la puissance d&rsquo;un \u00e9v\u00e9nement amusant, qui vous permet d&rsquo;acqu\u00e9rir une perspective globale en dehors du quotidien, avec la puissance d&rsquo;un apprentissage imm\u00e9diat sur des sujets de leadership et de communication.<\/li>\n<li>Il r\u00e9unit les avantages d&rsquo;un outdoor, car il se d\u00e9roule dans un environnement naturel qui implique de sortir de sa zone de confort et d&rsquo;un atelier de par son caract\u00e8re exp\u00e9rientiel.<\/li>\n<li>Des \u00e9tudes montrent que 5 s\u00e9ances de coaching avec chevaux \u00e9quivalent \u00e0 25 s\u00e9ances de coaching classique.<\/li>\n<li>Un moyen de transmettre \u00e0 un manager un feedback parfois difficile \u00e0 verbaliser et ainsi corriger des erreurs de leadership.<\/li>\n<\/ul>\n<p>[\/et_pb_text][et_pb_text _builder_version=\u00a0\u00bb4.27.3&Prime; _module_preset=\u00a0\u00bb6f7aa0f6-8ae8-4019-8dad-add6d91bbb2a\u00a0\u00bb custom_margin=\u00a0\u00bb||10px||false|false\u00a0\u00bb global_colors_info=\u00a0\u00bb{}\u00a0\u00bb]<\/p>\n<h3>Objectifs : coh\u00e9sion d&rsquo;\u00e9quipe<\/h3>\n<p>[\/et_pb_text][et_pb_text _builder_version=\u00a0\u00bb4.24.0&Prime; _module_preset=\u00a0\u00bbdefault\u00a0\u00bb text_font_size=\u00a0\u00bb16px\u00a0\u00bb global_colors_info=\u00a0\u00bb{}\u00a0\u00bb]<\/p>\n<ul>\n<li>Enfortir les relacions interpersonals de l&rsquo;equip.<\/li>\n<li>Incrementar l&rsquo;autoconeixement i el coneixement dels altres membres de l&rsquo;equip.\u00a0<\/li>\n<li>Tenir una millor prespectiva, sortint de la pressi\u00f3 del dia a dia i experimentant una jornada vivencial.<\/li>\n<\/ul>\n<p>[\/et_pb_text][et_pb_text _builder_version=\u00a0\u00bb4.24.0&Prime; _module_preset=\u00a0\u00bb6f7aa0f6-8ae8-4019-8dad-add6d91bbb2a\u00a0\u00bb custom_margin=\u00a0\u00bb||10px||false|false\u00a0\u00bb global_colors_info=\u00a0\u00bb{}\u00a0\u00bb]<\/p>\n<h3><strong>Metodologia de treball<\/strong><\/h3>\n<p>[\/et_pb_text][et_pb_text _builder_version=\u00a0\u00bb4.27.3&Prime; _module_preset=\u00a0\u00bbdefault\u00a0\u00bb text_font_size=\u00a0\u00bb16px\u00a0\u00bb global_colors_info=\u00a0\u00bb{}\u00a0\u00bb]<\/p>\n<p><strong>PRE-WORK:<\/strong><\/p>\n<ul>\n<li>Pr\u00e9sentation et exposition du jour<\/li>\n<li>Explication des objectifs<\/li>\n<\/ul>\n<p><strong>WORKSHOP:<\/strong><\/p>\n<ul>\n<li>Exercices avec des chevaux<\/li>\n<li>Des activit\u00e9s exp\u00e9rientielles qui g\u00e9n\u00e8rent des m\u00e9taphores \u00e0 fort impact<\/li>\n<li>Commentaires et conclusions<\/li>\n<li>Consolidation des apprentissages<\/li>\n<\/ul>\n<p>[\/et_pb_text][et_pb_text _builder_version=\u00a0\u00bb4.27.3&Prime; _module_preset=\u00a0\u00bb6f7aa0f6-8ae8-4019-8dad-add6d91bbb2a\u00a0\u00bb custom_margin=\u00a0\u00bb||10px||false|false\u00a0\u00bb global_colors_info=\u00a0\u00bb{}\u00a0\u00bb]<\/p>\n<h3>Exemple de journ\u00e9e<\/h3>\n<p>[\/et_pb_text][et_pb_image src=\u00a0\u00bbhttps:\/\/arrandeterra.es\/wp-content\/uploads\/jornada-coaching-cavalls.png\u00a0\u00bb title_text=\u00a0\u00bbjornada coaching cavalls\u00a0\u00bb _builder_version=\u00a0\u00bb4.24.0&Prime; _module_preset=\u00a0\u00bbdefault\u00a0\u00bb global_colors_info=\u00a0\u00bb{}\u00a0\u00bb][\/et_pb_image][et_pb_cta title=\u00a0\u00bbArrandeterra\u00a0\u00bb button_url=\u00a0\u00bb@ET-DC@eyJkeW5hbWljIjp0cnVlLCJjb250ZW50IjoicG9zdF9saW5rX3VybF9wYWdlIiwic2V0dGluZ3MiOnsicG9zdF9pZCI6IjM5ODYifX0=@\u00a0\u00bb button_text=\u00a0\u00bbDemandez votre budget personnalis\u00e9\u00a0\u00bb _builder_version=\u00a0\u00bb4.27.3&Prime; _module_preset=\u00a0\u00bbdefault\u00a0\u00bb header_font_size=\u00a0\u00bb30px\u00a0\u00bb header_line_height=\u00a0\u00bb1.5em\u00a0\u00bb body_font_size=\u00a0\u00bb16px\u00a0\u00bb background_color=\u00a0\u00bb#000000&Prime; background_image=\u00a0\u00bbhttps:\/\/arrandeterra.es\/wp-content\/uploads\/baner-web-2.jpg\u00a0\u00bb min_height=\u00a0\u00bb245.8px\u00a0\u00bb custom_margin=\u00a0\u00bb-9px|||||\u00a0\u00bb custom_padding=\u00a0\u00bb89px||89px|||\u00a0\u00bb hover_enabled=\u00a0\u00bb0&Prime; global_colors_info=\u00a0\u00bb{}\u00a0\u00bb _dynamic_attributes=\u00a0\u00bbbutton_url\u00a0\u00bb sticky_enabled=\u00a0\u00bb0&Prime;]<\/p>\n<p class=\"p1\">Centre de formation et d\u00e9veloppement d&rsquo;activit\u00e9s r\u00e9cr\u00e9atives et p\u00e9dagogiques pour entreprises et \u00e9coles-instituts.<\/p>\n<p>[\/et_pb_cta][\/et_pb_column][\/et_pb_row][\/et_pb_section]<\/p>\n","protected":false},"excerpt":{"rendered":"<p>Coaching avec des chevaux pour entreprisesServices pour les entreprisesLe coaching d&rsquo;entreprise assist\u00e9 par les animaux est une m\u00e9thodologie innovante qui combine les principes du coaching d&rsquo;entreprise avec la pr\u00e9sence et l&rsquo;interaction d&rsquo;animaux en tant que facilitateurs. Gr\u00e2ce \u00e0 des activit\u00e9s guid\u00e9es, les participants ont la possibilit\u00e9 de d\u00e9velopper des comp\u00e9tences telles que la communication efficace, [&hellip;]<\/p>\n","protected":false},"author":3,"featured_media":0,"parent":0,"menu_order":20,"comment_status":"closed","ping_status":"closed","template":"","meta":{"_et_pb_use_builder":"on","_et_pb_old_content":"","_et_gb_content_width":"","footnotes":""},"class_list":["post-3931","page","type-page","status-publish","hentry"],"yoast_head":"<!-- This site is optimized with the Yoast SEO plugin v27.2 - https:\/\/yoast.com\/product\/yoast-seo-wordpress\/ -->\n<title>Coaching avec des chevaux pour entreprises - Arrandeterra,coaching amb cavalls Girona.<\/title>\n<meta name=\"robots\" content=\"index, follow, max-snippet:-1, max-image-preview:large, max-video-preview:-1\" \/>\n<link rel=\"canonical\" href=\"https:\/\/arrandeterra.es\/fr\/coaching-avec-des-chevaux-pour-entreprises\/\" \/>\n<meta property=\"og:locale\" content=\"fr_FR\" \/>\n<meta property=\"og:type\" content=\"article\" \/>\n<meta property=\"og:title\" content=\"Coaching avec des chevaux pour entreprises - Arrandeterra,coaching amb cavalls Girona.\" \/>\n<meta property=\"og:description\" content=\"Coaching avec des chevaux pour entreprisesServices pour les entreprisesLe coaching d&#039;entreprise assist\u00e9 par les animaux est une m\u00e9thodologie innovante qui combine les principes du coaching d&#039;entreprise avec la pr\u00e9sence et l&#039;interaction d&#039;animaux en tant que facilitateurs. Gr\u00e2ce \u00e0 des activit\u00e9s guid\u00e9es, les participants ont la possibilit\u00e9 de d\u00e9velopper des comp\u00e9tences telles que la communication efficace, [&hellip;]\" \/>\n<meta property=\"og:url\" content=\"https:\/\/arrandeterra.es\/fr\/coaching-avec-des-chevaux-pour-entreprises\/\" \/>\n<meta property=\"og:site_name\" content=\"Arrandeterra,coaching amb cavalls Girona.\" \/>\n<meta property=\"article:modified_time\" content=\"2024-11-21T10:00:48+00:00\" \/>\n<meta name=\"twitter:label1\" content=\"Dur\u00e9e de lecture estim\u00e9e\" \/>\n\t<meta name=\"twitter:data1\" content=\"3 minutes\" \/>\n<script type=\"application\/ld+json\" class=\"yoast-schema-graph\">{\"@context\":\"https:\/\/schema.org\",\"@graph\":[{\"@type\":\"WebPage\",\"@id\":\"https:\/\/arrandeterra.es\/fr\/coaching-avec-des-chevaux-pour-entreprises\/\",\"url\":\"https:\/\/arrandeterra.es\/fr\/coaching-avec-des-chevaux-pour-entreprises\/\",\"name\":\"Coaching avec des chevaux pour entreprises - Arrandeterra,coaching amb cavalls Girona.\",\"isPartOf\":{\"@id\":\"https:\/\/arrandeterra.es\/fr\/#website\"},\"datePublished\":\"2024-05-06T06:06:52+00:00\",\"dateModified\":\"2024-11-21T10:00:48+00:00\",\"breadcrumb\":{\"@id\":\"https:\/\/arrandeterra.es\/fr\/coaching-avec-des-chevaux-pour-entreprises\/#breadcrumb\"},\"inLanguage\":\"fr-FR\",\"potentialAction\":[{\"@type\":\"ReadAction\",\"target\":[\"https:\/\/arrandeterra.es\/fr\/coaching-avec-des-chevaux-pour-entreprises\/\"]}]},{\"@type\":\"BreadcrumbList\",\"@id\":\"https:\/\/arrandeterra.es\/fr\/coaching-avec-des-chevaux-pour-entreprises\/#breadcrumb\",\"itemListElement\":[{\"@type\":\"ListItem\",\"position\":1,\"name\":\"Inici\",\"item\":\"https:\/\/arrandeterra.es\/fr\/\"},{\"@type\":\"ListItem\",\"position\":2,\"name\":\"Coaching avec des chevaux pour entreprises\"}]},{\"@type\":\"WebSite\",\"@id\":\"https:\/\/arrandeterra.es\/fr\/#website\",\"url\":\"https:\/\/arrandeterra.es\/fr\/\",\"name\":\"Arrandeterra,coaching amb cavalls Girona.\",\"description\":\"Coaching amb cavalls a Girona. Formaci\u00f3 i equinoter\u00e0pia amb cavalls.\",\"potentialAction\":[{\"@type\":\"SearchAction\",\"target\":{\"@type\":\"EntryPoint\",\"urlTemplate\":\"https:\/\/arrandeterra.es\/fr\/?s={search_term_string}\"},\"query-input\":{\"@type\":\"PropertyValueSpecification\",\"valueRequired\":true,\"valueName\":\"search_term_string\"}}],\"inLanguage\":\"fr-FR\"}]}<\/script>\n<!-- \/ Yoast SEO plugin. -->","yoast_head_json":{"title":"Coaching avec des chevaux pour entreprises - Arrandeterra,coaching amb cavalls Girona.","robots":{"index":"index","follow":"follow","max-snippet":"max-snippet:-1","max-image-preview":"max-image-preview:large","max-video-preview":"max-video-preview:-1"},"canonical":"https:\/\/arrandeterra.es\/fr\/coaching-avec-des-chevaux-pour-entreprises\/","og_locale":"fr_FR","og_type":"article","og_title":"Coaching avec des chevaux pour entreprises - Arrandeterra,coaching amb cavalls Girona.","og_description":"Coaching avec des chevaux pour entreprisesServices pour les entreprisesLe coaching d'entreprise assist\u00e9 par les animaux est une m\u00e9thodologie innovante qui combine les principes du coaching d'entreprise avec la pr\u00e9sence et l'interaction d'animaux en tant que facilitateurs. Gr\u00e2ce \u00e0 des activit\u00e9s guid\u00e9es, les participants ont la possibilit\u00e9 de d\u00e9velopper des comp\u00e9tences telles que la communication efficace, [&hellip;]","og_url":"https:\/\/arrandeterra.es\/fr\/coaching-avec-des-chevaux-pour-entreprises\/","og_site_name":"Arrandeterra,coaching amb cavalls Girona.","article_modified_time":"2024-11-21T10:00:48+00:00","twitter_misc":{"Dur\u00e9e de lecture estim\u00e9e":"3 minutes"},"schema":{"@context":"https:\/\/schema.org","@graph":[{"@type":"WebPage","@id":"https:\/\/arrandeterra.es\/fr\/coaching-avec-des-chevaux-pour-entreprises\/","url":"https:\/\/arrandeterra.es\/fr\/coaching-avec-des-chevaux-pour-entreprises\/","name":"Coaching avec des chevaux pour entreprises - Arrandeterra,coaching amb cavalls Girona.","isPartOf":{"@id":"https:\/\/arrandeterra.es\/fr\/#website"},"datePublished":"2024-05-06T06:06:52+00:00","dateModified":"2024-11-21T10:00:48+00:00","breadcrumb":{"@id":"https:\/\/arrandeterra.es\/fr\/coaching-avec-des-chevaux-pour-entreprises\/#breadcrumb"},"inLanguage":"fr-FR","potentialAction":[{"@type":"ReadAction","target":["https:\/\/arrandeterra.es\/fr\/coaching-avec-des-chevaux-pour-entreprises\/"]}]},{"@type":"BreadcrumbList","@id":"https:\/\/arrandeterra.es\/fr\/coaching-avec-des-chevaux-pour-entreprises\/#breadcrumb","itemListElement":[{"@type":"ListItem","position":1,"name":"Inici","item":"https:\/\/arrandeterra.es\/fr\/"},{"@type":"ListItem","position":2,"name":"Coaching avec des chevaux pour entreprises"}]},{"@type":"WebSite","@id":"https:\/\/arrandeterra.es\/fr\/#website","url":"https:\/\/arrandeterra.es\/fr\/","name":"Arrandeterra,coaching amb cavalls Girona.","description":"Coaching amb cavalls a Girona. Formaci\u00f3 i equinoter\u00e0pia amb cavalls.","potentialAction":[{"@type":"SearchAction","target":{"@type":"EntryPoint","urlTemplate":"https:\/\/arrandeterra.es\/fr\/?s={search_term_string}"},"query-input":{"@type":"PropertyValueSpecification","valueRequired":true,"valueName":"search_term_string"}}],"inLanguage":"fr-FR"}]}},"_links":{"self":[{"href":"https:\/\/arrandeterra.es\/fr\/wp-json\/wp\/v2\/pages\/3931","targetHints":{"allow":["GET"]}}],"collection":[{"href":"https:\/\/arrandeterra.es\/fr\/wp-json\/wp\/v2\/pages"}],"about":[{"href":"https:\/\/arrandeterra.es\/fr\/wp-json\/wp\/v2\/types\/page"}],"author":[{"embeddable":true,"href":"https:\/\/arrandeterra.es\/fr\/wp-json\/wp\/v2\/users\/3"}],"replies":[{"embeddable":true,"href":"https:\/\/arrandeterra.es\/fr\/wp-json\/wp\/v2\/comments?post=3931"}],"version-history":[{"count":5,"href":"https:\/\/arrandeterra.es\/fr\/wp-json\/wp\/v2\/pages\/3931\/revisions"}],"predecessor-version":[{"id":4052,"href":"https:\/\/arrandeterra.es\/fr\/wp-json\/wp\/v2\/pages\/3931\/revisions\/4052"}],"wp:attachment":[{"href":"https:\/\/arrandeterra.es\/fr\/wp-json\/wp\/v2\/media?parent=3931"}],"curies":[{"name":"wp","href":"https:\/\/api.w.org\/{rel}","templated":true}]}}