{"id":3973,"date":"2024-05-06T07:16:21","date_gmt":"2024-05-06T06:16:21","guid":{"rendered":"https:\/\/arrandeterra.es\/activitats-en-cavall-per-escoles\/"},"modified":"2024-11-21T11:06:43","modified_gmt":"2024-11-21T10:06:43","slug":"activites-a-cheval-pour-les-ecoles","status":"publish","type":"page","link":"https:\/\/arrandeterra.es\/fr\/activites-a-cheval-pour-les-ecoles\/","title":{"rendered":"Activit\u00e9s \u00e0 cheval pour les \u00e9coles"},"content":{"rendered":"<p>[et_pb_section fb_built=\u00a0\u00bb1&Prime; admin_label=\u00a0\u00bbAbout\u00a0\u00bb _builder_version=\u00a0\u00bb4.22.0&Prime; _module_preset=\u00a0\u00bbdefault\u00a0\u00bb custom_padding=\u00a0\u00bb||2px|||\u00a0\u00bb locked=\u00a0\u00bboff\u00a0\u00bb collapsed=\u00a0\u00bbon\u00a0\u00bb global_colors_info=\u00a0\u00bb{}\u00a0\u00bb][et_pb_row _builder_version=\u00a0\u00bb4.22.0&Prime; _module_preset=\u00a0\u00bbdefault\u00a0\u00bb global_colors_info=\u00a0\u00bb{}\u00a0\u00bb][et_pb_column type=\u00a0\u00bb4_4&Prime; _builder_version=\u00a0\u00bb4.22.0&Prime; _module_preset=\u00a0\u00bbdefault\u00a0\u00bb global_colors_info=\u00a0\u00bb{}\u00a0\u00bb][et_pb_text _builder_version=\u00a0\u00bb4.24.0&Prime; _module_preset=\u00a0\u00bb24907510-9e8b-4c08-8eb5-7f3e63204c98&Prime; header_font=\u00a0\u00bb||||||||\u00a0\u00bb custom_margin=\u00a0\u00bb||10px||false|false\u00a0\u00bb global_colors_info=\u00a0\u00bb{}\u00a0\u00bb]<\/p>\n<h1>Activit\u00e9s avec des animaux pour les \u00e9coles<\/h1>\n<p>[\/et_pb_text][\/et_pb_column][\/et_pb_row][et_pb_row column_structure=\u00a0\u00bb3_5,2_5&Prime; _builder_version=\u00a0\u00bb4.22.0&Prime; _module_preset=\u00a0\u00bbdefault\u00a0\u00bb global_colors_info=\u00a0\u00bb{}\u00a0\u00bb][et_pb_column type=\u00a0\u00bb3_5&Prime; _builder_version=\u00a0\u00bb4.22.0&Prime; _module_preset=\u00a0\u00bbdefault\u00a0\u00bb global_colors_info=\u00a0\u00bb{}\u00a0\u00bb][et_pb_image src=\u00a0\u00bbhttps:\/\/arrandeterra.es\/wp-content\/uploads\/activitats-cavalls-escoles-institus-universitats.jpg\u00a0\u00bb title_text=\u00a0\u00bbactivitats-cavalls-escoles-institus-universitats\u00a0\u00bb show_bottom_space=\u00a0\u00bboff\u00a0\u00bb _builder_version=\u00a0\u00bb4.24.0&Prime; _module_preset=\u00a0\u00bbdefault\u00a0\u00bb width=\u00a0\u00bb80%\u00a0\u00bb global_colors_info=\u00a0\u00bb{}\u00a0\u00bb][\/et_pb_image][et_pb_image src=\u00a0\u00bbhttps:\/\/arrandeterra.es\/wp-content\/uploads\/activitats-per-escoles.jpg\u00a0\u00bb title_text=\u00a0\u00bbactivitats per escoles\u00a0\u00bb _builder_version=\u00a0\u00bb4.24.0&Prime; _module_preset=\u00a0\u00bbdefault\u00a0\u00bb positioning=\u00a0\u00bbabsolute\u00a0\u00bb position_origin_a=\u00a0\u00bbbottom_right\u00a0\u00bb width=\u00a0\u00bb40%\u00a0\u00bb global_colors_info=\u00a0\u00bb{}\u00a0\u00bb][\/et_pb_image][\/et_pb_column][et_pb_column type=\u00a0\u00bb2_5&Prime; _builder_version=\u00a0\u00bb4.22.0&Prime; _module_preset=\u00a0\u00bbdefault\u00a0\u00bb global_colors_info=\u00a0\u00bb{}\u00a0\u00bb][et_pb_text _builder_version=\u00a0\u00bb4.24.0&Prime; _module_preset=\u00a0\u00bb6f7aa0f6-8ae8-4019-8dad-add6d91bbb2a\u00a0\u00bb custom_margin=\u00a0\u00bb||10px||false|false\u00a0\u00bb global_colors_info=\u00a0\u00bb{}\u00a0\u00bb]<\/p>\n<h2>Services pour \u00e9coles, instituts et universit\u00e9s<\/h2>\n<p>[\/et_pb_text][et_pb_text _builder_version=\u00a0\u00bb4.27.3&Prime; _module_preset=\u00a0\u00bbc637dbd0-7fa7-4e89-95a6-e59122f73ca5&Prime; global_colors_info=\u00a0\u00bb{}\u00a0\u00bb]<\/p>\n<p>Dans notre entreprise, nous organisons des voyages d&rsquo;une journ\u00e9e ou de plusieurs jours pour les \u00e9coles et instituts, en proposant des formules tout compris. Notre proposition allie divertissement et \u00e9ducation, avec des activit\u00e9s con\u00e7ues pour l&rsquo;apprentissage, la croissance personnelle et le travail d&rsquo;\u00e9quipe en utilisant la m\u00e9thodologie du coaching assist\u00e9 par les animaux.<\/p>\n<p>De plus, nous proposons des activit\u00e9s plus cibl\u00e9es pour les instituts ou les groupes universitaires, o\u00f9 vous pouvez compl\u00e9ter votre formation professionnelle par l&rsquo;apprentissage ou l&rsquo;int\u00e9gration de la m\u00e9thodologie des interventions assist\u00e9es par les animaux afin qu&rsquo;elles int\u00e8grent d&rsquo;autres outils pour aider les personnes \u00e0 atteindre leurs objectifs personnels, tant physiques que psychologiques. et \u00e9motionnellement.<\/p>\n<p>[\/et_pb_text][\/et_pb_column][\/et_pb_row][\/et_pb_section][et_pb_section fb_built=\u00a0\u00bb1&Prime; _builder_version=\u00a0\u00bb4.24.0&Prime; _module_preset=\u00a0\u00bbdefault\u00a0\u00bb custom_padding=\u00a0\u00bb||1px|||\u00a0\u00bb global_colors_info=\u00a0\u00bb{}\u00a0\u00bb][et_pb_row _builder_version=\u00a0\u00bb4.24.0&Prime; _module_preset=\u00a0\u00bbdefault\u00a0\u00bb custom_margin=\u00a0\u00bb-48px|auto||auto||\u00a0\u00bb custom_padding=\u00a0\u00bb||0px|||\u00a0\u00bb global_colors_info=\u00a0\u00bb{}\u00a0\u00bb][et_pb_column type=\u00a0\u00bb4_4&Prime; _builder_version=\u00a0\u00bb4.24.0&Prime; _module_preset=\u00a0\u00bbdefault\u00a0\u00bb global_colors_info=\u00a0\u00bb{}\u00a0\u00bb][et_pb_cta title=\u00a0\u00bbArrandeterra\u00a0\u00bb button_url=\u00a0\u00bb@ET-DC@eyJkeW5hbWljIjp0cnVlLCJjb250ZW50IjoicG9zdF9saW5rX3VybF9wYWdlIiwic2V0dGluZ3MiOnsicG9zdF9pZCI6IjM5ODYifX0=@\u00a0\u00bb button_text=\u00a0\u00bbDemandez votre budget personnalis\u00e9\u00a0\u00bb _builder_version=\u00a0\u00bb4.27.3&Prime; _module_preset=\u00a0\u00bbdefault\u00a0\u00bb header_font_size=\u00a0\u00bb30px\u00a0\u00bb header_line_height=\u00a0\u00bb1.5em\u00a0\u00bb body_font_size=\u00a0\u00bb16px\u00a0\u00bb background_color=\u00a0\u00bb#000000&Prime; background_image=\u00a0\u00bbhttps:\/\/arrandeterra.es\/wp-content\/uploads\/baner-web.jpg\u00a0\u00bb min_height=\u00a0\u00bb245.8px\u00a0\u00bb custom_margin=\u00a0\u00bb-9px|||||\u00a0\u00bb custom_padding=\u00a0\u00bb89px||89px|||\u00a0\u00bb hover_enabled=\u00a0\u00bb0&Prime; global_colors_info=\u00a0\u00bb{}\u00a0\u00bb _dynamic_attributes=\u00a0\u00bbbutton_url\u00a0\u00bb sticky_enabled=\u00a0\u00bb0&Prime;]<\/p>\n<p class=\"p1\">Centre de formation et d\u00e9veloppement d&rsquo;activit\u00e9s r\u00e9cr\u00e9atives et p\u00e9dagogiques pour entreprises et \u00e9coles-instituts.<\/p>\n<p>[\/et_pb_cta][\/et_pb_column][\/et_pb_row][\/et_pb_section][et_pb_section fb_built=\u00a0\u00bb1&Prime; _builder_version=\u00a0\u00bb4.24.0&Prime; _module_preset=\u00a0\u00bbdefault\u00a0\u00bb global_colors_info=\u00a0\u00bb{}\u00a0\u00bb][et_pb_row _builder_version=\u00a0\u00bb4.24.0&Prime; _module_preset=\u00a0\u00bbdefault\u00a0\u00bb global_colors_info=\u00a0\u00bb{}\u00a0\u00bb][et_pb_column type=\u00a0\u00bb4_4&Prime; _builder_version=\u00a0\u00bb4.24.0&Prime; _module_preset=\u00a0\u00bbdefault\u00a0\u00bb global_colors_info=\u00a0\u00bb{}\u00a0\u00bb][et_pb_text _builder_version=\u00a0\u00bb4.24.0&Prime; _module_preset=\u00a0\u00bb6f7aa0f6-8ae8-4019-8dad-add6d91bbb2a\u00a0\u00bb custom_margin=\u00a0\u00bb-22px||10px||false|false\u00a0\u00bb global_colors_info=\u00a0\u00bb{}\u00a0\u00bb]<\/p>\n<h2>Activit\u00e9s amusantes pour les \u00e9coles<\/h2>\n<p>[\/et_pb_text][et_pb_text _builder_version=\u00a0\u00bb4.24.0&Prime; _module_preset=\u00a0\u00bb6f7aa0f6-8ae8-4019-8dad-add6d91bbb2a\u00a0\u00bb min_height=\u00a0\u00bb42px\u00a0\u00bb custom_margin=\u00a0\u00bb16px||10px||false|false\u00a0\u00bb global_colors_info=\u00a0\u00bb{}\u00a0\u00bb]<\/p>\n<h3>Exemple de proposition &#8211; 2 nuits et 3 jours<\/h3>\n<p>[\/et_pb_text][et_pb_text _builder_version=\u00a0\u00bb4.27.3&Prime; _module_preset=\u00a0\u00bbdefault\u00a0\u00bb text_font_size=\u00a0\u00bb16px\u00a0\u00bb global_colors_info=\u00a0\u00bb{}\u00a0\u00bb]<strong>JOUR 1 :<\/strong><\/p>\n<ul>\n<li>Visite guid\u00e9e et atelier \u00e0 la Fondation Mona (Riudellots de la Selva)<\/li>\n<li>Transfert, d\u00e9jeuner et installation \u00e0 l&rsquo;h\u00f4tel<\/li>\n<li>Apr\u00e8s-midi de coaching avec les animaux d&rsquo;Arrandeterra<\/li>\n<li>D\u00eener et nuit \u00e0 l&rsquo;h\u00f4tel<\/li>\n<\/ul>\n<p> <strong>JOUR 2 :<\/strong> <\/p>\n<ul>\n<li>Petit-d\u00e9jeuner \u00e0 l&rsquo;h\u00f4tel<\/li>\n<li>Activit\u00e9s de groupe sur le travail en \u00e9quipe avec Arrandeterra, comp\u00e9tences collectives et leadership, <span>forces<\/span><span> individuelles<\/span> et collectives.<\/li>\n<li>D\u00e9jeuner \u00e0 l&rsquo;h\u00f4tel<\/li>\n<li>Apr\u00e8s-midi au centre ludique et thermal Magma<\/li>\n<li>D\u00eener et nuit \u00e0 l&rsquo;h\u00f4tel<\/li>\n<\/ul>\n<p> <strong>JOUR 3 :<\/strong> <\/p>\n<ul>\n<li>Petit-d\u00e9jeuner \u00e0 l&rsquo;h\u00f4tel<\/li>\n<li>Jeux d&rsquo;\u00e9quipe avec les animaux d&rsquo;Arrandeterra et activit\u00e9s de cl\u00f4ture : feedback, remerciements et engagements.<\/li>\n<li>D\u00e9jeuner \u00e0 l&rsquo;h\u00f4tel<\/li>\n<\/ul>\n<p> <strong>Comprend :<\/strong> <\/p>\n<ul>\n<li>Tous les <span>transferts<\/span>\u200b en bus<\/li>\n<li>Activit\u00e9s ludiques<\/li>\n<li>Sessions de coaching de groupe avec des animaux<\/li>\n<li>H\u00f4tel en pension compl\u00e8te<\/li>\n<\/ul>\n<p>[\/et_pb_text][et_pb_cta title=\u00a0\u00bbArrandeterra\u00a0\u00bb button_url=\u00a0\u00bb@ET-DC@eyJkeW5hbWljIjp0cnVlLCJjb250ZW50IjoicG9zdF9saW5rX3VybF9wYWdlIiwic2V0dGluZ3MiOnsicG9zdF9pZCI6IjM5ODYifX0=@\u00a0\u00bb button_text=\u00a0\u00bbDemandez votre budget personnalis\u00e9\u00a0\u00bb _builder_version=\u00a0\u00bb4.27.3&Prime; _module_preset=\u00a0\u00bbdefault\u00a0\u00bb header_font_size=\u00a0\u00bb30px\u00a0\u00bb header_line_height=\u00a0\u00bb1.5em\u00a0\u00bb body_font_size=\u00a0\u00bb16px\u00a0\u00bb background_color=\u00a0\u00bb#000000&Prime; background_image=\u00a0\u00bbhttps:\/\/arrandeterra.es\/wp-content\/uploads\/baner-web.jpg\u00a0\u00bb min_height=\u00a0\u00bb245.8px\u00a0\u00bb custom_margin=\u00a0\u00bb-9px|||||\u00a0\u00bb custom_padding=\u00a0\u00bb89px||89px|||\u00a0\u00bb hover_enabled=\u00a0\u00bb0&Prime; global_colors_info=\u00a0\u00bb{}\u00a0\u00bb _dynamic_attributes=\u00a0\u00bbbutton_url\u00a0\u00bb sticky_enabled=\u00a0\u00bb0&Prime;]<\/p>\n<p class=\"p1\">Centre de formation et d\u00e9veloppement d&rsquo;activit\u00e9s r\u00e9cr\u00e9atives et p\u00e9dagogiques pour entreprises et \u00e9coles-instituts.<\/p>\n<p>[\/et_pb_cta][\/et_pb_column][\/et_pb_row][\/et_pb_section]<\/p>\n","protected":false},"excerpt":{"rendered":"<p>Activit\u00e9s avec des animaux pour les \u00e9colesServices pour \u00e9coles, instituts et universit\u00e9sDans notre entreprise, nous organisons des voyages d&rsquo;une journ\u00e9e ou de plusieurs jours pour les \u00e9coles et instituts, en proposant des formules tout compris. Notre proposition allie divertissement et \u00e9ducation, avec des activit\u00e9s con\u00e7ues pour l&rsquo;apprentissage, la croissance personnelle et le travail d&rsquo;\u00e9quipe en [&hellip;]<\/p>\n","protected":false},"author":3,"featured_media":0,"parent":0,"menu_order":30,"comment_status":"closed","ping_status":"closed","template":"","meta":{"_et_pb_use_builder":"on","_et_pb_old_content":"","_et_gb_content_width":"","footnotes":""},"class_list":["post-3973","page","type-page","status-publish","hentry"],"yoast_head":"<!-- This site is optimized with the Yoast SEO plugin v27.2 - https:\/\/yoast.com\/product\/yoast-seo-wordpress\/ -->\n<title>Activit\u00e9s \u00e0 cheval pour les \u00e9coles - Arrandeterra,coaching amb cavalls Girona.<\/title>\n<meta name=\"robots\" content=\"index, follow, max-snippet:-1, max-image-preview:large, max-video-preview:-1\" \/>\n<link rel=\"canonical\" href=\"https:\/\/arrandeterra.es\/fr\/activites-a-cheval-pour-les-ecoles\/\" \/>\n<meta property=\"og:locale\" content=\"fr_FR\" \/>\n<meta property=\"og:type\" content=\"article\" \/>\n<meta property=\"og:title\" content=\"Activit\u00e9s \u00e0 cheval pour les \u00e9coles - Arrandeterra,coaching amb cavalls Girona.\" \/>\n<meta property=\"og:description\" content=\"Activit\u00e9s avec des animaux pour les \u00e9colesServices pour \u00e9coles, instituts et universit\u00e9sDans notre entreprise, nous organisons des voyages d&#039;une journ\u00e9e ou de plusieurs jours pour les \u00e9coles et instituts, en proposant des formules tout compris. Notre proposition allie divertissement et \u00e9ducation, avec des activit\u00e9s con\u00e7ues pour l&#039;apprentissage, la croissance personnelle et le travail d&#039;\u00e9quipe en [&hellip;]\" \/>\n<meta property=\"og:url\" content=\"https:\/\/arrandeterra.es\/fr\/activites-a-cheval-pour-les-ecoles\/\" \/>\n<meta property=\"og:site_name\" content=\"Arrandeterra,coaching amb cavalls Girona.\" \/>\n<meta property=\"article:modified_time\" content=\"2024-11-21T10:06:43+00:00\" \/>\n<meta name=\"twitter:label1\" content=\"Dur\u00e9e de lecture estim\u00e9e\" \/>\n\t<meta name=\"twitter:data1\" content=\"2 minutes\" \/>\n<script type=\"application\/ld+json\" class=\"yoast-schema-graph\">{\"@context\":\"https:\/\/schema.org\",\"@graph\":[{\"@type\":\"WebPage\",\"@id\":\"https:\/\/arrandeterra.es\/fr\/activites-a-cheval-pour-les-ecoles\/\",\"url\":\"https:\/\/arrandeterra.es\/fr\/activites-a-cheval-pour-les-ecoles\/\",\"name\":\"Activit\u00e9s \u00e0 cheval pour les \u00e9coles - Arrandeterra,coaching amb cavalls Girona.\",\"isPartOf\":{\"@id\":\"https:\/\/arrandeterra.es\/fr\/#website\"},\"datePublished\":\"2024-05-06T06:16:21+00:00\",\"dateModified\":\"2024-11-21T10:06:43+00:00\",\"breadcrumb\":{\"@id\":\"https:\/\/arrandeterra.es\/fr\/activites-a-cheval-pour-les-ecoles\/#breadcrumb\"},\"inLanguage\":\"fr-FR\",\"potentialAction\":[{\"@type\":\"ReadAction\",\"target\":[\"https:\/\/arrandeterra.es\/fr\/activites-a-cheval-pour-les-ecoles\/\"]}]},{\"@type\":\"BreadcrumbList\",\"@id\":\"https:\/\/arrandeterra.es\/fr\/activites-a-cheval-pour-les-ecoles\/#breadcrumb\",\"itemListElement\":[{\"@type\":\"ListItem\",\"position\":1,\"name\":\"Inici\",\"item\":\"https:\/\/arrandeterra.es\/fr\/\"},{\"@type\":\"ListItem\",\"position\":2,\"name\":\"Activit\u00e9s \u00e0 cheval pour les \u00e9coles\"}]},{\"@type\":\"WebSite\",\"@id\":\"https:\/\/arrandeterra.es\/fr\/#website\",\"url\":\"https:\/\/arrandeterra.es\/fr\/\",\"name\":\"Arrandeterra,coaching amb cavalls Girona.\",\"description\":\"Coaching amb cavalls a Girona. Formaci\u00f3 i equinoter\u00e0pia amb cavalls.\",\"potentialAction\":[{\"@type\":\"SearchAction\",\"target\":{\"@type\":\"EntryPoint\",\"urlTemplate\":\"https:\/\/arrandeterra.es\/fr\/?s={search_term_string}\"},\"query-input\":{\"@type\":\"PropertyValueSpecification\",\"valueRequired\":true,\"valueName\":\"search_term_string\"}}],\"inLanguage\":\"fr-FR\"}]}<\/script>\n<!-- \/ Yoast SEO plugin. -->","yoast_head_json":{"title":"Activit\u00e9s \u00e0 cheval pour les \u00e9coles - Arrandeterra,coaching amb cavalls Girona.","robots":{"index":"index","follow":"follow","max-snippet":"max-snippet:-1","max-image-preview":"max-image-preview:large","max-video-preview":"max-video-preview:-1"},"canonical":"https:\/\/arrandeterra.es\/fr\/activites-a-cheval-pour-les-ecoles\/","og_locale":"fr_FR","og_type":"article","og_title":"Activit\u00e9s \u00e0 cheval pour les \u00e9coles - Arrandeterra,coaching amb cavalls Girona.","og_description":"Activit\u00e9s avec des animaux pour les \u00e9colesServices pour \u00e9coles, instituts et universit\u00e9sDans notre entreprise, nous organisons des voyages d'une journ\u00e9e ou de plusieurs jours pour les \u00e9coles et instituts, en proposant des formules tout compris. Notre proposition allie divertissement et \u00e9ducation, avec des activit\u00e9s con\u00e7ues pour l'apprentissage, la croissance personnelle et le travail d'\u00e9quipe en [&hellip;]","og_url":"https:\/\/arrandeterra.es\/fr\/activites-a-cheval-pour-les-ecoles\/","og_site_name":"Arrandeterra,coaching amb cavalls Girona.","article_modified_time":"2024-11-21T10:06:43+00:00","twitter_misc":{"Dur\u00e9e de lecture estim\u00e9e":"2 minutes"},"schema":{"@context":"https:\/\/schema.org","@graph":[{"@type":"WebPage","@id":"https:\/\/arrandeterra.es\/fr\/activites-a-cheval-pour-les-ecoles\/","url":"https:\/\/arrandeterra.es\/fr\/activites-a-cheval-pour-les-ecoles\/","name":"Activit\u00e9s \u00e0 cheval pour les \u00e9coles - Arrandeterra,coaching amb cavalls Girona.","isPartOf":{"@id":"https:\/\/arrandeterra.es\/fr\/#website"},"datePublished":"2024-05-06T06:16:21+00:00","dateModified":"2024-11-21T10:06:43+00:00","breadcrumb":{"@id":"https:\/\/arrandeterra.es\/fr\/activites-a-cheval-pour-les-ecoles\/#breadcrumb"},"inLanguage":"fr-FR","potentialAction":[{"@type":"ReadAction","target":["https:\/\/arrandeterra.es\/fr\/activites-a-cheval-pour-les-ecoles\/"]}]},{"@type":"BreadcrumbList","@id":"https:\/\/arrandeterra.es\/fr\/activites-a-cheval-pour-les-ecoles\/#breadcrumb","itemListElement":[{"@type":"ListItem","position":1,"name":"Inici","item":"https:\/\/arrandeterra.es\/fr\/"},{"@type":"ListItem","position":2,"name":"Activit\u00e9s \u00e0 cheval pour les \u00e9coles"}]},{"@type":"WebSite","@id":"https:\/\/arrandeterra.es\/fr\/#website","url":"https:\/\/arrandeterra.es\/fr\/","name":"Arrandeterra,coaching amb cavalls Girona.","description":"Coaching amb cavalls a Girona. Formaci\u00f3 i equinoter\u00e0pia amb cavalls.","potentialAction":[{"@type":"SearchAction","target":{"@type":"EntryPoint","urlTemplate":"https:\/\/arrandeterra.es\/fr\/?s={search_term_string}"},"query-input":{"@type":"PropertyValueSpecification","valueRequired":true,"valueName":"search_term_string"}}],"inLanguage":"fr-FR"}]}},"_links":{"self":[{"href":"https:\/\/arrandeterra.es\/fr\/wp-json\/wp\/v2\/pages\/3973","targetHints":{"allow":["GET"]}}],"collection":[{"href":"https:\/\/arrandeterra.es\/fr\/wp-json\/wp\/v2\/pages"}],"about":[{"href":"https:\/\/arrandeterra.es\/fr\/wp-json\/wp\/v2\/types\/page"}],"author":[{"embeddable":true,"href":"https:\/\/arrandeterra.es\/fr\/wp-json\/wp\/v2\/users\/3"}],"replies":[{"embeddable":true,"href":"https:\/\/arrandeterra.es\/fr\/wp-json\/wp\/v2\/comments?post=3973"}],"version-history":[{"count":5,"href":"https:\/\/arrandeterra.es\/fr\/wp-json\/wp\/v2\/pages\/3973\/revisions"}],"predecessor-version":[{"id":4060,"href":"https:\/\/arrandeterra.es\/fr\/wp-json\/wp\/v2\/pages\/3973\/revisions\/4060"}],"wp:attachment":[{"href":"https:\/\/arrandeterra.es\/fr\/wp-json\/wp\/v2\/media?parent=3973"}],"curies":[{"name":"wp","href":"https:\/\/api.w.org\/{rel}","templated":true}]}}