{"id":4082,"date":"2020-09-17T10:45:25","date_gmt":"2020-09-17T09:45:25","guid":{"rendered":"https:\/\/arrandeterra.es\/avis-legal\/"},"modified":"2024-11-21T11:45:52","modified_gmt":"2024-11-21T10:45:52","slug":"mentions-legales","status":"publish","type":"page","link":"https:\/\/arrandeterra.es\/fr\/mentions-legales\/","title":{"rendered":"Mentions L\u00e9gales"},"content":{"rendered":"<h1 class=\"p1\">Mentions L\u00e9gales<\/h1>\n<h2 class=\"p1\">LOI SUR LES SERVICES DE LA SOCI\u00c9T\u00c9 DE L&rsquo;INFORMATION (LSSI)<\/h2>\n<p class=\"p1\">SERVMADIMED, S.L., responsable du site web, ci-apr\u00e8s RESPONSABLE, met \u00e0 disposition des utilisateurs le pr\u00e9sent document dans le but de se conformer aux obligations \u00e9tablies par la Loi 34\/2002, du 11 juillet, sur les Services de la Soci\u00e9t\u00e9 de l&rsquo;Information et le Commerce \u00c9lectronique (LSSICE), BOE n\u00b0166, ainsi que d\u2019informer tous les utilisateurs du site web des conditions d&rsquo;utilisation.<\/p>\n<p class=\"p1\">Toute personne acc\u00e9dant \u00e0 ce site web assume le r\u00f4le d&rsquo;utilisateur, s&rsquo;engageant \u00e0 respecter strictement les dispositions \u00e9nonc\u00e9es ici, ainsi que toute autre disposition l\u00e9gale applicable.<\/p>\n<p class=\"p1\">SERVMADIMED, S.L. se r\u00e9serve le droit de modifier toute information pouvant appara\u00eetre sur le site web, sans obligation de pr\u00e9avis ou de notification aux utilisateurs, consid\u00e9rant comme suffisante la publication sur le site web de SERVMADIMED, S.L.<\/p>\n<h3 class=\"p1\">Donn\u00e9es d\u2019identification<\/h3>\n<p class=\"p1\">Nom de domaine : https:\/\/arrandeterra.es\/.<\/p>\n<p class=\"p1\">D\u00e9nomination sociale : <span style=\"font-family: Arial, serif;\"><b>ARRANDETERRA<\/b><\/span><\/p>\n<p class=\"p1\">Num\u00e9ro d\u2019identification fiscale (NIF) : <span style=\"font-family: Arial, serif;\"><b>G55089601<\/b><\/span><\/p>\n<p class=\"p1\">Si\u00e8ge social : <span style=\"font-family: Arial, serif;\"><b>Masia Cal Cucut, Km 15, s.n<\/b><\/span><span style=\"font-family: Arial, serif;\">. Brunyola-Vilob\u00ed D\u2019Onyar<\/span><\/p>\n<p class=\"p1\">T\u00e9l\u00e9phone : 669 25 34 87<\/p>\n<p class=\"p1\">Email : <span style=\"font-family: Arial, serif;\">equiparrandeterra@gmail.com<\/span><\/p>\n<h3 class=\"p1\">Droits de Propri\u00e9t\u00e9 Intellectuelle et Industrielle<\/h3>\n<p class=\"p1\">Le site web, incluant mais non limit\u00e9 \u00e0 sa programmation, son \u00e9dition, sa compilation et tous les autres \u00e9l\u00e9ments n\u00e9cessaires \u00e0 son fonctionnement, ses designs, logos, textes et\/ou graphiques, sont la propri\u00e9t\u00e9 du RESPONSABLE ou, le cas \u00e9ch\u00e9ant, disposent d&rsquo;une licence ou d&rsquo;une autorisation expresse des auteurs. Tous les contenus du site web sont d\u00fbment prot\u00e9g\u00e9s par la l\u00e9gislation sur la propri\u00e9t\u00e9 intellectuelle et industrielle, ainsi qu&rsquo;enregistr\u00e9s dans les registres publics correspondants.<\/p>\n<p class=\"p1\">Ind\u00e9pendamment de leur destination, la reproduction totale ou partielle, l&rsquo;utilisation, l&rsquo;exploitation, la distribution et la commercialisation n\u00e9cessitent dans tous les cas l&rsquo;autorisation \u00e9crite pr\u00e9alable du RESPONSABLE. Toute utilisation non autoris\u00e9e est consid\u00e9r\u00e9e comme une violation grave des droits de propri\u00e9t\u00e9 intellectuelle ou industrielle de l&rsquo;auteur.<\/p>\n<p class=\"p1\">Les designs, logos, textes et\/ou graphiques appartenant \u00e0 des tiers et pouvant appara\u00eetre sur le site web appartiennent \u00e0 leurs propri\u00e9taires respectifs, qui sont responsables de tout \u00e9ventuel litige pouvant survenir \u00e0 leur sujet. Le RESPONSABLE autorise express\u00e9ment les tiers \u00e0 rediriger directement vers des contenus sp\u00e9cifiques du site web, et dans tous les cas, vers le site principal https:\/\/arrandeterra.es.<\/p>\n<h3 class=\"p1\">Politique de Liens<\/h3>\n<p class=\"p1\">Depuis ce site web, il est possible d&rsquo;\u00eatre redirig\u00e9 vers des contenus de sites web tiers. \u00c9tant donn\u00e9 que le RESPONSABLE ne peut pas toujours contr\u00f4ler les contenus introduits par des tiers sur leurs sites respectifs, il n&rsquo;assume aucune responsabilit\u00e9 quant \u00e0 ces contenus. En tout \u00e9tat de cause, il proc\u00e9dera \u00e0 la suppression imm\u00e9diate de tout contenu pouvant contrevenir \u00e0 la l\u00e9gislation nationale ou internationale, \u00e0 la moralit\u00e9 ou \u00e0 l&rsquo;ordre public, proc\u00e9dant \u00e0 la suppression imm\u00e9diate de la redirection vers ce site web et signalant le contenu en question aux autorit\u00e9s comp\u00e9tentes.<\/p>\n<p class=\"p1\">Le RESPONSABLE d\u00e9cline toute responsabilit\u00e9 pour les informations et contenus stock\u00e9s, notamment mais non exclusivement, dans les forums, chats, g\u00e9n\u00e9rateurs de blogs, commentaires, r\u00e9seaux sociaux ou tout autre moyen permettant \u00e0 des tiers de publier du contenu de mani\u00e8re ind\u00e9pendante sur le site web du RESPONSABLE. Cependant, conform\u00e9ment aux articles 11 et 16 de la LSSICE, il se tient \u00e0 disposition de tous les utilisateurs, autorit\u00e9s et forces de s\u00e9curit\u00e9, collaborant activement \u00e0 la suppression ou, le cas \u00e9ch\u00e9ant, au blocage de tout contenu pouvant affecter ou contrevenir \u00e0 la l\u00e9gislation nationale ou internationale, aux droits des tiers ou \u00e0 la moralit\u00e9 et \u00e0 l&rsquo;ordre public. Si l&rsquo;utilisateur estime qu&rsquo;il existe sur le site web un contenu susceptible d&rsquo;entrer dans cette cat\u00e9gorie, il est pri\u00e9 de le notifier imm\u00e9diatement \u00e0 l&rsquo;administrateur du site web.<\/p>\n<p class=\"p1\">Ce site web a \u00e9t\u00e9 r\u00e9vis\u00e9 et test\u00e9 pour fonctionner correctement. En principe, son bon fonctionnement peut \u00eatre garanti 365 jours par an, 24 heures sur 24. Cependant, le RESPONSABLE ne peut exclure la possibilit\u00e9 d&rsquo;erreurs de programmation, de causes de force majeure, de catastrophes naturelles, de gr\u00e8ves ou de circonstances similaires rendant l&rsquo;acc\u00e8s au site impossible.<\/p>\n<h3 class=\"p1\">Adresses IP<\/h3>\n<p class=\"p1\">Les serveurs du site web peuvent d\u00e9tecter automatiquement l&rsquo;adresse IP et le nom de domaine utilis\u00e9s par l&rsquo;utilisateur. Une adresse IP est un num\u00e9ro attribu\u00e9 automatiquement \u00e0 un ordinateur lorsqu&rsquo;il se connecte \u00e0 Internet. Toutes ces informations sont enregistr\u00e9es dans un fichier d&rsquo;activit\u00e9 du serveur d\u00fbment inscrit, permettant un traitement ult\u00e9rieur des donn\u00e9es dans le but d&rsquo;obtenir uniquement des mesures statistiques, telles que le nombre d&rsquo;impressions de pages, le nombre de visites sur les serveurs web, l&rsquo;ordre des visites, les points d&rsquo;acc\u00e8s, etc.<\/p>\n<h3 class=\"p1\">Loi Applicable et Juridiction<\/h3>\n<p class=\"p1\">Pour la r\u00e9solution de tous les litiges ou questions li\u00e9s \u00e0 ce site web ou aux activit\u00e9s qui y sont d\u00e9velopp\u00e9es, la l\u00e9gislation espagnole sera applicable, \u00e0 laquelle les parties se soumettent express\u00e9ment, les tribunaux comp\u00e9tents pour la r\u00e9solution de tous les conflits d\u00e9coulant de son utilisation \u00e9tant ceux du domicile de l&rsquo;UTILISATEUR ou du lieu d&rsquo;ex\u00e9cution de l&rsquo;obligation.<\/p>\n","protected":false},"excerpt":{"rendered":"<p>Mentions L\u00e9gales LOI SUR LES SERVICES DE LA SOCI\u00c9T\u00c9 DE L&rsquo;INFORMATION (LSSI) SERVMADIMED, S.L., responsable du site web, ci-apr\u00e8s RESPONSABLE, met \u00e0 disposition des utilisateurs le pr\u00e9sent document dans le but de se conformer aux obligations \u00e9tablies par la Loi 34\/2002, du 11 juillet, sur les Services de la Soci\u00e9t\u00e9 de l&rsquo;Information et le Commerce [&hellip;]<\/p>\n","protected":false},"author":2,"featured_media":0,"parent":0,"menu_order":300,"comment_status":"closed","ping_status":"closed","template":"","meta":{"_et_pb_use_builder":"","_et_pb_old_content":"","_et_gb_content_width":"","footnotes":""},"class_list":["post-4082","page","type-page","status-publish","hentry"],"yoast_head":"<!-- This site is optimized with the Yoast SEO plugin v27.2 - https:\/\/yoast.com\/product\/yoast-seo-wordpress\/ -->\n<title>Mentions L\u00e9gales - Arrandeterra,coaching amb cavalls Girona.<\/title>\n<meta name=\"robots\" content=\"index, follow, max-snippet:-1, max-image-preview:large, max-video-preview:-1\" \/>\n<link rel=\"canonical\" href=\"https:\/\/arrandeterra.es\/fr\/mentions-legales\/\" \/>\n<meta property=\"og:locale\" content=\"fr_FR\" \/>\n<meta property=\"og:type\" content=\"article\" \/>\n<meta property=\"og:title\" content=\"Mentions L\u00e9gales - Arrandeterra,coaching amb cavalls Girona.\" \/>\n<meta property=\"og:description\" content=\"Mentions L\u00e9gales LOI SUR LES SERVICES DE LA SOCI\u00c9T\u00c9 DE L&rsquo;INFORMATION (LSSI) SERVMADIMED, S.L., responsable du site web, ci-apr\u00e8s RESPONSABLE, met \u00e0 disposition des utilisateurs le pr\u00e9sent document dans le but de se conformer aux obligations \u00e9tablies par la Loi 34\/2002, du 11 juillet, sur les Services de la Soci\u00e9t\u00e9 de l&rsquo;Information et le Commerce [&hellip;]\" \/>\n<meta property=\"og:url\" content=\"https:\/\/arrandeterra.es\/fr\/mentions-legales\/\" \/>\n<meta property=\"og:site_name\" content=\"Arrandeterra,coaching amb cavalls Girona.\" \/>\n<meta property=\"article:modified_time\" content=\"2024-11-21T10:45:52+00:00\" \/>\n<meta name=\"twitter:label1\" content=\"Dur\u00e9e de lecture estim\u00e9e\" \/>\n\t<meta name=\"twitter:data1\" content=\"5 minutes\" \/>\n<script type=\"application\/ld+json\" class=\"yoast-schema-graph\">{\"@context\":\"https:\/\/schema.org\",\"@graph\":[{\"@type\":\"WebPage\",\"@id\":\"https:\/\/arrandeterra.es\/fr\/mentions-legales\/\",\"url\":\"https:\/\/arrandeterra.es\/fr\/mentions-legales\/\",\"name\":\"Mentions L\u00e9gales - Arrandeterra,coaching amb cavalls Girona.\",\"isPartOf\":{\"@id\":\"https:\/\/arrandeterra.es\/fr\/#website\"},\"datePublished\":\"2020-09-17T09:45:25+00:00\",\"dateModified\":\"2024-11-21T10:45:52+00:00\",\"breadcrumb\":{\"@id\":\"https:\/\/arrandeterra.es\/fr\/mentions-legales\/#breadcrumb\"},\"inLanguage\":\"fr-FR\",\"potentialAction\":[{\"@type\":\"ReadAction\",\"target\":[\"https:\/\/arrandeterra.es\/fr\/mentions-legales\/\"]}]},{\"@type\":\"BreadcrumbList\",\"@id\":\"https:\/\/arrandeterra.es\/fr\/mentions-legales\/#breadcrumb\",\"itemListElement\":[{\"@type\":\"ListItem\",\"position\":1,\"name\":\"Inici\",\"item\":\"https:\/\/arrandeterra.es\/fr\/\"},{\"@type\":\"ListItem\",\"position\":2,\"name\":\"Mentions L\u00e9gales\"}]},{\"@type\":\"WebSite\",\"@id\":\"https:\/\/arrandeterra.es\/fr\/#website\",\"url\":\"https:\/\/arrandeterra.es\/fr\/\",\"name\":\"Arrandeterra,coaching amb cavalls Girona.\",\"description\":\"Coaching amb cavalls a Girona. Formaci\u00f3 i equinoter\u00e0pia amb cavalls.\",\"potentialAction\":[{\"@type\":\"SearchAction\",\"target\":{\"@type\":\"EntryPoint\",\"urlTemplate\":\"https:\/\/arrandeterra.es\/fr\/?s={search_term_string}\"},\"query-input\":{\"@type\":\"PropertyValueSpecification\",\"valueRequired\":true,\"valueName\":\"search_term_string\"}}],\"inLanguage\":\"fr-FR\"}]}<\/script>\n<!-- \/ Yoast SEO plugin. -->","yoast_head_json":{"title":"Mentions L\u00e9gales - Arrandeterra,coaching amb cavalls Girona.","robots":{"index":"index","follow":"follow","max-snippet":"max-snippet:-1","max-image-preview":"max-image-preview:large","max-video-preview":"max-video-preview:-1"},"canonical":"https:\/\/arrandeterra.es\/fr\/mentions-legales\/","og_locale":"fr_FR","og_type":"article","og_title":"Mentions L\u00e9gales - Arrandeterra,coaching amb cavalls Girona.","og_description":"Mentions L\u00e9gales LOI SUR LES SERVICES DE LA SOCI\u00c9T\u00c9 DE L&rsquo;INFORMATION (LSSI) SERVMADIMED, S.L., responsable du site web, ci-apr\u00e8s RESPONSABLE, met \u00e0 disposition des utilisateurs le pr\u00e9sent document dans le but de se conformer aux obligations \u00e9tablies par la Loi 34\/2002, du 11 juillet, sur les Services de la Soci\u00e9t\u00e9 de l&rsquo;Information et le Commerce [&hellip;]","og_url":"https:\/\/arrandeterra.es\/fr\/mentions-legales\/","og_site_name":"Arrandeterra,coaching amb cavalls Girona.","article_modified_time":"2024-11-21T10:45:52+00:00","twitter_misc":{"Dur\u00e9e de lecture estim\u00e9e":"5 minutes"},"schema":{"@context":"https:\/\/schema.org","@graph":[{"@type":"WebPage","@id":"https:\/\/arrandeterra.es\/fr\/mentions-legales\/","url":"https:\/\/arrandeterra.es\/fr\/mentions-legales\/","name":"Mentions L\u00e9gales - Arrandeterra,coaching amb cavalls Girona.","isPartOf":{"@id":"https:\/\/arrandeterra.es\/fr\/#website"},"datePublished":"2020-09-17T09:45:25+00:00","dateModified":"2024-11-21T10:45:52+00:00","breadcrumb":{"@id":"https:\/\/arrandeterra.es\/fr\/mentions-legales\/#breadcrumb"},"inLanguage":"fr-FR","potentialAction":[{"@type":"ReadAction","target":["https:\/\/arrandeterra.es\/fr\/mentions-legales\/"]}]},{"@type":"BreadcrumbList","@id":"https:\/\/arrandeterra.es\/fr\/mentions-legales\/#breadcrumb","itemListElement":[{"@type":"ListItem","position":1,"name":"Inici","item":"https:\/\/arrandeterra.es\/fr\/"},{"@type":"ListItem","position":2,"name":"Mentions L\u00e9gales"}]},{"@type":"WebSite","@id":"https:\/\/arrandeterra.es\/fr\/#website","url":"https:\/\/arrandeterra.es\/fr\/","name":"Arrandeterra,coaching amb cavalls Girona.","description":"Coaching amb cavalls a Girona. Formaci\u00f3 i equinoter\u00e0pia amb cavalls.","potentialAction":[{"@type":"SearchAction","target":{"@type":"EntryPoint","urlTemplate":"https:\/\/arrandeterra.es\/fr\/?s={search_term_string}"},"query-input":{"@type":"PropertyValueSpecification","valueRequired":true,"valueName":"search_term_string"}}],"inLanguage":"fr-FR"}]}},"_links":{"self":[{"href":"https:\/\/arrandeterra.es\/fr\/wp-json\/wp\/v2\/pages\/4082","targetHints":{"allow":["GET"]}}],"collection":[{"href":"https:\/\/arrandeterra.es\/fr\/wp-json\/wp\/v2\/pages"}],"about":[{"href":"https:\/\/arrandeterra.es\/fr\/wp-json\/wp\/v2\/types\/page"}],"author":[{"embeddable":true,"href":"https:\/\/arrandeterra.es\/fr\/wp-json\/wp\/v2\/users\/2"}],"replies":[{"embeddable":true,"href":"https:\/\/arrandeterra.es\/fr\/wp-json\/wp\/v2\/comments?post=4082"}],"version-history":[{"count":2,"href":"https:\/\/arrandeterra.es\/fr\/wp-json\/wp\/v2\/pages\/4082\/revisions"}],"predecessor-version":[{"id":4087,"href":"https:\/\/arrandeterra.es\/fr\/wp-json\/wp\/v2\/pages\/4082\/revisions\/4087"}],"wp:attachment":[{"href":"https:\/\/arrandeterra.es\/fr\/wp-json\/wp\/v2\/media?parent=4082"}],"curies":[{"name":"wp","href":"https:\/\/api.w.org\/{rel}","templated":true}]}}