{"id":4094,"date":"2024-06-13T17:54:53","date_gmt":"2024-06-13T16:54:53","guid":{"rendered":"https:\/\/arrandeterra.es\/politica-de-privacitat\/"},"modified":"2024-11-21T11:53:26","modified_gmt":"2024-11-21T10:53:26","slug":"politique-de-confidentialite","status":"publish","type":"page","link":"https:\/\/arrandeterra.es\/fr\/politique-de-confidentialite\/","title":{"rendered":"Politique de confidentialit\u00e9"},"content":{"rendered":"<h1 class=\"p1\"><b>Politique de confidentialit\u00e9<\/b><\/h1>\n<h2 class=\"p1\">1. INFORMATIONS POUR L&rsquo;UTILISATEUR<\/h2>\n<p class=\"p1\">Qui est responsable du traitement de vos donn\u00e9es personnelles\u202f?<\/p>\n<p class=\"p1\">ARRANDETERRA est le RESPONSABLE du traitement des donn\u00e9es personnelles de l\u2019UTILISATEUR et informe que ces donn\u00e9es seront trait\u00e9es conform\u00e9ment au R\u00e8glement (UE) 2016\/679 du 27 avril (GDPR) et \u00e0 la Loi Organique 3\/2018 du 5 d\u00e9cembre (LOPDGDD).<\/p>\n<h3 class=\"p1\">Pourquoi traitons-nous vos donn\u00e9es personnelles\u202f?<\/h3>\n<p class=\"p1\">Pour maintenir une relation commerciale avec l\u2019UTILISATEUR. Les op\u00e9rations pr\u00e9vues pour le traitement sont :<\/p>\n<p class=\"p1\">Envoi de communications publicitaires commerciales par email, fax, SMS, MMS, r\u00e9seaux sociaux ou tout autre moyen \u00e9lectronique ou physique, pr\u00e9sent ou futur, permettant la r\u00e9alisation de communications commerciales. Ces communications seront effectu\u00e9es par le RESPONSABLE et concerneront ses produits et services, ou ceux de ses collaborateurs ou fournisseurs, avec lesquels il aurait conclu des accords de promotion. Dans ce cas, les tiers n\u2019auront jamais acc\u00e8s aux donn\u00e9es personnelles.<\/p>\n<p class=\"p1\">R\u00e9alisation d\u2019\u00e9tudes de march\u00e9 et analyses statistiques.<\/p>\n<p class=\"p1\">Traitement des commandes, demandes, r\u00e9ponses aux questions ou tout type de demande effectu\u00e9e par l\u2019UTILISATEUR via les moyens de contact mis \u00e0 disposition sur le site du RESPONSABLE.<\/p>\n<p class=\"p1\">Envoi de la newsletter en ligne sur les nouveaut\u00e9s, offres et promotions li\u00e9es \u00e0 notre activit\u00e9.<\/p>\n<h3 class=\"p1\">Pourquoi sommes-nous autoris\u00e9s \u00e0 traiter vos donn\u00e9es personnelles\u202f?<\/h3>\n<p class=\"p1\">Parce que le traitement est l\u00e9gitim\u00e9 en vertu de l\u2019article 6 du GDPR comme suit :<\/p>\n<p class=\"p1\">Avec le consentement de l\u2019UTILISATEUR : envoi de communications commerciales et de la newsletter.<\/p>\n<p class=\"p1\">Par int\u00e9r\u00eat l\u00e9gitime du RESPONSABLE : r\u00e9alisation d\u2019\u00e9tudes de march\u00e9, analyses statistiques, et traitement des commandes, demandes, etc., \u00e0 la demande de l\u2019UTILISATEUR.<\/p>\n<h2 class=\"p1\">2. PENDANT COMBIEN DE TEMPS CONSERVONS-NOUS VOS DONN\u00c9ES PERSONNELLES\u202f?<\/h2>\n<p class=\"p1\">Elles seront conserv\u00e9es pendant le temps n\u00e9cessaire \u00e0 la finalit\u00e9 du traitement ou conform\u00e9ment aux exigences l\u00e9gales qui en dictent la conservation. Lorsqu\u2019elles ne seront plus n\u00e9cessaires \u00e0 cette fin, elles seront supprim\u00e9es avec des mesures de s\u00e9curit\u00e9 adapt\u00e9es pour garantir l\u2019anonymisation des donn\u00e9es ou leur destruction totale.<\/p>\n<h2 class=\"p1\">3. \u00c0 QUI TRANSMETTONS-NOUS VOS DONN\u00c9ES PERSONNELLES\u202f?<\/h2>\n<p class=\"p1\">Aucune communication de donn\u00e9es personnelles \u00e0 des tiers n\u2019est pr\u00e9vue sauf si cela est n\u00e9cessaire au d\u00e9veloppement et \u00e0 l\u2019ex\u00e9cution des finalit\u00e9s du traitement, \u00e0 nos fournisseurs de services li\u00e9s aux communications, avec lesquels le RESPONSABLE a conclu des contrats de confidentialit\u00e9 et de sous-traitance conformes \u00e0 la r\u00e9glementation en vigueur sur la protection des donn\u00e9es.<\/p>\n<h3 class=\"p1\">Quels sont vos droits\u202f?<\/h3>\n<p class=\"p1\">Les droits de l\u2019UTILISATEUR sont :<\/p>\n<p class=\"p1\">Droit de retirer son consentement \u00e0 tout moment.<\/p>\n<p class=\"p1\">Droit d\u2019acc\u00e8s, de rectification, de portabilit\u00e9 et de suppression de ses donn\u00e9es, ainsi que de limitation ou d\u2019opposition \u00e0 leur traitement.<\/p>\n<p class=\"p1\">Droit de d\u00e9poser une plainte aupr\u00e8s de l\u2019autorit\u00e9 de contr\u00f4le (www.aepd.es) s\u2019il estime que le traitement n\u2019est pas conforme \u00e0 la r\u00e9glementation en vigueur.<\/p>\n<p class=\"p1\">Coordonn\u00e9es pour l\u2019exercice de vos droits :<\/p>\n<p class=\"p1\"><b>Masia Cal Cucut, Km 15, s.n<\/b>. Brunyola-Vilob\u00ed D\u2019Onyar. Email : equiparrandeterra@gmail.com<\/p>\n<h2 class=\"p1\">4. NATURE OBLIGATOIRE OU FACULTATIVE DES INFORMATIONS FOURNIES PAR L\u2019UTILISATEUR<\/h2>\n<p class=\"p1\">Les UTILISATEURS, en cochant les cases correspondantes et en introduisant des donn\u00e9es dans les champs marqu\u00e9s d\u2019un ast\u00e9risque (*) dans les formulaires de contact ou de t\u00e9l\u00e9chargement, acceptent express\u00e9ment, librement et sans \u00e9quivoque que leurs donn\u00e9es sont n\u00e9cessaires pour r\u00e9pondre \u00e0 leur demande, le fournisseur \u00e9tant libre d\u2019inclure des donn\u00e9es dans les autres champs. L\u2019UTILISATEUR garantit que les donn\u00e9es personnelles fournies au RESPONSABLE sont v\u00e9ridiques et est responsable de signaler toute modification de ces derni\u00e8res.<\/p>\n<p class=\"p1\">Le RESPONSABLE informe que toutes les donn\u00e9es demand\u00e9es via le site Web sont obligatoires, car elles sont n\u00e9cessaires pour fournir un service optimal \u00e0 l\u2019UTILISATEUR. Si toutes les donn\u00e9es ne sont pas fournies, il ne peut \u00eatre garanti que les informations et services fournis r\u00e9pondront pleinement \u00e0 vos besoins.<\/p>\n<h2 class=\"p1\">5. MESURES DE S\u00c9CURIT\u00c9<\/h2>\n<p class=\"p1\">Conform\u00e9ment aux r\u00e9glementations en vigueur en mati\u00e8re de protection des donn\u00e9es personnelles, le RESPONSABLE respecte toutes les dispositions des r\u00e9glementations GDPR et LOPDGDD relatives au traitement des donn\u00e9es personnelles sous sa responsabilit\u00e9, et en particulier les principes d\u00e9crits \u00e0 l\u2019article 5 du GDPR, selon lesquels elles sont trait\u00e9es de mani\u00e8re licite, loyale et transparente par rapport \u00e0 la personne concern\u00e9e, et adapt\u00e9es, pertinentes et limit\u00e9es \u00e0 ce qui est n\u00e9cessaire par rapport aux finalit\u00e9s pour lesquelles elles sont trait\u00e9es.<\/p>\n<p class=\"p1\">Le RESPONSABLE garantit avoir mis en \u0153uvre des politiques techniques et organisationnelles appropri\u00e9es pour appliquer les mesures de s\u00e9curit\u00e9 \u00e9tablies par le GDPR et la LOPDGDD afin de prot\u00e9ger les droits et libert\u00e9s des UTILISATEURS et leur a fourni des informations ad\u00e9quates pour exercer ces droits. Pour plus d\u2019informations sur les garanties de confidentialit\u00e9, vous pouvez contacter le RESPONSABLE \u00e0 ARRANDETERRA <b>Masia Cal Cucut, Km 15, s.n<\/b>. Brunyola-Vilob\u00ed D\u2019Onyar. Email : equiparrandeterra@gmail.com<\/p>\n","protected":false},"excerpt":{"rendered":"<p>Politique de confidentialit\u00e9 1. INFORMATIONS POUR L&rsquo;UTILISATEUR Qui est responsable du traitement de vos donn\u00e9es personnelles\u202f? ARRANDETERRA est le RESPONSABLE du traitement des donn\u00e9es personnelles de l\u2019UTILISATEUR et informe que ces donn\u00e9es seront trait\u00e9es conform\u00e9ment au R\u00e8glement (UE) 2016\/679 du 27 avril (GDPR) et \u00e0 la Loi Organique 3\/2018 du 5 d\u00e9cembre (LOPDGDD). Pourquoi traitons-nous [&hellip;]<\/p>\n","protected":false},"author":3,"featured_media":0,"parent":0,"menu_order":300,"comment_status":"closed","ping_status":"closed","template":"","meta":{"_et_pb_use_builder":"","_et_pb_old_content":"","_et_gb_content_width":"","footnotes":""},"class_list":["post-4094","page","type-page","status-publish","hentry"],"yoast_head":"<!-- This site is optimized with the Yoast SEO plugin v27.2 - https:\/\/yoast.com\/product\/yoast-seo-wordpress\/ -->\n<title>Politique de confidentialit\u00e9 - Arrandeterra,coaching amb cavalls Girona.<\/title>\n<meta name=\"robots\" content=\"index, follow, max-snippet:-1, max-image-preview:large, max-video-preview:-1\" \/>\n<link rel=\"canonical\" href=\"https:\/\/arrandeterra.es\/fr\/politique-de-confidentialite\/\" \/>\n<meta property=\"og:locale\" content=\"fr_FR\" \/>\n<meta property=\"og:type\" content=\"article\" \/>\n<meta property=\"og:title\" content=\"Politique de confidentialit\u00e9 - Arrandeterra,coaching amb cavalls Girona.\" \/>\n<meta property=\"og:description\" content=\"Politique de confidentialit\u00e9 1. INFORMATIONS POUR L&rsquo;UTILISATEUR Qui est responsable du traitement de vos donn\u00e9es personnelles\u202f? ARRANDETERRA est le RESPONSABLE du traitement des donn\u00e9es personnelles de l\u2019UTILISATEUR et informe que ces donn\u00e9es seront trait\u00e9es conform\u00e9ment au R\u00e8glement (UE) 2016\/679 du 27 avril (GDPR) et \u00e0 la Loi Organique 3\/2018 du 5 d\u00e9cembre (LOPDGDD). Pourquoi traitons-nous [&hellip;]\" \/>\n<meta property=\"og:url\" content=\"https:\/\/arrandeterra.es\/fr\/politique-de-confidentialite\/\" \/>\n<meta property=\"og:site_name\" content=\"Arrandeterra,coaching amb cavalls Girona.\" \/>\n<meta property=\"article:modified_time\" content=\"2024-11-21T10:53:26+00:00\" \/>\n<meta name=\"twitter:label1\" content=\"Dur\u00e9e de lecture estim\u00e9e\" \/>\n\t<meta name=\"twitter:data1\" content=\"5 minutes\" \/>\n<script type=\"application\/ld+json\" class=\"yoast-schema-graph\">{\"@context\":\"https:\/\/schema.org\",\"@graph\":[{\"@type\":\"WebPage\",\"@id\":\"https:\/\/arrandeterra.es\/fr\/politique-de-confidentialite\/\",\"url\":\"https:\/\/arrandeterra.es\/fr\/politique-de-confidentialite\/\",\"name\":\"Politique de confidentialit\u00e9 - Arrandeterra,coaching amb cavalls Girona.\",\"isPartOf\":{\"@id\":\"https:\/\/arrandeterra.es\/fr\/#website\"},\"datePublished\":\"2024-06-13T16:54:53+00:00\",\"dateModified\":\"2024-11-21T10:53:26+00:00\",\"breadcrumb\":{\"@id\":\"https:\/\/arrandeterra.es\/fr\/politique-de-confidentialite\/#breadcrumb\"},\"inLanguage\":\"fr-FR\",\"potentialAction\":[{\"@type\":\"ReadAction\",\"target\":[\"https:\/\/arrandeterra.es\/fr\/politique-de-confidentialite\/\"]}]},{\"@type\":\"BreadcrumbList\",\"@id\":\"https:\/\/arrandeterra.es\/fr\/politique-de-confidentialite\/#breadcrumb\",\"itemListElement\":[{\"@type\":\"ListItem\",\"position\":1,\"name\":\"Inici\",\"item\":\"https:\/\/arrandeterra.es\/fr\/\"},{\"@type\":\"ListItem\",\"position\":2,\"name\":\"Politique de confidentialit\u00e9\"}]},{\"@type\":\"WebSite\",\"@id\":\"https:\/\/arrandeterra.es\/fr\/#website\",\"url\":\"https:\/\/arrandeterra.es\/fr\/\",\"name\":\"Arrandeterra,coaching amb cavalls Girona.\",\"description\":\"Coaching amb cavalls a Girona. Formaci\u00f3 i equinoter\u00e0pia amb cavalls.\",\"potentialAction\":[{\"@type\":\"SearchAction\",\"target\":{\"@type\":\"EntryPoint\",\"urlTemplate\":\"https:\/\/arrandeterra.es\/fr\/?s={search_term_string}\"},\"query-input\":{\"@type\":\"PropertyValueSpecification\",\"valueRequired\":true,\"valueName\":\"search_term_string\"}}],\"inLanguage\":\"fr-FR\"}]}<\/script>\n<!-- \/ Yoast SEO plugin. -->","yoast_head_json":{"title":"Politique de confidentialit\u00e9 - Arrandeterra,coaching amb cavalls Girona.","robots":{"index":"index","follow":"follow","max-snippet":"max-snippet:-1","max-image-preview":"max-image-preview:large","max-video-preview":"max-video-preview:-1"},"canonical":"https:\/\/arrandeterra.es\/fr\/politique-de-confidentialite\/","og_locale":"fr_FR","og_type":"article","og_title":"Politique de confidentialit\u00e9 - Arrandeterra,coaching amb cavalls Girona.","og_description":"Politique de confidentialit\u00e9 1. INFORMATIONS POUR L&rsquo;UTILISATEUR Qui est responsable du traitement de vos donn\u00e9es personnelles\u202f? ARRANDETERRA est le RESPONSABLE du traitement des donn\u00e9es personnelles de l\u2019UTILISATEUR et informe que ces donn\u00e9es seront trait\u00e9es conform\u00e9ment au R\u00e8glement (UE) 2016\/679 du 27 avril (GDPR) et \u00e0 la Loi Organique 3\/2018 du 5 d\u00e9cembre (LOPDGDD). Pourquoi traitons-nous [&hellip;]","og_url":"https:\/\/arrandeterra.es\/fr\/politique-de-confidentialite\/","og_site_name":"Arrandeterra,coaching amb cavalls Girona.","article_modified_time":"2024-11-21T10:53:26+00:00","twitter_misc":{"Dur\u00e9e de lecture estim\u00e9e":"5 minutes"},"schema":{"@context":"https:\/\/schema.org","@graph":[{"@type":"WebPage","@id":"https:\/\/arrandeterra.es\/fr\/politique-de-confidentialite\/","url":"https:\/\/arrandeterra.es\/fr\/politique-de-confidentialite\/","name":"Politique de confidentialit\u00e9 - Arrandeterra,coaching amb cavalls Girona.","isPartOf":{"@id":"https:\/\/arrandeterra.es\/fr\/#website"},"datePublished":"2024-06-13T16:54:53+00:00","dateModified":"2024-11-21T10:53:26+00:00","breadcrumb":{"@id":"https:\/\/arrandeterra.es\/fr\/politique-de-confidentialite\/#breadcrumb"},"inLanguage":"fr-FR","potentialAction":[{"@type":"ReadAction","target":["https:\/\/arrandeterra.es\/fr\/politique-de-confidentialite\/"]}]},{"@type":"BreadcrumbList","@id":"https:\/\/arrandeterra.es\/fr\/politique-de-confidentialite\/#breadcrumb","itemListElement":[{"@type":"ListItem","position":1,"name":"Inici","item":"https:\/\/arrandeterra.es\/fr\/"},{"@type":"ListItem","position":2,"name":"Politique de confidentialit\u00e9"}]},{"@type":"WebSite","@id":"https:\/\/arrandeterra.es\/fr\/#website","url":"https:\/\/arrandeterra.es\/fr\/","name":"Arrandeterra,coaching amb cavalls Girona.","description":"Coaching amb cavalls a Girona. Formaci\u00f3 i equinoter\u00e0pia amb cavalls.","potentialAction":[{"@type":"SearchAction","target":{"@type":"EntryPoint","urlTemplate":"https:\/\/arrandeterra.es\/fr\/?s={search_term_string}"},"query-input":{"@type":"PropertyValueSpecification","valueRequired":true,"valueName":"search_term_string"}}],"inLanguage":"fr-FR"}]}},"_links":{"self":[{"href":"https:\/\/arrandeterra.es\/fr\/wp-json\/wp\/v2\/pages\/4094","targetHints":{"allow":["GET"]}}],"collection":[{"href":"https:\/\/arrandeterra.es\/fr\/wp-json\/wp\/v2\/pages"}],"about":[{"href":"https:\/\/arrandeterra.es\/fr\/wp-json\/wp\/v2\/types\/page"}],"author":[{"embeddable":true,"href":"https:\/\/arrandeterra.es\/fr\/wp-json\/wp\/v2\/users\/3"}],"replies":[{"embeddable":true,"href":"https:\/\/arrandeterra.es\/fr\/wp-json\/wp\/v2\/comments?post=4094"}],"version-history":[{"count":2,"href":"https:\/\/arrandeterra.es\/fr\/wp-json\/wp\/v2\/pages\/4094\/revisions"}],"predecessor-version":[{"id":4099,"href":"https:\/\/arrandeterra.es\/fr\/wp-json\/wp\/v2\/pages\/4094\/revisions\/4099"}],"wp:attachment":[{"href":"https:\/\/arrandeterra.es\/fr\/wp-json\/wp\/v2\/media?parent=4094"}],"curies":[{"name":"wp","href":"https:\/\/api.w.org\/{rel}","templated":true}]}}